{"id":1336,"date":"2024-10-29T13:35:42","date_gmt":"2024-10-29T13:35:42","guid":{"rendered":"https:\/\/alles-ueber-riffe.de\/?page_id=1336"},"modified":"2024-10-29T13:35:42","modified_gmt":"2024-10-29T13:35:42","slug":"alles-ueber-himmelsgucker","status":"publish","type":"page","link":"https:\/\/alles-ueber-riffe.de\/?page_id=1336","title":{"rendered":"Alles \u00fcber Himmelsgucker"},"content":{"rendered":"\n<p>Fast alles ist bei den Himmelsguckern nach oben ausgerichtet: Die Augen und das gro\u00dfe, mit zahlreichen Z\u00e4hnen best\u00fcckte Maul. Damit kann sich der Lauerj\u00e4ger vollst\u00e4ndig im Sand eingraben und trotzdem nach Beute Ausschau halten und fressen. Die Beute besteht vorwiegend aus Fischen.&nbsp;<\/p>\n\n\n\n<p>Zur Verteidigung besitzen Himmelsgucker einen Giftstachel hinter den Kiemen. Manche Arten k\u00f6nnen auch Stromschl\u00e4ge austeilen. Diese elektrische Energie wird mit Muskeln erzeugt, die sich urspr\u00fcnglich aus den Augenmuskeln entwickelt haben. Damit geh\u00f6ren sie zu den ganz wenigen Meeresfischen, die diese F\u00e4higkeit besitzen.<\/p>\n\n\n\n<p>51 Arten in acht Gattungen sind beschrieben.<\/p>\n\n\n\n<p>Himmelsgucker leben in den subtropischen und tropischen Bereichen aller Ozeane.<\/p>\n","protected":false},"excerpt":{"rendered":"<p>Fast alles ist bei den Himmelsguckern nach oben ausgerichtet: Die Augen und das gro\u00dfe, mit zahlreichen Z\u00e4hnen best\u00fcckte Maul. Damit kann sich der Lauerj\u00e4ger vollst\u00e4ndig im Sand eingraben und trotzdem nach Beute Ausschau halten und fressen. Die Beute besteht vorwiegend aus Fischen.&nbsp; Zur Verteidigung besitzen Himmelsgucker einen Giftstachel hinter den Kiemen. Manche Arten k\u00f6nnen auch &hellip; <\/p>\n<p class=\"link-more\"><a href=\"https:\/\/alles-ueber-riffe.de\/?page_id=1336\" class=\"more-link\"><span class=\"screen-reader-text\">\u201eAlles \u00fcber Himmelsgucker\u201c<\/span> weiterlesen<\/a><\/p>\n","protected":false},"author":1,"featured_media":0,"parent":0,"menu_order":0,"comment_status":"closed","ping_status":"closed","template":"","meta":{"footnotes":""},"class_list":["post-1336","page","type-page","status-publish","hentry"],"_links":{"self":[{"href":"https:\/\/alles-ueber-riffe.de\/index.php?rest_route=\/wp\/v2\/pages\/1336","targetHints":{"allow":["GET"]}}],"collection":[{"href":"https:\/\/alles-ueber-riffe.de\/index.php?rest_route=\/wp\/v2\/pages"}],"about":[{"href":"https:\/\/alles-ueber-riffe.de\/index.php?rest_route=\/wp\/v2\/types\/page"}],"author":[{"embeddable":true,"href":"https:\/\/alles-ueber-riffe.de\/index.php?rest_route=\/wp\/v2\/users\/1"}],"replies":[{"embeddable":true,"href":"https:\/\/alles-ueber-riffe.de\/index.php?rest_route=%2Fwp%2Fv2%2Fcomments&post=1336"}],"version-history":[{"count":1,"href":"https:\/\/alles-ueber-riffe.de\/index.php?rest_route=\/wp\/v2\/pages\/1336\/revisions"}],"predecessor-version":[{"id":1337,"href":"https:\/\/alles-ueber-riffe.de\/index.php?rest_route=\/wp\/v2\/pages\/1336\/revisions\/1337"}],"wp:attachment":[{"href":"https:\/\/alles-ueber-riffe.de\/index.php?rest_route=%2Fwp%2Fv2%2Fmedia&parent=1336"}],"curies":[{"name":"wp","href":"https:\/\/api.w.org\/{rel}","templated":true}]}}