{"id":1334,"date":"2024-10-29T13:35:14","date_gmt":"2024-10-29T13:35:14","guid":{"rendered":"https:\/\/alles-ueber-riffe.de\/?page_id=1334"},"modified":"2024-10-29T13:35:14","modified_gmt":"2024-10-29T13:35:14","slug":"alles-ueber-halfterfische","status":"publish","type":"page","link":"https:\/\/alles-ueber-riffe.de\/?page_id=1334","title":{"rendered":"Alles \u00fcber Halfterfische"},"content":{"rendered":"\n<p>Der ber\u00fchmteste Halfterfisch ist Khan, aus \u201eFindet Nemo\u201c. Er spielt den rebellischen und erfahrenen Wildfang, der Nemo zur Flucht aus dem Aquarium verhilft.&nbsp;<\/p>\n\n\n\n<p>Die Gattung der Halfterfische besteht nur aus einer Familie und zu dieser geh\u00f6rt nur eine einzige Art: Der Halfterfisch (Zanclus cornutu). Er hat eine enorme Verbreitung: Man findet ihn im gesamten Indopazifik von der K\u00fcste Ostafrikas bis zur K\u00fcste S\u00fcdamerikas. Das bedeutet, dass sich die juvenilen Halfterfische als Meeresplankton lange mit den Str\u00f6mungen durch den Ozean treiben lassen und sehr anpassungsf\u00e4hig und robust sind.&nbsp;<\/p>\n\n\n\n<p>Halfterfische treten meistens paarweise auf und ern\u00e4hren sich von sesshaften Wirbellosen. Man verwechselt sie leicht mit den Wimpelfischen, denn sowohl die Gr\u00f6\u00dfe, als auch Form und Zeichnung sind sehr \u00e4hnlich. Sie sind aber nicht mit ihnen verwandt, sondern mit den Doktorfischen. Halfterfische besitzten ein spitzeres Maul.<\/p>\n\n\n\n<p>Eine einzige Art ist beschrieben.<\/p>\n\n\n\n<p>Halfterfische leben in den subtropischen und tropischen Bereichen des gesamten Pazifik.<\/p>\n","protected":false},"excerpt":{"rendered":"<p>Der ber\u00fchmteste Halfterfisch ist Khan, aus \u201eFindet Nemo\u201c. Er spielt den rebellischen und erfahrenen Wildfang, der Nemo zur Flucht aus dem Aquarium verhilft.&nbsp; Die Gattung der Halfterfische besteht nur aus einer Familie und zu dieser geh\u00f6rt nur eine einzige Art: Der Halfterfisch (Zanclus cornutu). Er hat eine enorme Verbreitung: Man findet ihn im gesamten Indopazifik &hellip; <\/p>\n<p class=\"link-more\"><a href=\"https:\/\/alles-ueber-riffe.de\/?page_id=1334\" class=\"more-link\"><span class=\"screen-reader-text\">\u201eAlles \u00fcber Halfterfische\u201c<\/span> weiterlesen<\/a><\/p>\n","protected":false},"author":1,"featured_media":0,"parent":0,"menu_order":0,"comment_status":"closed","ping_status":"closed","template":"","meta":{"footnotes":""},"class_list":["post-1334","page","type-page","status-publish","hentry"],"_links":{"self":[{"href":"https:\/\/alles-ueber-riffe.de\/index.php?rest_route=\/wp\/v2\/pages\/1334","targetHints":{"allow":["GET"]}}],"collection":[{"href":"https:\/\/alles-ueber-riffe.de\/index.php?rest_route=\/wp\/v2\/pages"}],"about":[{"href":"https:\/\/alles-ueber-riffe.de\/index.php?rest_route=\/wp\/v2\/types\/page"}],"author":[{"embeddable":true,"href":"https:\/\/alles-ueber-riffe.de\/index.php?rest_route=\/wp\/v2\/users\/1"}],"replies":[{"embeddable":true,"href":"https:\/\/alles-ueber-riffe.de\/index.php?rest_route=%2Fwp%2Fv2%2Fcomments&post=1334"}],"version-history":[{"count":1,"href":"https:\/\/alles-ueber-riffe.de\/index.php?rest_route=\/wp\/v2\/pages\/1334\/revisions"}],"predecessor-version":[{"id":1335,"href":"https:\/\/alles-ueber-riffe.de\/index.php?rest_route=\/wp\/v2\/pages\/1334\/revisions\/1335"}],"wp:attachment":[{"href":"https:\/\/alles-ueber-riffe.de\/index.php?rest_route=%2Fwp%2Fv2%2Fmedia&parent=1334"}],"curies":[{"name":"wp","href":"https:\/\/api.w.org\/{rel}","templated":true}]}}