{"id":1330,"date":"2024-10-29T13:34:10","date_gmt":"2024-10-29T13:34:10","guid":{"rendered":"https:\/\/alles-ueber-riffe.de\/?page_id=1330"},"modified":"2024-10-29T13:34:10","modified_gmt":"2024-10-29T13:34:10","slug":"alles-ueber-grossaugenbarsche","status":"publish","type":"page","link":"https:\/\/alles-ueber-riffe.de\/?page_id=1330","title":{"rendered":"Alles \u00fcber Gro\u00dfaugenbarsche"},"content":{"rendered":"\n<p>Die gro\u00dfen Augen und die rote Farbe verraten gleich, dass es sich um nachtaktive Fische handelt. Tags\u00fcber findet man sie meistens in H\u00f6hlen und Riffspalten, die sie sich mit anderen Arten teilen. Die meisten Arten bekommt man als Taucher aber kaum zu sehen, da sie sich in gr\u00f6\u00dferen Tiefen aufhalten. Gro\u00dfaugenbarsche sind J\u00e4ger.&nbsp;<\/p>\n\n\n\n<p>19 Arten in vier Gattungen sind beschrieben.<\/p>\n\n\n\n<p>Sie leben in den subtropischen und tropischen Bereichen aller Ozeane.<\/p>\n","protected":false},"excerpt":{"rendered":"<p>Die gro\u00dfen Augen und die rote Farbe verraten gleich, dass es sich um nachtaktive Fische handelt. Tags\u00fcber findet man sie meistens in H\u00f6hlen und Riffspalten, die sie sich mit anderen Arten teilen. Die meisten Arten bekommt man als Taucher aber kaum zu sehen, da sie sich in gr\u00f6\u00dferen Tiefen aufhalten. Gro\u00dfaugenbarsche sind J\u00e4ger.&nbsp; 19 Arten &hellip; <\/p>\n<p class=\"link-more\"><a href=\"https:\/\/alles-ueber-riffe.de\/?page_id=1330\" class=\"more-link\"><span class=\"screen-reader-text\">\u201eAlles \u00fcber Gro\u00dfaugenbarsche\u201c<\/span> weiterlesen<\/a><\/p>\n","protected":false},"author":1,"featured_media":0,"parent":0,"menu_order":0,"comment_status":"closed","ping_status":"closed","template":"","meta":{"footnotes":""},"class_list":["post-1330","page","type-page","status-publish","hentry"],"_links":{"self":[{"href":"https:\/\/alles-ueber-riffe.de\/index.php?rest_route=\/wp\/v2\/pages\/1330","targetHints":{"allow":["GET"]}}],"collection":[{"href":"https:\/\/alles-ueber-riffe.de\/index.php?rest_route=\/wp\/v2\/pages"}],"about":[{"href":"https:\/\/alles-ueber-riffe.de\/index.php?rest_route=\/wp\/v2\/types\/page"}],"author":[{"embeddable":true,"href":"https:\/\/alles-ueber-riffe.de\/index.php?rest_route=\/wp\/v2\/users\/1"}],"replies":[{"embeddable":true,"href":"https:\/\/alles-ueber-riffe.de\/index.php?rest_route=%2Fwp%2Fv2%2Fcomments&post=1330"}],"version-history":[{"count":1,"href":"https:\/\/alles-ueber-riffe.de\/index.php?rest_route=\/wp\/v2\/pages\/1330\/revisions"}],"predecessor-version":[{"id":1331,"href":"https:\/\/alles-ueber-riffe.de\/index.php?rest_route=\/wp\/v2\/pages\/1330\/revisions\/1331"}],"wp:attachment":[{"href":"https:\/\/alles-ueber-riffe.de\/index.php?rest_route=%2Fwp%2Fv2%2Fmedia&parent=1330"}],"curies":[{"name":"wp","href":"https:\/\/api.w.org\/{rel}","templated":true}]}}