{"id":1326,"date":"2024-10-29T13:33:10","date_gmt":"2024-10-29T13:33:10","guid":{"rendered":"https:\/\/alles-ueber-riffe.de\/?page_id=1326"},"modified":"2024-10-29T13:33:10","modified_gmt":"2024-10-29T13:33:10","slug":"alles-ueber-geisterpfeifenfische","status":"publish","type":"page","link":"https:\/\/alles-ueber-riffe.de\/?page_id=1326","title":{"rendered":"Alles \u00fcber Geisterpfeifenfische"},"content":{"rendered":"\n<p>Geisterpfeifenfische opferten alles, was nach unseren Vorstellungen einen Fisch ausmacht, um f\u00fcr andere unsichtbar zu sein. Als Meister der Tarnung ahmen sie mit ihrem \u00c4u\u00dferen ihre Umgebung nach. Mal sehen sie aus und bewegen sich wie eine abgerissenes Seegrasblatt,<em>&nbsp;<\/em>andere kann man kaum vom&nbsp;Arm eines Federsterns unterscheiden. Ihre Flossen eigenen sich lediglich zum Man\u00f6vrieren auf der Stelle und zum langsamen Fortbewegen.<\/p>\n\n\n\n<p>Meistens treten sie paarweise auf. Das gr\u00f6\u00dfere Tier ist immer weiblich.<\/p>\n\n\n\n<p>Diese skurrilen Fische geh\u00f6ren zur Familie der Seenadeln (Syngnathidae).<\/p>\n\n\n\n<p>Das Weibchen br\u00fctet die Eier zwischen den Bauchflossen aus. Sind die Jungen geschl\u00fcpft, endet die F\u00fcrsorge. Sofort sind die Kleinen auf sich alleine gestellt und wandern zun\u00e4chst als Plankton durch den Ozean.<\/p>\n\n\n\n<p>Geisterpfeifenfische fressen selbst Plankton. Ganz langsam schweben sie auf ihre Beute zu und erzeugen mit Hilfe von Muskelkraft einen starken Sog, der die Beute blitzschnell in das kleine, r\u00f6hrenf\u00f6rmige Maul hineinzieht.<\/p>\n\n\n\n<p>Sechs Arten sind beschrieben. Sie geh\u00f6ren alle zu einer Gattung.<\/p>\n\n\n\n<p>Geisterpfeifenfische leben nur im tropischen Indopazifik.<\/p>\n","protected":false},"excerpt":{"rendered":"<p>Geisterpfeifenfische opferten alles, was nach unseren Vorstellungen einen Fisch ausmacht, um f\u00fcr andere unsichtbar zu sein. Als Meister der Tarnung ahmen sie mit ihrem \u00c4u\u00dferen ihre Umgebung nach. Mal sehen sie aus und bewegen sich wie eine abgerissenes Seegrasblatt,&nbsp;andere kann man kaum vom&nbsp;Arm eines Federsterns unterscheiden. Ihre Flossen eigenen sich lediglich zum Man\u00f6vrieren auf der &hellip; <\/p>\n<p class=\"link-more\"><a href=\"https:\/\/alles-ueber-riffe.de\/?page_id=1326\" class=\"more-link\"><span class=\"screen-reader-text\">\u201eAlles \u00fcber Geisterpfeifenfische\u201c<\/span> weiterlesen<\/a><\/p>\n","protected":false},"author":1,"featured_media":0,"parent":0,"menu_order":0,"comment_status":"closed","ping_status":"closed","template":"","meta":{"footnotes":""},"class_list":["post-1326","page","type-page","status-publish","hentry"],"_links":{"self":[{"href":"https:\/\/alles-ueber-riffe.de\/index.php?rest_route=\/wp\/v2\/pages\/1326","targetHints":{"allow":["GET"]}}],"collection":[{"href":"https:\/\/alles-ueber-riffe.de\/index.php?rest_route=\/wp\/v2\/pages"}],"about":[{"href":"https:\/\/alles-ueber-riffe.de\/index.php?rest_route=\/wp\/v2\/types\/page"}],"author":[{"embeddable":true,"href":"https:\/\/alles-ueber-riffe.de\/index.php?rest_route=\/wp\/v2\/users\/1"}],"replies":[{"embeddable":true,"href":"https:\/\/alles-ueber-riffe.de\/index.php?rest_route=%2Fwp%2Fv2%2Fcomments&post=1326"}],"version-history":[{"count":1,"href":"https:\/\/alles-ueber-riffe.de\/index.php?rest_route=\/wp\/v2\/pages\/1326\/revisions"}],"predecessor-version":[{"id":1327,"href":"https:\/\/alles-ueber-riffe.de\/index.php?rest_route=\/wp\/v2\/pages\/1326\/revisions\/1327"}],"wp:attachment":[{"href":"https:\/\/alles-ueber-riffe.de\/index.php?rest_route=%2Fwp%2Fv2%2Fmedia&parent=1326"}],"curies":[{"name":"wp","href":"https:\/\/api.w.org\/{rel}","templated":true}]}}