{"id":1324,"date":"2024-10-29T13:32:35","date_gmt":"2024-10-29T13:32:35","guid":{"rendered":"https:\/\/alles-ueber-riffe.de\/?page_id=1324"},"modified":"2024-10-29T13:32:35","modified_gmt":"2024-10-29T13:32:35","slug":"alles-ueber-fuesiliere","status":"publish","type":"page","link":"https:\/\/alles-ueber-riffe.de\/?page_id=1324","title":{"rendered":"Alles \u00fcber F\u00fcsiliere"},"content":{"rendered":"\n<p>F\u00fcsiliere bilden einen gro\u00dfen und wichtigen Anteil der Biomasse im freien Wasser der tropischen Korallenriffe. Manche Schw\u00e4rme k\u00f6nnen hunderttausende von Individuen enthalten. Auf Grund ihrer geringen Gr\u00f6\u00dfe, die im Schnitt um die 15 bis 20 cm liegt, sind sie eine<em>&nbsp;<\/em>bedeutende Nahrungsgrundlage f\u00fcr die gro\u00dfen R\u00e4uber: Makrelen, Zackenbarsche und Thunfische. Werden sie gejagt formieren sich die F\u00fcsiliere ganz eng, und ihre Bewegungen sind absolut synchron. Beim Fressen von Zooplankton bilden sie nur lockere Verb\u00e4nde, und jedes Individuum bewegt sich individuell. F\u00fcsiliere k\u00f6nnen ihr nach oben zeigendes Maul ausst\u00fclpen. Besonders an Putzerstationen kann man das gut beobachten.<\/p>\n\n\n\n<p>Die tagaktiven F\u00fcsiliere verstecken sich nachts in Riffspalten, und viele Arten \u00e4ndern ihre Farbe zu einem im Wasser unsichtbaren Rot. F\u00fcsiliere laichen im Freiwasser oder am Boden. Ihre Larven leben pelagisch als Teil des Planktons. Erreichen sie die Geschlechtsreife, sind alle F\u00fcsiliere zun\u00e4chst Weibchen. Sp\u00e4ter wandelt sich die H\u00e4lfte davon in M\u00e4nnchen um.<\/p>\n\n\n\n<p>23 Arten in vier Gattungen sind beschrieben.<\/p>\n\n\n\n<p>F\u00fcsiliere leben in den subtropischen und tropischen Bereichen des Indopazifik. Im Atlantik kommen sie nicht vor.<\/p>\n","protected":false},"excerpt":{"rendered":"<p>F\u00fcsiliere bilden einen gro\u00dfen und wichtigen Anteil der Biomasse im freien Wasser der tropischen Korallenriffe. Manche Schw\u00e4rme k\u00f6nnen hunderttausende von Individuen enthalten. Auf Grund ihrer geringen Gr\u00f6\u00dfe, die im Schnitt um die 15 bis 20 cm liegt, sind sie eine&nbsp;bedeutende Nahrungsgrundlage f\u00fcr die gro\u00dfen R\u00e4uber: Makrelen, Zackenbarsche und Thunfische. Werden sie gejagt formieren sich die &hellip; <\/p>\n<p class=\"link-more\"><a href=\"https:\/\/alles-ueber-riffe.de\/?page_id=1324\" class=\"more-link\"><span class=\"screen-reader-text\">\u201eAlles \u00fcber F\u00fcsiliere\u201c<\/span> weiterlesen<\/a><\/p>\n","protected":false},"author":1,"featured_media":0,"parent":0,"menu_order":0,"comment_status":"closed","ping_status":"closed","template":"","meta":{"footnotes":""},"class_list":["post-1324","page","type-page","status-publish","hentry"],"_links":{"self":[{"href":"https:\/\/alles-ueber-riffe.de\/index.php?rest_route=\/wp\/v2\/pages\/1324","targetHints":{"allow":["GET"]}}],"collection":[{"href":"https:\/\/alles-ueber-riffe.de\/index.php?rest_route=\/wp\/v2\/pages"}],"about":[{"href":"https:\/\/alles-ueber-riffe.de\/index.php?rest_route=\/wp\/v2\/types\/page"}],"author":[{"embeddable":true,"href":"https:\/\/alles-ueber-riffe.de\/index.php?rest_route=\/wp\/v2\/users\/1"}],"replies":[{"embeddable":true,"href":"https:\/\/alles-ueber-riffe.de\/index.php?rest_route=%2Fwp%2Fv2%2Fcomments&post=1324"}],"version-history":[{"count":1,"href":"https:\/\/alles-ueber-riffe.de\/index.php?rest_route=\/wp\/v2\/pages\/1324\/revisions"}],"predecessor-version":[{"id":1325,"href":"https:\/\/alles-ueber-riffe.de\/index.php?rest_route=\/wp\/v2\/pages\/1324\/revisions\/1325"}],"wp:attachment":[{"href":"https:\/\/alles-ueber-riffe.de\/index.php?rest_route=%2Fwp%2Fv2%2Fmedia&parent=1324"}],"curies":[{"name":"wp","href":"https:\/\/api.w.org\/{rel}","templated":true}]}}