{"id":1322,"date":"2024-10-29T13:32:06","date_gmt":"2024-10-29T13:32:06","guid":{"rendered":"https:\/\/alles-ueber-riffe.de\/?page_id=1322"},"modified":"2024-10-29T13:32:06","modified_gmt":"2024-10-29T13:32:06","slug":"alles-ueber-flughaehne","status":"publish","type":"page","link":"https:\/\/alles-ueber-riffe.de\/?page_id=1322","title":{"rendered":"Alles \u00fcber Flugh\u00e4hne"},"content":{"rendered":"\n<p>Klappen Flugh\u00e4hne bei der Flucht ihre Brustflossen aus, so verf\u00fcnfzehnfacht sich optisch ihr K\u00f6rpervolumen. Der schmale, l\u00e4ngliche<em>&nbsp;<\/em>und unscheinbare, am Sandboden lebende Fisch verwandelt sich pl\u00f6tzlich in einen Schmetterling, bzw. wegen seiner Gr\u00f6\u00dfe bis zu 25 cm zu einem Riesenfalter. Doch nicht nur die Brustflossen sind sehr au\u00dfergew\u00f6hnlich, auch die Bauchflossen. Mit diesen kann der Fisch \u00fcber den Boden laufen und nach seiner Beute suchen: kleine Wirbellose. Das alles macht<em>&nbsp;<\/em>Flugh\u00e4hne schon zu au\u00dfergew\u00f6hnlichen Fischen. Dass sie dazu noch mit einem Muskel auf die Schwimmblase trommeln k\u00f6nnen und Ger\u00e4usche erzeugen, ist das T\u00fcpfelchen auf dem i.<\/p>\n\n\n\n<p>Sieben Arten in zwei Gattungen sind beschrieben.<\/p>\n\n\n\n<p>Sechs Arten leben in den subtropischen und tropischen Bereichen des Indopazifik, eine Art im Atlantik.<\/p>\n","protected":false},"excerpt":{"rendered":"<p>Klappen Flugh\u00e4hne bei der Flucht ihre Brustflossen aus, so verf\u00fcnfzehnfacht sich optisch ihr K\u00f6rpervolumen. Der schmale, l\u00e4ngliche&nbsp;und unscheinbare, am Sandboden lebende Fisch verwandelt sich pl\u00f6tzlich in einen Schmetterling, bzw. wegen seiner Gr\u00f6\u00dfe bis zu 25 cm zu einem Riesenfalter. Doch nicht nur die Brustflossen sind sehr au\u00dfergew\u00f6hnlich, auch die Bauchflossen. Mit diesen kann der Fisch &hellip; <\/p>\n<p class=\"link-more\"><a href=\"https:\/\/alles-ueber-riffe.de\/?page_id=1322\" class=\"more-link\"><span class=\"screen-reader-text\">\u201eAlles \u00fcber Flugh\u00e4hne\u201c<\/span> weiterlesen<\/a><\/p>\n","protected":false},"author":1,"featured_media":0,"parent":0,"menu_order":0,"comment_status":"closed","ping_status":"closed","template":"","meta":{"footnotes":""},"class_list":["post-1322","page","type-page","status-publish","hentry"],"_links":{"self":[{"href":"https:\/\/alles-ueber-riffe.de\/index.php?rest_route=\/wp\/v2\/pages\/1322","targetHints":{"allow":["GET"]}}],"collection":[{"href":"https:\/\/alles-ueber-riffe.de\/index.php?rest_route=\/wp\/v2\/pages"}],"about":[{"href":"https:\/\/alles-ueber-riffe.de\/index.php?rest_route=\/wp\/v2\/types\/page"}],"author":[{"embeddable":true,"href":"https:\/\/alles-ueber-riffe.de\/index.php?rest_route=\/wp\/v2\/users\/1"}],"replies":[{"embeddable":true,"href":"https:\/\/alles-ueber-riffe.de\/index.php?rest_route=%2Fwp%2Fv2%2Fcomments&post=1322"}],"version-history":[{"count":1,"href":"https:\/\/alles-ueber-riffe.de\/index.php?rest_route=\/wp\/v2\/pages\/1322\/revisions"}],"predecessor-version":[{"id":1323,"href":"https:\/\/alles-ueber-riffe.de\/index.php?rest_route=\/wp\/v2\/pages\/1322\/revisions\/1323"}],"wp:attachment":[{"href":"https:\/\/alles-ueber-riffe.de\/index.php?rest_route=%2Fwp%2Fv2%2Fmedia&parent=1322"}],"curies":[{"name":"wp","href":"https:\/\/api.w.org\/{rel}","templated":true}]}}