{"id":1320,"date":"2024-10-29T13:31:38","date_gmt":"2024-10-29T13:31:38","guid":{"rendered":"https:\/\/alles-ueber-riffe.de\/?page_id=1320"},"modified":"2024-10-29T13:31:38","modified_gmt":"2024-10-29T13:31:38","slug":"alles-ueber-fluegelrossfische","status":"publish","type":"page","link":"https:\/\/alles-ueber-riffe.de\/?page_id=1320","title":{"rendered":"Alles \u00fcber Fl\u00fcgelrossfische"},"content":{"rendered":"\n<p>Als die Evolution den Fl\u00fcgelrossfisch schuf, konnte sie sich nicht entscheiden: Sollte es ein Kofferfisch, eine Spitzmaus oder eine Motte werden? Und so hat dieses seltsame Lebewesen von allem etwas: Einen Knochenpanzer wie eine Kofferfisch, Brustflossen, die an Mottenfl\u00fcgel erinnern, und einen Kopf mit einem Maul wie eine Spitzmaus. Der Familienname nach dem Wesen aus der griechischen Mythologie, Pegasos passt somit perfekt. Auch er ist ein Mischwesen: Ein Pferd mit Fl\u00fcgeln wie ein Vogel.<\/p>\n\n\n\n<p>Als ausgesprochen schlechte Schwimmer leben diese Fische, bevorzugt paarweise, auf dem Sandboden zwischen den Korallenbl\u00f6cken. Die M\u00e4nnchen sind etwas gr\u00f6\u00dfer als die Weibchen und sie umwerben diese mit einem unbeholfen wirkenden Tanz, bei dem sie immer wieder auf deren R\u00fccken schwimmen. Fl\u00fcgelrossfische saugen mit ihrem kleinen, spitzen Maul kleine Wirbellose ein, weshalb man sie heute auch zu der Ordnung der Seenadelartigen z\u00e4hlt.<\/p>\n\n\n\n<p>F\u00fcnf Arten in zwei Gattungen sind beschrieben.<\/p>\n\n\n\n<p>Fl\u00fcgelrossfische leben in den tropischen Bereichen des gesamten Pazifik.<\/p>\n","protected":false},"excerpt":{"rendered":"<p>Als die Evolution den Fl\u00fcgelrossfisch schuf, konnte sie sich nicht entscheiden: Sollte es ein Kofferfisch, eine Spitzmaus oder eine Motte werden? Und so hat dieses seltsame Lebewesen von allem etwas: Einen Knochenpanzer wie eine Kofferfisch, Brustflossen, die an Mottenfl\u00fcgel erinnern, und einen Kopf mit einem Maul wie eine Spitzmaus. Der Familienname nach dem Wesen aus &hellip; <\/p>\n<p class=\"link-more\"><a href=\"https:\/\/alles-ueber-riffe.de\/?page_id=1320\" class=\"more-link\"><span class=\"screen-reader-text\">\u201eAlles \u00fcber Fl\u00fcgelrossfische\u201c<\/span> weiterlesen<\/a><\/p>\n","protected":false},"author":1,"featured_media":0,"parent":0,"menu_order":0,"comment_status":"closed","ping_status":"closed","template":"","meta":{"footnotes":""},"class_list":["post-1320","page","type-page","status-publish","hentry"],"_links":{"self":[{"href":"https:\/\/alles-ueber-riffe.de\/index.php?rest_route=\/wp\/v2\/pages\/1320","targetHints":{"allow":["GET"]}}],"collection":[{"href":"https:\/\/alles-ueber-riffe.de\/index.php?rest_route=\/wp\/v2\/pages"}],"about":[{"href":"https:\/\/alles-ueber-riffe.de\/index.php?rest_route=\/wp\/v2\/types\/page"}],"author":[{"embeddable":true,"href":"https:\/\/alles-ueber-riffe.de\/index.php?rest_route=\/wp\/v2\/users\/1"}],"replies":[{"embeddable":true,"href":"https:\/\/alles-ueber-riffe.de\/index.php?rest_route=%2Fwp%2Fv2%2Fcomments&post=1320"}],"version-history":[{"count":1,"href":"https:\/\/alles-ueber-riffe.de\/index.php?rest_route=\/wp\/v2\/pages\/1320\/revisions"}],"predecessor-version":[{"id":1321,"href":"https:\/\/alles-ueber-riffe.de\/index.php?rest_route=\/wp\/v2\/pages\/1320\/revisions\/1321"}],"wp:attachment":[{"href":"https:\/\/alles-ueber-riffe.de\/index.php?rest_route=%2Fwp%2Fv2%2Fmedia&parent=1320"}],"curies":[{"name":"wp","href":"https:\/\/api.w.org\/{rel}","templated":true}]}}