{"id":1318,"date":"2024-10-29T13:31:02","date_gmt":"2024-10-29T13:31:02","guid":{"rendered":"https:\/\/alles-ueber-riffe.de\/?page_id=1318"},"modified":"2024-10-29T13:31:02","modified_gmt":"2024-10-29T13:31:02","slug":"alles-ueber-flossenblaetter","status":"publish","type":"page","link":"https:\/\/alles-ueber-riffe.de\/?page_id=1318","title":{"rendered":"Alles \u00fcber Flossenbl\u00e4tter"},"content":{"rendered":"\n<p>Zwischen den Wurzeln von Mangroven findet man die Flossen- oder Silberflossenbl\u00e4tter am h\u00e4ufigsten. Auf Grund ihrer F\u00e4higkeit, neben dem Salz- auch Brack- und S\u00fc\u00dfwasser zu vertragen, leben sie auch in Flussm\u00fcndungen.<\/p>\n\n\n\n<p>Flossenbl\u00e4tter leben in Schw\u00e4rmen. Sie jagen kleine Fische und Wirbellose.<\/p>\n\n\n\n<p>Sechs Arten in zwei Gattungen sind beschrieben.<\/p>\n\n\n\n<p>Flossenbl\u00e4tter leben in den tropischen Bereichen des westlichen- und des Indopazifik.<\/p>\n","protected":false},"excerpt":{"rendered":"<p>Zwischen den Wurzeln von Mangroven findet man die Flossen- oder Silberflossenbl\u00e4tter am h\u00e4ufigsten. Auf Grund ihrer F\u00e4higkeit, neben dem Salz- auch Brack- und S\u00fc\u00dfwasser zu vertragen, leben sie auch in Flussm\u00fcndungen. Flossenbl\u00e4tter leben in Schw\u00e4rmen. Sie jagen kleine Fische und Wirbellose. Sechs Arten in zwei Gattungen sind beschrieben. Flossenbl\u00e4tter leben in den tropischen Bereichen des &hellip; <\/p>\n<p class=\"link-more\"><a href=\"https:\/\/alles-ueber-riffe.de\/?page_id=1318\" class=\"more-link\"><span class=\"screen-reader-text\">\u201eAlles \u00fcber Flossenbl\u00e4tter\u201c<\/span> weiterlesen<\/a><\/p>\n","protected":false},"author":1,"featured_media":0,"parent":0,"menu_order":0,"comment_status":"closed","ping_status":"closed","template":"","meta":{"footnotes":""},"class_list":["post-1318","page","type-page","status-publish","hentry"],"_links":{"self":[{"href":"https:\/\/alles-ueber-riffe.de\/index.php?rest_route=\/wp\/v2\/pages\/1318","targetHints":{"allow":["GET"]}}],"collection":[{"href":"https:\/\/alles-ueber-riffe.de\/index.php?rest_route=\/wp\/v2\/pages"}],"about":[{"href":"https:\/\/alles-ueber-riffe.de\/index.php?rest_route=\/wp\/v2\/types\/page"}],"author":[{"embeddable":true,"href":"https:\/\/alles-ueber-riffe.de\/index.php?rest_route=\/wp\/v2\/users\/1"}],"replies":[{"embeddable":true,"href":"https:\/\/alles-ueber-riffe.de\/index.php?rest_route=%2Fwp%2Fv2%2Fcomments&post=1318"}],"version-history":[{"count":1,"href":"https:\/\/alles-ueber-riffe.de\/index.php?rest_route=\/wp\/v2\/pages\/1318\/revisions"}],"predecessor-version":[{"id":1319,"href":"https:\/\/alles-ueber-riffe.de\/index.php?rest_route=\/wp\/v2\/pages\/1318\/revisions\/1319"}],"wp:attachment":[{"href":"https:\/\/alles-ueber-riffe.de\/index.php?rest_route=%2Fwp%2Fv2%2Fmedia&parent=1318"}],"curies":[{"name":"wp","href":"https:\/\/api.w.org\/{rel}","templated":true}]}}