{"id":1316,"date":"2024-10-29T13:30:30","date_gmt":"2024-10-29T13:30:30","guid":{"rendered":"https:\/\/alles-ueber-riffe.de\/?page_id=1316"},"modified":"2024-10-29T13:30:30","modified_gmt":"2024-10-29T13:30:30","slug":"alles-ueber-floetenfische","status":"publish","type":"page","link":"https:\/\/alles-ueber-riffe.de\/?page_id=1316","title":{"rendered":"Alles \u00fcber Fl\u00f6tenfische"},"content":{"rendered":"\n<p>Fl\u00f6tenfische sind schmale, d\u00fcnne, bis zu zwei Meter lange Raubfische, die t\u00e4glich bei ihrer Jagd nach Nahrung mit einem gro\u00dfen Problem konfrontiert sind: Sie w\u00e4ren gerne f\u00fcr ihre Beute unsichtbar. Aber wie macht man das bei dieser Gr\u00f6\u00dfeund mehr oder weniger im freien Wasser an der Riffwand? Genau, er versteckt sich hinter einem Taucher oder tut so, als w\u00e4re er Teil eines Fischschwarms, z.B. von Meerbarben. Hat sich ein Fl\u00f6tenfisch auf diese Weise unbemerkt nahe an kleine Rifffische herangepirscht, schie\u00dft er aus seiner Deckung heraus und das Opfer verschwindet in Sekundenbruchteilen in seinem r\u00f6hrenf\u00f6rmigen, langen Maul. Dies kann bis ein Drittel seiner K\u00f6rperl\u00e4nge ausmachen.<\/p>\n\n\n\n<p>Fl\u00f6tenfische sind tagaktiv<em>.&nbsp;<\/em>Nachts tragen sie eine Art Schlafanzug aus schwarzen Querstreifen. Leuchtet man sie an, verschwinden die Querstreifen innerhalb von Sekunden.&nbsp;<\/p>\n\n\n\n<p>Vier Arten sind bisher beschrieben. Sie geh\u00f6ren alle zu einer einzigen Gattung.<\/p>\n\n\n\n<p>Fl\u00f6tenfische leben in allen tropischen Bereichen der der Ozeane.<\/p>\n","protected":false},"excerpt":{"rendered":"<p>Fl\u00f6tenfische sind schmale, d\u00fcnne, bis zu zwei Meter lange Raubfische, die t\u00e4glich bei ihrer Jagd nach Nahrung mit einem gro\u00dfen Problem konfrontiert sind: Sie w\u00e4ren gerne f\u00fcr ihre Beute unsichtbar. Aber wie macht man das bei dieser Gr\u00f6\u00dfeund mehr oder weniger im freien Wasser an der Riffwand? Genau, er versteckt sich hinter einem Taucher oder &hellip; <\/p>\n<p class=\"link-more\"><a href=\"https:\/\/alles-ueber-riffe.de\/?page_id=1316\" class=\"more-link\"><span class=\"screen-reader-text\">\u201eAlles \u00fcber Fl\u00f6tenfische\u201c<\/span> weiterlesen<\/a><\/p>\n","protected":false},"author":1,"featured_media":0,"parent":0,"menu_order":0,"comment_status":"closed","ping_status":"closed","template":"","meta":{"footnotes":""},"class_list":["post-1316","page","type-page","status-publish","hentry"],"_links":{"self":[{"href":"https:\/\/alles-ueber-riffe.de\/index.php?rest_route=\/wp\/v2\/pages\/1316","targetHints":{"allow":["GET"]}}],"collection":[{"href":"https:\/\/alles-ueber-riffe.de\/index.php?rest_route=\/wp\/v2\/pages"}],"about":[{"href":"https:\/\/alles-ueber-riffe.de\/index.php?rest_route=\/wp\/v2\/types\/page"}],"author":[{"embeddable":true,"href":"https:\/\/alles-ueber-riffe.de\/index.php?rest_route=\/wp\/v2\/users\/1"}],"replies":[{"embeddable":true,"href":"https:\/\/alles-ueber-riffe.de\/index.php?rest_route=%2Fwp%2Fv2%2Fcomments&post=1316"}],"version-history":[{"count":1,"href":"https:\/\/alles-ueber-riffe.de\/index.php?rest_route=\/wp\/v2\/pages\/1316\/revisions"}],"predecessor-version":[{"id":1317,"href":"https:\/\/alles-ueber-riffe.de\/index.php?rest_route=\/wp\/v2\/pages\/1316\/revisions\/1317"}],"wp:attachment":[{"href":"https:\/\/alles-ueber-riffe.de\/index.php?rest_route=%2Fwp%2Fv2%2Fmedia&parent=1316"}],"curies":[{"name":"wp","href":"https:\/\/api.w.org\/{rel}","templated":true}]}}