{"id":1314,"date":"2024-10-29T13:29:59","date_gmt":"2024-10-29T13:29:59","guid":{"rendered":"https:\/\/alles-ueber-riffe.de\/?page_id=1314"},"modified":"2024-10-29T13:29:59","modified_gmt":"2024-10-29T13:29:59","slug":"alles-ueber-fledermausfische","status":"publish","type":"page","link":"https:\/\/alles-ueber-riffe.de\/?page_id=1314","title":{"rendered":"Alles \u00fcber Fledermausfische"},"content":{"rendered":"\n<p>Erwachsene Fledermausfische sind leicht zu erkennen. Fast rund und gro\u00df wie eine Pizza von der Gr\u00f6\u00dfe M bis XXL bewegen sie sich im Schwarm oder einzeln durchs Wasser. Ganz anders die juvenilen Tiere: Sie besitzen extrem lange R\u00fccken- und Bauchflossen und eine v\u00f6llig andere F\u00e4rbung. Die jungen Fische einiger Fledermausfischarten ahmen dabei ein abgerissenes, verwelktes Blatt eines Baumes nach. Im flachen Wasser sch\u00fctzen sie sich durch diese Blattmimikry gegen Fressfeinde.<\/p>\n\n\n\n<p>Fledermausfische fressen Quallen, W\u00fcrmer, Krabben, und andere Wirbellose.<\/p>\n\n\n\n<p>F\u00fcnf Arten sind beschrieben. Sie geh\u00f6ren alle zu einer Gattung.<\/p>\n\n\n\n<p>Fledermausfische leben in den tropischen Bereichen des westlichen Indopazifik.<\/p>\n","protected":false},"excerpt":{"rendered":"<p>Erwachsene Fledermausfische sind leicht zu erkennen. Fast rund und gro\u00df wie eine Pizza von der Gr\u00f6\u00dfe M bis XXL bewegen sie sich im Schwarm oder einzeln durchs Wasser. Ganz anders die juvenilen Tiere: Sie besitzen extrem lange R\u00fccken- und Bauchflossen und eine v\u00f6llig andere F\u00e4rbung. Die jungen Fische einiger Fledermausfischarten ahmen dabei ein abgerissenes, verwelktes &hellip; <\/p>\n<p class=\"link-more\"><a href=\"https:\/\/alles-ueber-riffe.de\/?page_id=1314\" class=\"more-link\"><span class=\"screen-reader-text\">\u201eAlles \u00fcber Fledermausfische\u201c<\/span> weiterlesen<\/a><\/p>\n","protected":false},"author":1,"featured_media":0,"parent":0,"menu_order":0,"comment_status":"closed","ping_status":"closed","template":"","meta":{"footnotes":""},"class_list":["post-1314","page","type-page","status-publish","hentry"],"_links":{"self":[{"href":"https:\/\/alles-ueber-riffe.de\/index.php?rest_route=\/wp\/v2\/pages\/1314","targetHints":{"allow":["GET"]}}],"collection":[{"href":"https:\/\/alles-ueber-riffe.de\/index.php?rest_route=\/wp\/v2\/pages"}],"about":[{"href":"https:\/\/alles-ueber-riffe.de\/index.php?rest_route=\/wp\/v2\/types\/page"}],"author":[{"embeddable":true,"href":"https:\/\/alles-ueber-riffe.de\/index.php?rest_route=\/wp\/v2\/users\/1"}],"replies":[{"embeddable":true,"href":"https:\/\/alles-ueber-riffe.de\/index.php?rest_route=%2Fwp%2Fv2%2Fcomments&post=1314"}],"version-history":[{"count":1,"href":"https:\/\/alles-ueber-riffe.de\/index.php?rest_route=\/wp\/v2\/pages\/1314\/revisions"}],"predecessor-version":[{"id":1315,"href":"https:\/\/alles-ueber-riffe.de\/index.php?rest_route=\/wp\/v2\/pages\/1314\/revisions\/1315"}],"wp:attachment":[{"href":"https:\/\/alles-ueber-riffe.de\/index.php?rest_route=%2Fwp%2Fv2%2Fmedia&parent=1314"}],"curies":[{"name":"wp","href":"https:\/\/api.w.org\/{rel}","templated":true}]}}