{"id":1312,"date":"2024-10-29T13:29:25","date_gmt":"2024-10-29T13:29:25","guid":{"rendered":"https:\/\/alles-ueber-riffe.de\/?page_id=1312"},"modified":"2024-10-29T13:29:25","modified_gmt":"2024-10-29T13:29:25","slug":"alles-ueber-falterfische","status":"publish","type":"page","link":"https:\/\/alles-ueber-riffe.de\/?page_id=1312","title":{"rendered":"Alles \u00fcber Falterfische"},"content":{"rendered":"\n<p>Ohne die auff\u00e4llig bunten Falterfische w\u00fcrden im Korallenriff viele Farbtupfer fehlen. Die Form und Gr\u00f6\u00dfe gleicht einem Teller: flach, rund und ausgewachsen zwischen 12 cm und 30 cm Durchmesser. Viele Arten treten oft paarweise auf, andere in kleinen Schw\u00e4rmen. Die meisten Falterfische ern\u00e4hren sich von Korallenpolypen und sind oft Nahrungsspezialisten. Einige Falterfischarten sind deshalb endemisch, d.h. sie kommen nur in einer bestimmten Region vor. Im Roten Meer sind z.B. ca. 50% aller Falterfische endemisch. Alle Falterfische leben in der Regel im flachen Bereich der Riffe bis ca. 20 m Tiefe.&nbsp;<\/p>\n\n\n\n<p>In Riffgebieten mit sp\u00e4rlichem Korallenbewuchs, wie z.B. an der felsigen Pazifikk\u00fcste Mittelamerikas, \u00fcbernehmen Falterfische, um sich zu ern\u00e4hren den Job von Putzerlippfischen.&nbsp;<\/p>\n\n\n\n<p>Zur Gattung der Falterfische z\u00e4hlen auch die Pinzettfische und die Wimpelfische. Letztere verwechselt man sehr leicht mit dem&nbsp;Halfterfisch&nbsp;(<em>Zanclus cornutus),&nbsp;<\/em>da sowohl die Gr\u00f6\u00dfe als auch Form und F\u00e4rbung \u00e4hnlich sind. Fr\u00fcher z\u00e4hlte man auch die Kaiserfische zu den Falterfischen.<\/p>\n\n\n\n<p>Ca. 129 Arten in 12 Gattungen sind beschrieben.<\/p>\n\n\n\n<p>Falterfische leben in den subtropischen und tropischen Bereichen aller Ozeane.<\/p>\n","protected":false},"excerpt":{"rendered":"<p>Ohne die auff\u00e4llig bunten Falterfische w\u00fcrden im Korallenriff viele Farbtupfer fehlen. Die Form und Gr\u00f6\u00dfe gleicht einem Teller: flach, rund und ausgewachsen zwischen 12 cm und 30 cm Durchmesser. Viele Arten treten oft paarweise auf, andere in kleinen Schw\u00e4rmen. Die meisten Falterfische ern\u00e4hren sich von Korallenpolypen und sind oft Nahrungsspezialisten. Einige Falterfischarten sind deshalb endemisch, &hellip; <\/p>\n<p class=\"link-more\"><a href=\"https:\/\/alles-ueber-riffe.de\/?page_id=1312\" class=\"more-link\"><span class=\"screen-reader-text\">\u201eAlles \u00fcber Falterfische\u201c<\/span> weiterlesen<\/a><\/p>\n","protected":false},"author":1,"featured_media":0,"parent":0,"menu_order":0,"comment_status":"closed","ping_status":"closed","template":"","meta":{"footnotes":""},"class_list":["post-1312","page","type-page","status-publish","hentry"],"_links":{"self":[{"href":"https:\/\/alles-ueber-riffe.de\/index.php?rest_route=\/wp\/v2\/pages\/1312","targetHints":{"allow":["GET"]}}],"collection":[{"href":"https:\/\/alles-ueber-riffe.de\/index.php?rest_route=\/wp\/v2\/pages"}],"about":[{"href":"https:\/\/alles-ueber-riffe.de\/index.php?rest_route=\/wp\/v2\/types\/page"}],"author":[{"embeddable":true,"href":"https:\/\/alles-ueber-riffe.de\/index.php?rest_route=\/wp\/v2\/users\/1"}],"replies":[{"embeddable":true,"href":"https:\/\/alles-ueber-riffe.de\/index.php?rest_route=%2Fwp%2Fv2%2Fcomments&post=1312"}],"version-history":[{"count":1,"href":"https:\/\/alles-ueber-riffe.de\/index.php?rest_route=\/wp\/v2\/pages\/1312\/revisions"}],"predecessor-version":[{"id":1313,"href":"https:\/\/alles-ueber-riffe.de\/index.php?rest_route=\/wp\/v2\/pages\/1312\/revisions\/1313"}],"wp:attachment":[{"href":"https:\/\/alles-ueber-riffe.de\/index.php?rest_route=%2Fwp%2Fv2%2Fmedia&parent=1312"}],"curies":[{"name":"wp","href":"https:\/\/api.w.org\/{rel}","templated":true}]}}