{"id":1310,"date":"2024-10-29T13:28:55","date_gmt":"2024-10-29T13:28:55","guid":{"rendered":"https:\/\/alles-ueber-riffe.de\/?page_id=1310"},"modified":"2024-10-29T13:28:55","modified_gmt":"2024-10-29T13:28:55","slug":"alles-ueber-fahnenbarsche","status":"publish","type":"page","link":"https:\/\/alles-ueber-riffe.de\/?page_id=1310","title":{"rendered":"Alles \u00fcber Fahnenbarsche"},"content":{"rendered":"\n<p>Fahnenbarsche sind klein, friedlich und wundersch\u00f6n. Zu<em>&nbsp;<\/em>Tausenden<em>&nbsp;<\/em>bev\u00f6lkern sie die Riffe und zaubern orange, rote, oder blaue Farbtupfer ins Riff. Sie bilden die Nahrungsgrundlage f\u00fcr zahlreiche R\u00e4uber. Mit manchen davon sind sie ganz eng verwandt: Den Zackenbarschen und den Echten Barschen.<\/p>\n\n\n\n<p>Bei den Fahnenbarschen haben die M\u00e4nnchen das&nbsp;Sagen. Ihr Harem besteht im Schnitt aus bis zu 10 Weibchen. Um den Bedarf an Weibchen zu decken, werden zun\u00e4chst alle geschlechtsreifen Tiere Weibchen. Stirbt das M\u00e4nnchen, wandelt sich das rangh\u00f6chste Weibchen in ein M\u00e4nnchen um.&nbsp;<\/p>\n\n\n\n<p>Ca.170 Arten in 25 Gattungen sind beschrieben.&nbsp;<\/p>\n\n\n\n<p>Fahnenbarsche leben in allen tropischen und subtropischen Bereiche der Ozeane einschlie\u00dflich des Mittelmeeres.<\/p>\n","protected":false},"excerpt":{"rendered":"<p>Fahnenbarsche sind klein, friedlich und wundersch\u00f6n. Zu&nbsp;Tausenden&nbsp;bev\u00f6lkern sie die Riffe und zaubern orange, rote, oder blaue Farbtupfer ins Riff. Sie bilden die Nahrungsgrundlage f\u00fcr zahlreiche R\u00e4uber. Mit manchen davon sind sie ganz eng verwandt: Den Zackenbarschen und den Echten Barschen. Bei den Fahnenbarschen haben die M\u00e4nnchen das&nbsp;Sagen. Ihr Harem besteht im Schnitt aus bis zu &hellip; <\/p>\n<p class=\"link-more\"><a href=\"https:\/\/alles-ueber-riffe.de\/?page_id=1310\" class=\"more-link\"><span class=\"screen-reader-text\">\u201eAlles \u00fcber Fahnenbarsche\u201c<\/span> weiterlesen<\/a><\/p>\n","protected":false},"author":1,"featured_media":0,"parent":0,"menu_order":0,"comment_status":"closed","ping_status":"closed","template":"","meta":{"footnotes":""},"class_list":["post-1310","page","type-page","status-publish","hentry"],"_links":{"self":[{"href":"https:\/\/alles-ueber-riffe.de\/index.php?rest_route=\/wp\/v2\/pages\/1310","targetHints":{"allow":["GET"]}}],"collection":[{"href":"https:\/\/alles-ueber-riffe.de\/index.php?rest_route=\/wp\/v2\/pages"}],"about":[{"href":"https:\/\/alles-ueber-riffe.de\/index.php?rest_route=\/wp\/v2\/types\/page"}],"author":[{"embeddable":true,"href":"https:\/\/alles-ueber-riffe.de\/index.php?rest_route=\/wp\/v2\/users\/1"}],"replies":[{"embeddable":true,"href":"https:\/\/alles-ueber-riffe.de\/index.php?rest_route=%2Fwp%2Fv2%2Fcomments&post=1310"}],"version-history":[{"count":1,"href":"https:\/\/alles-ueber-riffe.de\/index.php?rest_route=\/wp\/v2\/pages\/1310\/revisions"}],"predecessor-version":[{"id":1311,"href":"https:\/\/alles-ueber-riffe.de\/index.php?rest_route=\/wp\/v2\/pages\/1310\/revisions\/1311"}],"wp:attachment":[{"href":"https:\/\/alles-ueber-riffe.de\/index.php?rest_route=%2Fwp%2Fv2%2Fmedia&parent=1310"}],"curies":[{"name":"wp","href":"https:\/\/api.w.org\/{rel}","templated":true}]}}