{"id":1300,"date":"2024-10-29T13:25:48","date_gmt":"2024-10-29T13:25:48","guid":{"rendered":"https:\/\/alles-ueber-riffe.de\/?page_id=1300"},"modified":"2024-10-30T18:31:17","modified_gmt":"2024-10-30T18:31:17","slug":"alles-ueber-doktorfische","status":"publish","type":"page","link":"https:\/\/alles-ueber-riffe.de\/?page_id=1300","title":{"rendered":"Alles \u00fcber Doktorfische"},"content":{"rendered":"\n<p>Fr\u00fcher glaubten Biologen, Doktorfische w\u00fcrden anderen Fischen die B\u00e4uche aufschlitzen, um deren Innereien zu fressen. Das klingt rei\u00dferisch und aufregend, die Wahrheit der Nahrungsversorgung ist dagegen eher langweilig: Doktorfische sind zu \u00fcber 90% Vegetarier und ern\u00e4hren sich von Algen. Das \u00e4ndert allerdings nichts daran, dass Doktorfische eine schreckliche Waffe besitzen, die sich kurz vor der Schwanzflosse befindet: Ein scharfes Skalpell, mal ausklappbar, mal fest arretiert. Allerdings benutzen sie die scharfen Messer ausschlie\u00dflich zur Verteidigung, und diese endet, wie Untersuchungen ergaben, f\u00fcr Angreifer wie z.B. Mur\u00e4nen oder Zackenbarsche fast immer t\u00f6dlich. Das seltsame daran: Die Gr\u00f6\u00dfe<em>\u00a0<\/em>der Wunde kann nicht die Ursache sein. Ein Gift enthalten die Skalpelle auch nicht. Vermutlich wird den Angreifern eine Eiwei\u00dfverbindung in der Fischhaut zum Verh\u00e4ngnis.<\/p>\n\n\n\n<p>Doktorfische sind oval bis rund und oft wundersch\u00f6n und ganz intensiv gef\u00e4rbt. Die meisten Arten sind zwischen 20-30 cm gro\u00df. Obwohl Doktorfische sich meist territorial verhalten, kann es vorkommen, dass sie sich zu Schw\u00e4rmen mit bis zu 1000 Individuen zusammenfinden. Es f\u00e4llt ihnen dann leichter, in das Revier anderer Arten einzufallen, um deren Algen abzuweiden. Angesichts der \u00dcbermacht k\u00f6nnen diese nicht viel ausrichten.<\/p>\n\n\n\n<p>Doktorfische laichen im freien Wasser. Die Mondphasen scheinen dabei ein wichtige Rolle zu spielen. Ein Weibchen kannZehntausende<em>&nbsp;<\/em>von Eiern aussto\u00dfen. Die Larven ern\u00e4hren sich, anders als die adulten Tiere, von<em>&nbsp;<\/em>fleischlicher<em>&nbsp;<\/em>Nahrung. Kommt es sp\u00e4ter zur Nahrungsumstellung auf Algen, verdreifacht sich die L\u00e4nge des Darmes.<\/p>\n\n\n\n<p>Insgesamt leben in den tropischen Regionen der Ozeane ca. 80Arten, die sich in sechs Gattungen aufteilen. Nur f\u00fcnf Arten leben im Atlantik, alle anderen im Indopazifik.<\/p>\n\n\n\n<p>82 Arten in sechs Gattungen sind beschrieben.&nbsp;<\/p>\n\n\n\n<p>Doktorfische leben in den tropischen Bereichen aller Ozeane, bis auf f\u00fcnf Arten alle im Indopazifik.<\/p>\n","protected":false},"excerpt":{"rendered":"<p>Fr\u00fcher glaubten Biologen, Doktorfische w\u00fcrden anderen Fischen die B\u00e4uche aufschlitzen, um deren Innereien zu fressen. Das klingt rei\u00dferisch und aufregend, die Wahrheit der Nahrungsversorgung ist dagegen eher langweilig: Doktorfische sind zu \u00fcber 90% Vegetarier und ern\u00e4hren sich von Algen. Das \u00e4ndert allerdings nichts daran, dass Doktorfische eine schreckliche Waffe besitzen, die sich kurz vor der &hellip; <\/p>\n<p class=\"link-more\"><a href=\"https:\/\/alles-ueber-riffe.de\/?page_id=1300\" class=\"more-link\"><span class=\"screen-reader-text\">\u201eAlles \u00fcber Doktorfische\u201c<\/span> weiterlesen<\/a><\/p>\n","protected":false},"author":1,"featured_media":0,"parent":0,"menu_order":0,"comment_status":"closed","ping_status":"closed","template":"","meta":{"footnotes":""},"class_list":["post-1300","page","type-page","status-publish","hentry"],"_links":{"self":[{"href":"https:\/\/alles-ueber-riffe.de\/index.php?rest_route=\/wp\/v2\/pages\/1300","targetHints":{"allow":["GET"]}}],"collection":[{"href":"https:\/\/alles-ueber-riffe.de\/index.php?rest_route=\/wp\/v2\/pages"}],"about":[{"href":"https:\/\/alles-ueber-riffe.de\/index.php?rest_route=\/wp\/v2\/types\/page"}],"author":[{"embeddable":true,"href":"https:\/\/alles-ueber-riffe.de\/index.php?rest_route=\/wp\/v2\/users\/1"}],"replies":[{"embeddable":true,"href":"https:\/\/alles-ueber-riffe.de\/index.php?rest_route=%2Fwp%2Fv2%2Fcomments&post=1300"}],"version-history":[{"count":2,"href":"https:\/\/alles-ueber-riffe.de\/index.php?rest_route=\/wp\/v2\/pages\/1300\/revisions"}],"predecessor-version":[{"id":1551,"href":"https:\/\/alles-ueber-riffe.de\/index.php?rest_route=\/wp\/v2\/pages\/1300\/revisions\/1551"}],"wp:attachment":[{"href":"https:\/\/alles-ueber-riffe.de\/index.php?rest_route=%2Fwp%2Fv2%2Fmedia&parent=1300"}],"curies":[{"name":"wp","href":"https:\/\/api.w.org\/{rel}","templated":true}]}}