{"id":1294,"date":"2024-10-29T13:24:00","date_gmt":"2024-10-29T13:24:00","guid":{"rendered":"https:\/\/alles-ueber-riffe.de\/?page_id=1294"},"modified":"2024-10-29T13:24:00","modified_gmt":"2024-10-29T13:24:00","slug":"alles-ueber-argusfische","status":"publish","type":"page","link":"https:\/\/alles-ueber-riffe.de\/?page_id=1294","title":{"rendered":"Alles \u00fcber Argusfische"},"content":{"rendered":"\n<p>Argusfische \u00e4hneln von der Form und Gr\u00f6\u00dfe den Fledermausfischen. Allerdings besitzen sie eine v\u00f6llig andere F\u00e4rbung und Zeichnung: Schwarze Punkte mit bis zu ca. 2 cm Durchmesser auf silbernem bis graubraunem Grund. Argusfische sind Pflanzenfresser.<\/p>\n\n\n\n<p>Juvenile Argusfische verf\u00fcgen \u00fcber ein harmloses, aber schmerzhaftes Gift in den Flossenspitzen.<\/p>\n\n\n\n<p>Vier Arten in zwei Gattungen sind beschrieben.<\/p>\n\n\n\n<p>Argusfische leben in den tropischen Bereichen des Indopazifik. Bevorzugt in der N\u00e4he von Flussm\u00fcndungen und im Brackwasser.<\/p>\n","protected":false},"excerpt":{"rendered":"<p>Argusfische \u00e4hneln von der Form und Gr\u00f6\u00dfe den Fledermausfischen. Allerdings besitzen sie eine v\u00f6llig andere F\u00e4rbung und Zeichnung: Schwarze Punkte mit bis zu ca. 2 cm Durchmesser auf silbernem bis graubraunem Grund. Argusfische sind Pflanzenfresser. Juvenile Argusfische verf\u00fcgen \u00fcber ein harmloses, aber schmerzhaftes Gift in den Flossenspitzen. Vier Arten in zwei Gattungen sind beschrieben. Argusfische &hellip; <\/p>\n<p class=\"link-more\"><a href=\"https:\/\/alles-ueber-riffe.de\/?page_id=1294\" class=\"more-link\"><span class=\"screen-reader-text\">\u201eAlles \u00fcber Argusfische\u201c<\/span> weiterlesen<\/a><\/p>\n","protected":false},"author":1,"featured_media":0,"parent":0,"menu_order":0,"comment_status":"closed","ping_status":"closed","template":"","meta":{"footnotes":""},"class_list":["post-1294","page","type-page","status-publish","hentry"],"_links":{"self":[{"href":"https:\/\/alles-ueber-riffe.de\/index.php?rest_route=\/wp\/v2\/pages\/1294","targetHints":{"allow":["GET"]}}],"collection":[{"href":"https:\/\/alles-ueber-riffe.de\/index.php?rest_route=\/wp\/v2\/pages"}],"about":[{"href":"https:\/\/alles-ueber-riffe.de\/index.php?rest_route=\/wp\/v2\/types\/page"}],"author":[{"embeddable":true,"href":"https:\/\/alles-ueber-riffe.de\/index.php?rest_route=\/wp\/v2\/users\/1"}],"replies":[{"embeddable":true,"href":"https:\/\/alles-ueber-riffe.de\/index.php?rest_route=%2Fwp%2Fv2%2Fcomments&post=1294"}],"version-history":[{"count":1,"href":"https:\/\/alles-ueber-riffe.de\/index.php?rest_route=\/wp\/v2\/pages\/1294\/revisions"}],"predecessor-version":[{"id":1295,"href":"https:\/\/alles-ueber-riffe.de\/index.php?rest_route=\/wp\/v2\/pages\/1294\/revisions\/1295"}],"wp:attachment":[{"href":"https:\/\/alles-ueber-riffe.de\/index.php?rest_route=%2Fwp%2Fv2%2Fmedia&parent=1294"}],"curies":[{"name":"wp","href":"https:\/\/api.w.org\/{rel}","templated":true}]}}