{"id":1292,"date":"2024-10-29T13:23:19","date_gmt":"2024-10-29T13:23:19","guid":{"rendered":"https:\/\/alles-ueber-riffe.de\/?page_id=1292"},"modified":"2024-10-29T13:23:19","modified_gmt":"2024-10-29T13:23:19","slug":"alles-ueber-anglerfische","status":"publish","type":"page","link":"https:\/\/alles-ueber-riffe.de\/?page_id=1292","title":{"rendered":"Alles \u00fcber Anglerfische"},"content":{"rendered":"\n<p>Anglerfische liegen ihr ganzes Leben faul, aber gut getarnt im Riff, auf Schw\u00e4mmen, manche in Seegas oder dem Sandboden, und bewegen sich nicht. Fast nicht, denn sie haben eine Angel, und an deren Ende, nicht all zu weit vom Maul entfernt, h\u00e4ngt ein kleiner zappelnder K\u00f6der. Mal sieht er aus wie ein Wurm, wie ein Fisch, wie eine Garnele oder wie ein kleiner Nahrungsfetzen. Die Angel ist eine Verl\u00e4ngerung des ersten Hartstrahles der R\u00fcckenflosse. Der Angler selbst bleibt f\u00fcr die Beute und auch oft f\u00fcr uns Menschen unsichtbar. Mal von Algen \u00fcberwuchert, mal in der Farbe eines Schwammes, mal in der Form von Algen, verschmilzt er mit seiner Umgebung.&nbsp;<\/p>\n\n\n\n<p>Bei zwei Ereignissen zeigt ein Anglerfisch, was in ihm steckt, und zu welchen k\u00f6rperlichen Leistungen er f\u00e4hig ist: beim Sex und beim Fressen. Anglerfische schwimmen nebeneinander, wenn das Weibchen laicht und das M\u00e4nnchen die Eier befruchtet. Eine echte Leistung f\u00fcr einen Fisch, der eigentlich nicht schwimmen kann, sondern mit Hilfe seiner Brustflossen auf dem Meeresboden herumh\u00fcpft. So sehen die Schwimmbem\u00fchungen auch unbeholfen und nicht wirklich elegant aus, aber was tut man nicht alles f\u00fcr den Nachwuchs.<\/p>\n\n\n\n<p>Beim Fressen kann man Angst bekommen und ist froh, dass Anglerfische eher klein sind und der gr\u00f6\u00dfte maximal 38 cm erreicht. Ist die Beute nahe genug, \u00f6ffnet der Anglerfisch in unglaublichen sechs Millisekunden sein Maul und saugt die Beute ein. Und was f\u00fcr ein Maul: Der ganze Fisch scheint pl\u00f6tzlich nur noch aus diesem K\u00f6rperteil zu bestehen. Er kann damit Beute fressen, die so gro\u00df ist wie er selbst. Er gibt sie nicht mehr her, auch wenn er jetzt fast zu platzen scheint. Herumliegen funktioniert mit kugelrundem Bauch auch nicht mehr. Bis alles verdaut ist, muss er<em>&nbsp;<\/em>sich von den Wellen schaukeln lassen. Anglerfische fressen alles, was sich bewegt, selbst Artgenossen, weshalb sich das kleinere M\u00e4nnchen nach der Paarung schnell aus dem Staub macht.<\/p>\n\n\n\n<p>Anglerfische gibt es auch in der Tiefsee, allerdings geh\u00f6ren die Tiefseeanglerfische zu einer anderen Unterfamilie (Ceratioidei). Mit 160 Arten ist diese Familie die artenreichste dieses Lebensraumes. Und noch einen Rekord wird von Ihnen gehalten: Die M\u00e4nnchen einiger Arten geh\u00f6ren mit 0,6 bis 1 cm zu den kleinsten Wirbeltieren der Welt und leben als Sexualparasiten. Die M\u00e4nnchen<em>&nbsp;<\/em>wachsen mit den Weibchen zusammen und erhalten ihre Nahrung aus deren Blutkreislauf. Im Gegensatz zu ihren bodenlebenden Verwandten im flachen Wasser der Riffe schwimmen Tiefseeanglerfische in 1000 bis 4000 m Tiefe im freien Wasser. Zus\u00e4tzlich zu Angel mit K\u00f6der wird auch Licht eingesetzt, um die Beute anzulocken. Bakterien im K\u00f6der erzeugen diese Biolumineszenz. Sie selbst bleiben wie \u00fcblich unsichtbar. Gott sei Dank, denn die meisten sehen aus wie ein einziger Alptraum. Schreckliche Monster, denen man nie begegnen m\u00f6chte, und die jedem Horrorfilm das gewisse Etwas<em>&nbsp;<\/em>verleihen w\u00fcrden.<\/p>\n\n\n\n<p>Von der Familie der Anglerfische wurden bisher 47 Arten beschrieben. Fr\u00fcher waren es weit \u00fcber hundert, doch inzwischen wei\u00df man, dass eine einzige Art unterschiedlichste Farben haben kann. Anglerfische geh\u00f6ren zur<em>&nbsp;<\/em>Ordnung der Armflosser. Das sind vorwiegend bodenlebende Fische, zu denen z.B. auch der Seeteufel geh\u00f6rt, den die meisten von uns von der Speisekarte beim Italiener kennen. Kein Wunder, kommt er doch im Mittelmeer vor.&nbsp;<\/p>\n\n\n\n<p>47 Arten in 13 Gattungen sind beschrieben.<\/p>\n\n\n\n<p>Anglerfische leben in den subtropischen und tropischen Bereichen aller Ozeane.&nbsp;<\/p>\n","protected":false},"excerpt":{"rendered":"<p>Anglerfische liegen ihr ganzes Leben faul, aber gut getarnt im Riff, auf Schw\u00e4mmen, manche in Seegas oder dem Sandboden, und bewegen sich nicht. Fast nicht, denn sie haben eine Angel, und an deren Ende, nicht all zu weit vom Maul entfernt, h\u00e4ngt ein kleiner zappelnder K\u00f6der. Mal sieht er aus wie ein Wurm, wie ein &hellip; <\/p>\n<p class=\"link-more\"><a href=\"https:\/\/alles-ueber-riffe.de\/?page_id=1292\" class=\"more-link\"><span class=\"screen-reader-text\">\u201eAlles \u00fcber Anglerfische\u201c<\/span> weiterlesen<\/a><\/p>\n","protected":false},"author":1,"featured_media":0,"parent":0,"menu_order":0,"comment_status":"closed","ping_status":"closed","template":"","meta":{"footnotes":""},"class_list":["post-1292","page","type-page","status-publish","hentry"],"_links":{"self":[{"href":"https:\/\/alles-ueber-riffe.de\/index.php?rest_route=\/wp\/v2\/pages\/1292","targetHints":{"allow":["GET"]}}],"collection":[{"href":"https:\/\/alles-ueber-riffe.de\/index.php?rest_route=\/wp\/v2\/pages"}],"about":[{"href":"https:\/\/alles-ueber-riffe.de\/index.php?rest_route=\/wp\/v2\/types\/page"}],"author":[{"embeddable":true,"href":"https:\/\/alles-ueber-riffe.de\/index.php?rest_route=\/wp\/v2\/users\/1"}],"replies":[{"embeddable":true,"href":"https:\/\/alles-ueber-riffe.de\/index.php?rest_route=%2Fwp%2Fv2%2Fcomments&post=1292"}],"version-history":[{"count":2,"href":"https:\/\/alles-ueber-riffe.de\/index.php?rest_route=\/wp\/v2\/pages\/1292\/revisions"}],"predecessor-version":[{"id":1498,"href":"https:\/\/alles-ueber-riffe.de\/index.php?rest_route=\/wp\/v2\/pages\/1292\/revisions\/1498"}],"wp:attachment":[{"href":"https:\/\/alles-ueber-riffe.de\/index.php?rest_route=%2Fwp%2Fv2%2Fmedia&parent=1292"}],"curies":[{"name":"wp","href":"https:\/\/api.w.org\/{rel}","templated":true}]}}