{"id":1290,"date":"2024-10-29T13:22:26","date_gmt":"2024-10-29T13:22:26","guid":{"rendered":"https:\/\/alles-ueber-riffe.de\/?page_id=1290"},"modified":"2024-10-30T16:53:31","modified_gmt":"2024-10-30T16:53:31","slug":"alles-ueber-aalgrundeln","status":"publish","type":"page","link":"https:\/\/alles-ueber-riffe.de\/?page_id=1290","title":{"rendered":"Alles \u00fcber Aalgrundeln"},"content":{"rendered":"\n<p>Aalgrundeln<\/p>\n\n\n\n<p>Zur Familie der Aalgrundeln geh\u00f6ren nur zwei Arten: Die recht h\u00e4ufig vorkommende und in den Korallenriffen des westlichen Pazifik lebende Wei\u00dfstreifen-Aalgrundel und die erst 1989 entdeckte Art Pholidichthys anguis, die nur in schlammigen B\u00f6den an der Nordk\u00fcste Australiens lebt.<\/p>\n\n\n\n<p>Die Jungtiere beider Arten unterscheiden sich vom Aussehen deutlich von den adulten Tieren und k\u00f6nnen leicht f\u00fcr zwei verschiedene Arten gehalten werden.<br>Die Tiere besitzen sowohl Eigenschaften der Grundeln als auch der Schleimfische.<\/p>\n","protected":false},"excerpt":{"rendered":"<p>Aalgrundeln Zur Familie der Aalgrundeln geh\u00f6ren nur zwei Arten: Die recht h\u00e4ufig vorkommende und in den Korallenriffen des westlichen Pazifik lebende Wei\u00dfstreifen-Aalgrundel und die erst 1989 entdeckte Art Pholidichthys anguis, die nur in schlammigen B\u00f6den an der Nordk\u00fcste Australiens lebt. Die Jungtiere beider Arten unterscheiden sich vom Aussehen deutlich von den adulten Tieren und k\u00f6nnen &hellip; <\/p>\n<p class=\"link-more\"><a href=\"https:\/\/alles-ueber-riffe.de\/?page_id=1290\" class=\"more-link\"><span class=\"screen-reader-text\">\u201eAlles \u00fcber Aalgrundeln\u201c<\/span> weiterlesen<\/a><\/p>\n","protected":false},"author":1,"featured_media":0,"parent":0,"menu_order":0,"comment_status":"closed","ping_status":"closed","template":"","meta":{"footnotes":""},"class_list":["post-1290","page","type-page","status-publish","hentry"],"_links":{"self":[{"href":"https:\/\/alles-ueber-riffe.de\/index.php?rest_route=\/wp\/v2\/pages\/1290","targetHints":{"allow":["GET"]}}],"collection":[{"href":"https:\/\/alles-ueber-riffe.de\/index.php?rest_route=\/wp\/v2\/pages"}],"about":[{"href":"https:\/\/alles-ueber-riffe.de\/index.php?rest_route=\/wp\/v2\/types\/page"}],"author":[{"embeddable":true,"href":"https:\/\/alles-ueber-riffe.de\/index.php?rest_route=\/wp\/v2\/users\/1"}],"replies":[{"embeddable":true,"href":"https:\/\/alles-ueber-riffe.de\/index.php?rest_route=%2Fwp%2Fv2%2Fcomments&post=1290"}],"version-history":[{"count":2,"href":"https:\/\/alles-ueber-riffe.de\/index.php?rest_route=\/wp\/v2\/pages\/1290\/revisions"}],"predecessor-version":[{"id":1446,"href":"https:\/\/alles-ueber-riffe.de\/index.php?rest_route=\/wp\/v2\/pages\/1290\/revisions\/1446"}],"wp:attachment":[{"href":"https:\/\/alles-ueber-riffe.de\/index.php?rest_route=%2Fwp%2Fv2%2Fmedia&parent=1290"}],"curies":[{"name":"wp","href":"https:\/\/api.w.org\/{rel}","templated":true}]}}