{"id":1274,"date":"2024-10-29T11:46:36","date_gmt":"2024-10-29T11:46:36","guid":{"rendered":"https:\/\/alles-ueber-riffe.de\/?page_id=1274"},"modified":"2025-02-16T22:11:36","modified_gmt":"2025-02-16T22:11:36","slug":"schuetzenfische","status":"publish","type":"page","link":"https:\/\/alles-ueber-riffe.de\/?page_id=1274","title":{"rendered":"Sch\u00fctzenfische"},"content":{"rendered":"\n<div class=\"wp-block-group is-vertical is-content-justification-stretch is-layout-flex wp-container-core-group-is-layout-b16ad781 wp-block-group-is-layout-flex\">\n<div class=\"wp-block-group is-vertical is-layout-flex wp-container-core-group-is-layout-b7faace9 wp-block-group-is-layout-flex\">\n<p>Sch\u00fctzenfische leben an der Oberfl\u00e4che in der Gezeitenzone im S\u00fc\u00df, Brack- und Salzwasser. Sie bevorzugen Mangrovengebiete, wandern jedoch auch in Fl\u00fcsse ein. <a href=\"https:\/\/alles-ueber-riffe.de\/?page_id=3293\"><mark style=\"background-color:rgba(0, 0, 0, 0)\" class=\"has-inline-color has-vivid-cyan-blue-color\">Weiterlesen&#8230;<\/mark><\/a><\/p>\n<\/div>\n<\/div>\n\n\n\n<h2 class=\"wp-block-heading\">Zu den einzelnen Arten<\/h2>\n\n\n\n<div class=\"wp-block-group is-vertical is-content-justification-stretch is-layout-flex wp-container-core-group-is-layout-b16ad781 wp-block-group-is-layout-flex\">\n<div class=\"wp-block-group is-vertical is-layout-flex wp-container-core-group-is-layout-b7faace9 wp-block-group-is-layout-flex\">\n<div class=\"wp-block-group is-nowrap is-layout-flex wp-container-core-group-is-layout-ad2f72ca wp-block-group-is-layout-flex\">\n<div class=\"wp-block-group\"><div class=\"wp-block-group__inner-container is-layout-constrained wp-block-group-is-layout-constrained\">\n<div class=\"wp-block-group is-vertical is-layout-flex wp-container-core-group-is-layout-8cf370e7 wp-block-group-is-layout-flex\">\n<figure class=\"wp-block-image size-full is-resized\"><a href=\"https:\/\/alles-ueber-riffe.de\/?page_id=5831\"><img loading=\"lazy\" decoding=\"async\" width=\"300\" height=\"200\" src=\"https:\/\/alles-ueber-riffe.de\/wp-content\/uploads\/2024\/12\/Schuetzenfisch_300x200.jpg\" alt=\"\" class=\"wp-image-3301\" style=\"width:519px;height:auto\"\/><\/a><\/figure>\n\n\n\n<p><a href=\"https:\/\/alles-ueber-riffe.de\/?page_id=5831\"><mark style=\"background-color:rgba(0, 0, 0, 0)\" class=\"has-inline-color has-vivid-cyan-blue-color\"><strong>Sch\u00fctzenfisch<\/strong> <em>(Toxotes jaculatrix)<\/em><\/mark><\/a><\/p>\n<\/div>\n\n\n\n<div style=\"height:50px\" aria-hidden=\"true\" class=\"wp-block-spacer\"><\/div>\n<\/div><\/div>\n<\/div>\n<\/div>\n<\/div>\n","protected":false},"excerpt":{"rendered":"<p>Sch\u00fctzenfische leben an der Oberfl\u00e4che in der Gezeitenzone im S\u00fc\u00df, Brack- und Salzwasser. Sie bevorzugen Mangrovengebiete, wandern jedoch auch in Fl\u00fcsse ein. Weiterlesen&#8230; Zu den einzelnen Arten Sch\u00fctzenfisch (Toxotes jaculatrix)<\/p>\n","protected":false},"author":1,"featured_media":0,"parent":0,"menu_order":0,"comment_status":"closed","ping_status":"closed","template":"","meta":{"footnotes":""},"class_list":["post-1274","page","type-page","status-publish","hentry"],"_links":{"self":[{"href":"https:\/\/alles-ueber-riffe.de\/index.php?rest_route=\/wp\/v2\/pages\/1274","targetHints":{"allow":["GET"]}}],"collection":[{"href":"https:\/\/alles-ueber-riffe.de\/index.php?rest_route=\/wp\/v2\/pages"}],"about":[{"href":"https:\/\/alles-ueber-riffe.de\/index.php?rest_route=\/wp\/v2\/types\/page"}],"author":[{"embeddable":true,"href":"https:\/\/alles-ueber-riffe.de\/index.php?rest_route=\/wp\/v2\/users\/1"}],"replies":[{"embeddable":true,"href":"https:\/\/alles-ueber-riffe.de\/index.php?rest_route=%2Fwp%2Fv2%2Fcomments&post=1274"}],"version-history":[{"count":6,"href":"https:\/\/alles-ueber-riffe.de\/index.php?rest_route=\/wp\/v2\/pages\/1274\/revisions"}],"predecessor-version":[{"id":9844,"href":"https:\/\/alles-ueber-riffe.de\/index.php?rest_route=\/wp\/v2\/pages\/1274\/revisions\/9844"}],"wp:attachment":[{"href":"https:\/\/alles-ueber-riffe.de\/index.php?rest_route=%2Fwp%2Fv2%2Fmedia&parent=1274"}],"curies":[{"name":"wp","href":"https:\/\/api.w.org\/{rel}","templated":true}]}}