{"id":1250,"date":"2024-10-29T11:42:02","date_gmt":"2024-10-29T11:42:02","guid":{"rendered":"https:\/\/alles-ueber-riffe.de\/?page_id=1250"},"modified":"2025-10-21T07:08:20","modified_gmt":"2025-10-21T07:08:20","slug":"graetenfische","status":"publish","type":"page","link":"https:\/\/alles-ueber-riffe.de\/?page_id=1250","title":{"rendered":"Gr\u00e4tenfische"},"content":{"rendered":"\n<div class=\"wp-block-group is-vertical is-content-justification-stretch is-layout-flex wp-container-core-group-is-layout-b16ad781 wp-block-group-is-layout-flex\">\n<div class=\"wp-block-group is-vertical is-layout-flex wp-container-core-group-is-layout-b7faace9 wp-block-group-is-layout-flex\">\n<p>Gr\u00e4tenfische verwechselt man sehr leicht mit Milchfischen oder Meer\u00e4schen. Gleiche Gr\u00f6\u00dfe von bis zu einem Meter, silberne Farbe und sich \u00fcberschneidende Lebensr\u00e4ume wie z.B. im flachen Wasser an Ufern\u00e4he sind Schuld an dieser Verwechslung. <a href=\"https:\/\/alles-ueber-riffe.de\/?page_id=2067\"><mark style=\"background-color:rgba(0, 0, 0, 0)\" class=\"has-inline-color has-vivid-cyan-blue-color\">Weiterlesen&#8230;<\/mark><\/a><\/p>\n<\/div>\n<\/div>\n\n\n\n<h2 class=\"wp-block-heading\">Zu den einzelnen Arten&#8230;<\/h2>\n\n\n\n<div class=\"wp-block-group is-vertical is-content-justification-stretch is-layout-flex wp-container-core-group-is-layout-b16ad781 wp-block-group-is-layout-flex\">\n<div class=\"wp-block-group is-vertical is-layout-flex wp-container-core-group-is-layout-b7faace9 wp-block-group-is-layout-flex\">\n<div class=\"wp-block-group is-nowrap is-layout-flex wp-container-core-group-is-layout-ad2f72ca wp-block-group-is-layout-flex\">\n<div class=\"wp-block-group\"><div class=\"wp-block-group__inner-container is-layout-constrained wp-block-group-is-layout-constrained\">\n<div class=\"wp-block-group is-vertical is-layout-flex wp-container-core-group-is-layout-8cf370e7 wp-block-group-is-layout-flex\">\n<figure class=\"wp-block-image size-full is-resized\"><a href=\"https:\/\/alles-ueber-riffe.de\/?page_id=4832\"><img loading=\"lazy\" decoding=\"async\" width=\"1024\" height=\"768\" src=\"https:\/\/alles-ueber-riffe.de\/wp-content\/uploads\/2024\/11\/Langmaul-Graetenfisch_1024x768.jpg\" alt=\"\" class=\"wp-image-2071\" style=\"width:519px;height:auto\" srcset=\"https:\/\/alles-ueber-riffe.de\/wp-content\/uploads\/2024\/11\/Langmaul-Graetenfisch_1024x768.jpg 1024w, https:\/\/alles-ueber-riffe.de\/wp-content\/uploads\/2024\/11\/Langmaul-Graetenfisch_1024x768-300x225.jpg 300w, https:\/\/alles-ueber-riffe.de\/wp-content\/uploads\/2024\/11\/Langmaul-Graetenfisch_1024x768-768x576.jpg 768w\" sizes=\"auto, (max-width: 767px) 89vw, (max-width: 1000px) 54vw, (max-width: 1071px) 543px, 580px\" \/><\/a><\/figure>\n\n\n\n<p><a href=\"https:\/\/alles-ueber-riffe.de\/?page_id=4832\"><mark style=\"background-color:rgba(0, 0, 0, 0)\" class=\"has-inline-color has-vivid-cyan-blue-color\"><em><strong>Albula oligolepis<\/strong><\/em><strong> \/ <\/strong>Kleiner Gr\u00e4tenfisch <\/mark><\/a><\/p>\n<\/div>\n\n\n\n<div style=\"height:50px\" aria-hidden=\"true\" class=\"wp-block-spacer\"><\/div>\n<\/div><\/div>\n<\/div>\n<\/div>\n<\/div>\n","protected":false},"excerpt":{"rendered":"<p>Gr\u00e4tenfische verwechselt man sehr leicht mit Milchfischen oder Meer\u00e4schen. Gleiche Gr\u00f6\u00dfe von bis zu einem Meter, silberne Farbe und sich \u00fcberschneidende Lebensr\u00e4ume wie z.B. im flachen Wasser an Ufern\u00e4he sind Schuld an dieser Verwechslung. Weiterlesen&#8230; Zu den einzelnen Arten&#8230; Albula oligolepis \/ Kleiner Gr\u00e4tenfisch<\/p>\n","protected":false},"author":1,"featured_media":0,"parent":0,"menu_order":0,"comment_status":"closed","ping_status":"closed","template":"","meta":{"footnotes":""},"class_list":["post-1250","page","type-page","status-publish","hentry"],"_links":{"self":[{"href":"https:\/\/alles-ueber-riffe.de\/index.php?rest_route=\/wp\/v2\/pages\/1250","targetHints":{"allow":["GET"]}}],"collection":[{"href":"https:\/\/alles-ueber-riffe.de\/index.php?rest_route=\/wp\/v2\/pages"}],"about":[{"href":"https:\/\/alles-ueber-riffe.de\/index.php?rest_route=\/wp\/v2\/types\/page"}],"author":[{"embeddable":true,"href":"https:\/\/alles-ueber-riffe.de\/index.php?rest_route=\/wp\/v2\/users\/1"}],"replies":[{"embeddable":true,"href":"https:\/\/alles-ueber-riffe.de\/index.php?rest_route=%2Fwp%2Fv2%2Fcomments&post=1250"}],"version-history":[{"count":6,"href":"https:\/\/alles-ueber-riffe.de\/index.php?rest_route=\/wp\/v2\/pages\/1250\/revisions"}],"predecessor-version":[{"id":11759,"href":"https:\/\/alles-ueber-riffe.de\/index.php?rest_route=\/wp\/v2\/pages\/1250\/revisions\/11759"}],"wp:attachment":[{"href":"https:\/\/alles-ueber-riffe.de\/index.php?rest_route=%2Fwp%2Fv2%2Fmedia&parent=1250"}],"curies":[{"name":"wp","href":"https:\/\/api.w.org\/{rel}","templated":true}]}}