{"id":1244,"date":"2024-10-29T11:41:07","date_gmt":"2024-10-29T11:41:07","guid":{"rendered":"https:\/\/alles-ueber-riffe.de\/?page_id=1244"},"modified":"2025-11-19T08:34:26","modified_gmt":"2025-11-19T08:34:26","slug":"floetenfische","status":"publish","type":"page","link":"https:\/\/alles-ueber-riffe.de\/?page_id=1244","title":{"rendered":"Fl\u00f6tenfische"},"content":{"rendered":"\n<div class=\"wp-block-group is-vertical is-content-justification-stretch is-layout-flex wp-container-core-group-is-layout-b16ad781 wp-block-group-is-layout-flex\">\n<div class=\"wp-block-group is-vertical is-layout-flex wp-container-core-group-is-layout-b7faace9 wp-block-group-is-layout-flex\">\n<p>Fl\u00f6tenfische sind schmale, d\u00fcnne, bis zu zwei Meter lange Raubfische, die t\u00e4glich bei ihrer Jagd nach Nahrung mit einem gro\u00dfen Problem konfrontiert sind: Sie w\u00e4ren gerne f\u00fcr ihre Beute unsichtbar. <a href=\"https:\/\/alles-ueber-riffe.de\/?page_id=1316\"><mark style=\"background-color:rgba(0, 0, 0, 0)\" class=\"has-inline-color has-vivid-cyan-blue-color\">Weiterlesen&#8230;<\/mark><\/a><\/p>\n<\/div>\n<\/div>\n\n\n\n<h2 class=\"wp-block-heading\">Zu den einzelnen Arten<\/h2>\n\n\n\n<div class=\"wp-block-group is-vertical is-content-justification-stretch is-layout-flex wp-container-core-group-is-layout-b16ad781 wp-block-group-is-layout-flex\">\n<div class=\"wp-block-group is-vertical is-layout-flex wp-container-core-group-is-layout-b7faace9 wp-block-group-is-layout-flex\">\n<div class=\"wp-block-group is-nowrap is-layout-flex wp-container-core-group-is-layout-ad2f72ca wp-block-group-is-layout-flex\">\n<div class=\"wp-block-group\"><div class=\"wp-block-group__inner-container is-layout-constrained wp-block-group-is-layout-constrained\">\n<div class=\"wp-block-group is-vertical is-layout-flex wp-container-core-group-is-layout-8cf370e7 wp-block-group-is-layout-flex\">\n<figure class=\"wp-block-image size-full is-resized\"><a href=\"https:\/\/alles-ueber-riffe.de\/?page_id=4651\"><img loading=\"lazy\" decoding=\"async\" width=\"300\" height=\"200\" src=\"https:\/\/alles-ueber-riffe.de\/wp-content\/uploads\/2024\/11\/Floetenfisch_300x200.jpg\" alt=\"\" class=\"wp-image-1991\" style=\"width:519px;height:auto\"\/><\/a><\/figure>\n\n\n\n<p><em><a style=\"white-space: normal;\" href=\"https:\/\/alles-ueber-riffe.de\/?page_id=4651\"><mark style=\"background-color:rgba(0, 0, 0, 0)\" class=\"has-inline-color has-vivid-cyan-blue-color\"><strong>Fistularia commersonii<\/strong><\/mark><\/a><\/em><strong><a style=\"white-space: normal;\" href=\"https:\/\/alles-ueber-riffe.de\/?page_id=4651\"><mark style=\"background-color:rgba(0, 0, 0, 0)\" class=\"has-inline-color has-vivid-cyan-blue-color\">\u00a0\/<\/mark><\/a><\/strong><a href=\"https:\/\/alles-ueber-riffe.de\/?page_id=4651\"><strong><mark style=\"background-color:rgba(0, 0, 0, 0)\" class=\"has-inline-color has-vivid-cyan-blue-color\"> <\/mark><\/strong><mark style=\"background-color:rgba(0, 0, 0, 0)\" class=\"has-inline-color has-vivid-cyan-blue-color\">Fl\u00f6tenfisch<\/mark><\/a><mark style=\"background-color:rgba(0, 0, 0, 0)\" class=\"has-inline-color has-vivid-cyan-blue-color\"><a href=\"https:\/\/alles-ueber-riffe.de\/?page_id=4651\"> <\/a><\/mark><\/p>\n<\/div>\n\n\n\n<div style=\"height:50px\" aria-hidden=\"true\" class=\"wp-block-spacer\"><\/div>\n\n\n\n<p><\/p>\n<\/div><\/div>\n<\/div>\n<\/div>\n<\/div>\n","protected":false},"excerpt":{"rendered":"<p>Fl\u00f6tenfische sind schmale, d\u00fcnne, bis zu zwei Meter lange Raubfische, die t\u00e4glich bei ihrer Jagd nach Nahrung mit einem gro\u00dfen Problem konfrontiert sind: Sie w\u00e4ren gerne f\u00fcr ihre Beute unsichtbar. Weiterlesen&#8230; Zu den einzelnen Arten Fistularia commersonii\u00a0\/ Fl\u00f6tenfisch<\/p>\n","protected":false},"author":1,"featured_media":0,"parent":0,"menu_order":0,"comment_status":"closed","ping_status":"closed","template":"","meta":{"footnotes":""},"class_list":["post-1244","page","type-page","status-publish","hentry"],"_links":{"self":[{"href":"https:\/\/alles-ueber-riffe.de\/index.php?rest_route=\/wp\/v2\/pages\/1244","targetHints":{"allow":["GET"]}}],"collection":[{"href":"https:\/\/alles-ueber-riffe.de\/index.php?rest_route=\/wp\/v2\/pages"}],"about":[{"href":"https:\/\/alles-ueber-riffe.de\/index.php?rest_route=\/wp\/v2\/types\/page"}],"author":[{"embeddable":true,"href":"https:\/\/alles-ueber-riffe.de\/index.php?rest_route=\/wp\/v2\/users\/1"}],"replies":[{"embeddable":true,"href":"https:\/\/alles-ueber-riffe.de\/index.php?rest_route=%2Fwp%2Fv2%2Fcomments&post=1244"}],"version-history":[{"count":8,"href":"https:\/\/alles-ueber-riffe.de\/index.php?rest_route=\/wp\/v2\/pages\/1244\/revisions"}],"predecessor-version":[{"id":11804,"href":"https:\/\/alles-ueber-riffe.de\/index.php?rest_route=\/wp\/v2\/pages\/1244\/revisions\/11804"}],"wp:attachment":[{"href":"https:\/\/alles-ueber-riffe.de\/index.php?rest_route=%2Fwp%2Fv2%2Fmedia&parent=1244"}],"curies":[{"name":"wp","href":"https:\/\/api.w.org\/{rel}","templated":true}]}}