{"id":1192,"date":"2024-10-29T10:33:59","date_gmt":"2024-10-29T10:33:59","guid":{"rendered":"https:\/\/alles-ueber-riffe.de\/?page_id=1192"},"modified":"2025-02-27T20:59:55","modified_gmt":"2025-02-27T20:59:55","slug":"strassenkehrer","status":"publish","type":"page","link":"https:\/\/alles-ueber-riffe.de\/?page_id=1192","title":{"rendered":"Stra\u00dfenkehrer"},"content":{"rendered":"\n<div class=\"wp-block-group is-vertical is-content-justification-stretch is-layout-flex wp-container-core-group-is-layout-b16ad781 wp-block-group-is-layout-flex\">\n<div class=\"wp-block-group is-vertical is-layout-flex wp-container-core-group-is-layout-b7faace9 wp-block-group-is-layout-flex\">\n<p>Der seltsame Name dieser Fische geht auf einen \u00dcbersetzungsfehler aus dem Englischen zur\u00fcck und hat sich seitdem hartn\u00e4ckig gehalten. Die richtige \u00dcbersetzung f\u00fcr \u201escavenger\u201c w\u00e4re Aasfresser gewesen. <a href=\"https:\/\/alles-ueber-riffe.de\/wp-admin\/post.php?post=3541&amp;action=edit\"><mark style=\"background-color:rgba(0, 0, 0, 0)\" class=\"has-inline-color has-vivid-cyan-blue-color\">Weiterlesen&#8230;<\/mark><\/a><\/p>\n<\/div>\n<\/div>\n\n\n\n<h2 class=\"wp-block-heading\">Zu den einzelnen Arten<\/h2>\n\n\n\n<div class=\"wp-block-group is-vertical is-content-justification-stretch is-layout-flex wp-container-core-group-is-layout-b16ad781 wp-block-group-is-layout-flex\">\n<div class=\"wp-block-group is-vertical is-layout-flex wp-container-core-group-is-layout-b7faace9 wp-block-group-is-layout-flex\">\n<div class=\"wp-block-group is-nowrap is-layout-flex wp-container-core-group-is-layout-ad2f72ca wp-block-group-is-layout-flex\">\n<div class=\"wp-block-group\"><div class=\"wp-block-group__inner-container is-layout-constrained wp-block-group-is-layout-constrained\">\n<div class=\"wp-block-group is-vertical is-layout-flex wp-container-core-group-is-layout-8cf370e7 wp-block-group-is-layout-flex\">\n<figure class=\"wp-block-image size-full is-resized\"><a href=\"https:\/\/alles-ueber-riffe.de\/?page_id=5978\"><img loading=\"lazy\" decoding=\"async\" width=\"300\" height=\"200\" src=\"https:\/\/alles-ueber-riffe.de\/wp-content\/uploads\/2024\/12\/Blauschuppen-Strassenkehrer_300x200.jpg\" alt=\"\" class=\"wp-image-3547\" style=\"width:519px;height:auto\"\/><\/a><\/figure>\n\n\n\n<p><a href=\"https:\/\/alles-ueber-riffe.de\/?page_id=5978\"><mark style=\"background-color:rgba(0, 0, 0, 0)\" class=\"has-inline-color has-vivid-cyan-blue-color\"><strong>Blauschuppen-Stra\u00dfenkehrer<\/strong> <em>(Lethrinus nebulosus)<\/em><\/mark><\/a><\/p>\n<\/div>\n\n\n\n<div style=\"height:50px\" aria-hidden=\"true\" class=\"wp-block-spacer\"><\/div>\n\n\n\n<p><\/p>\n<\/div><\/div>\n<\/div>\n<\/div>\n<\/div>\n\n\n\n<div class=\"wp-block-group is-vertical is-layout-flex wp-container-core-group-is-layout-8cf370e7 wp-block-group-is-layout-flex\">\n<div class=\"wp-block-group is-vertical is-layout-flex wp-container-core-group-is-layout-8cf370e7 wp-block-group-is-layout-flex\">\n<figure class=\"wp-block-image size-full is-resized\"><a href=\"https:\/\/alles-ueber-riffe.de\/?page_id=5980\"><img loading=\"lazy\" decoding=\"async\" width=\"300\" height=\"200\" src=\"https:\/\/alles-ueber-riffe.de\/wp-content\/uploads\/2024\/12\/Gelbflossen-Strassenkehrer_300x200.jpg\" alt=\"\" class=\"wp-image-3550\" style=\"width:521px;height:auto\"\/><\/a><\/figure>\n<\/div>\n\n\n\n<p><a href=\"https:\/\/alles-ueber-riffe.de\/?page_id=5980\"><mark style=\"background-color:rgba(0, 0, 0, 0)\" class=\"has-inline-color has-vivid-cyan-blue-color\"><strong>Gelbflossen-Stra\u00dfenkehrer<\/strong> <em>(Lethrinus erythracanthus)<\/em><\/mark><\/a><\/p>\n<\/div>\n\n\n\n<div style=\"height:50px\" aria-hidden=\"true\" class=\"wp-block-spacer\"><\/div>\n\n\n\n<div class=\"wp-block-group is-vertical is-layout-flex wp-container-core-group-is-layout-8cf370e7 wp-block-group-is-layout-flex\">\n<figure class=\"wp-block-image size-full is-resized\"><a href=\"https:\/\/alles-ueber-riffe.de\/?page_id=5983\"><img loading=\"lazy\" decoding=\"async\" width=\"300\" height=\"200\" src=\"https:\/\/alles-ueber-riffe.de\/wp-content\/uploads\/2024\/12\/Goldstreifen-Strassenkehrer_300x200.jpg\" alt=\"\" class=\"wp-image-3552\" style=\"width:521px;height:auto\"\/><\/a><\/figure>\n\n\n\n<p><a href=\"https:\/\/alles-ueber-riffe.de\/?page_id=5983\"><mark style=\"background-color:rgba(0, 0, 0, 0)\" class=\"has-inline-color has-vivid-cyan-blue-color\"><strong>Goldstreifen-Stra\u00dfenkehrer<\/strong> <em>(Lethrinus obsoletus)<\/em><\/mark><\/a><\/p>\n<\/div>\n\n\n\n<div style=\"height:50px\" aria-hidden=\"true\" class=\"wp-block-spacer\"><\/div>\n\n\n\n<div style=\"height:50px\" aria-hidden=\"true\" class=\"wp-block-spacer\"><\/div>\n\n\n\n<div class=\"wp-block-group is-vertical is-layout-flex wp-container-core-group-is-layout-8cf370e7 wp-block-group-is-layout-flex\">\n<div class=\"wp-block-group is-vertical is-layout-flex wp-container-core-group-is-layout-8cf370e7 wp-block-group-is-layout-flex\">\n<figure class=\"wp-block-image size-full is-resized\"><img loading=\"lazy\" decoding=\"async\" width=\"536\" height=\"336\" src=\"https:\/\/alles-ueber-riffe.de\/wp-content\/uploads\/2024\/12\/grossaugen_strassenkehrer_960_640-e1733501239149.jpg\" alt=\"\" class=\"wp-image-3555\" style=\"width:508px;height:auto\" srcset=\"https:\/\/alles-ueber-riffe.de\/wp-content\/uploads\/2024\/12\/grossaugen_strassenkehrer_960_640-e1733501239149.jpg 536w, https:\/\/alles-ueber-riffe.de\/wp-content\/uploads\/2024\/12\/grossaugen_strassenkehrer_960_640-e1733501239149-300x188.jpg 300w\" sizes=\"auto, (max-width: 536px) 100vw, 536px\" \/><\/figure>\n<\/div>\n\n\n\n<p><a href=\"https:\/\/alles-ueber-riffe.de\/?page_id=5986\"><mark style=\"background-color:rgba(0, 0, 0, 0)\" class=\"has-inline-color has-vivid-cyan-blue-color\"><strong>Gro\u00dfaugen-Stra\u00dfenkehrer<\/strong> <em>(Monotaxis grandoculis)<\/em><\/mark><\/a><\/p>\n<\/div>\n\n\n\n<div style=\"height:50px\" aria-hidden=\"true\" class=\"wp-block-spacer\"><\/div>\n\n\n\n<div class=\"wp-block-group is-vertical is-layout-flex wp-container-core-group-is-layout-8cf370e7 wp-block-group-is-layout-flex\">\n<div class=\"wp-block-group is-vertical is-layout-flex wp-container-core-group-is-layout-8cf370e7 wp-block-group-is-layout-flex\">\n<figure class=\"wp-block-image size-full is-resized\"><a href=\"https:\/\/alles-ueber-riffe.de\/?page_id=5993\"><img loading=\"lazy\" decoding=\"async\" width=\"787\" height=\"474\" src=\"https:\/\/alles-ueber-riffe.de\/wp-content\/uploads\/2024\/12\/Langflossen-Strassenkehrer_aufmacher-klein-e1733501525156.jpg\" alt=\"\" class=\"wp-image-3562\" style=\"width:504px;height:auto\" srcset=\"https:\/\/alles-ueber-riffe.de\/wp-content\/uploads\/2024\/12\/Langflossen-Strassenkehrer_aufmacher-klein-e1733501525156.jpg 787w, https:\/\/alles-ueber-riffe.de\/wp-content\/uploads\/2024\/12\/Langflossen-Strassenkehrer_aufmacher-klein-e1733501525156-300x181.jpg 300w, https:\/\/alles-ueber-riffe.de\/wp-content\/uploads\/2024\/12\/Langflossen-Strassenkehrer_aufmacher-klein-e1733501525156-768x463.jpg 768w\" sizes=\"auto, (max-width: 767px) 89vw, (max-width: 1000px) 54vw, (max-width: 1071px) 543px, 580px\" \/><\/a><\/figure>\n<\/div>\n\n\n\n<p><a href=\"https:\/\/alles-ueber-riffe.de\/?page_id=5993\"><mark style=\"background-color:rgba(0, 0, 0, 0)\" class=\"has-inline-color has-vivid-cyan-blue-color\"><strong>Langflossen-Strassenkehrer<\/strong> <em>(Lethrinus erythropterus)<\/em><\/mark><\/a><\/p>\n<\/div>\n\n\n\n<div style=\"height:50px\" aria-hidden=\"true\" class=\"wp-block-spacer\"><\/div>\n\n\n\n<div class=\"wp-block-group is-vertical is-layout-flex wp-container-core-group-is-layout-8cf370e7 wp-block-group-is-layout-flex\">\n<div class=\"wp-block-group is-vertical is-layout-flex wp-container-core-group-is-layout-8cf370e7 wp-block-group-is-layout-flex\">\n<figure class=\"wp-block-image size-full is-resized\"><a href=\"https:\/\/alles-ueber-riffe.de\/?page_id=5989\"><img loading=\"lazy\" decoding=\"async\" width=\"300\" height=\"200\" src=\"https:\/\/alles-ueber-riffe.de\/wp-content\/uploads\/2024\/12\/Mahsena-Strassenkehrer_300x200.jpg\" alt=\"\" class=\"wp-image-3557\" style=\"width:510px;height:auto\"\/><\/a><\/figure>\n<\/div>\n\n\n\n<p><a href=\"https:\/\/alles-ueber-riffe.de\/?page_id=5989\"><mark style=\"background-color:rgba(0, 0, 0, 0)\" class=\"has-inline-color has-vivid-cyan-blue-color\"><strong>Mahsena-Stra\u00dfenkehrer<\/strong> <em>(Lethrinus mahsena)<\/em><\/mark><\/a><\/p>\n<\/div>\n\n\n\n<div style=\"height:50px\" aria-hidden=\"true\" class=\"wp-block-spacer\"><\/div>\n\n\n\n<div class=\"wp-block-group is-vertical is-layout-flex wp-container-core-group-is-layout-8cf370e7 wp-block-group-is-layout-flex\">\n<div class=\"wp-block-group is-vertical is-layout-flex wp-container-core-group-is-layout-8cf370e7 wp-block-group-is-layout-flex\">\n<figure class=\"wp-block-image size-full is-resized\"><a href=\"https:\/\/alles-ueber-riffe.de\/?page_id=5995\"><img loading=\"lazy\" decoding=\"async\" width=\"300\" height=\"200\" src=\"https:\/\/alles-ueber-riffe.de\/wp-content\/uploads\/2024\/12\/Rotohr-Strassenkehrer_300x200.jpg\" alt=\"\" class=\"wp-image-3563\" style=\"width:505px;height:auto\"\/><\/a><\/figure>\n<\/div>\n\n\n\n<p><a href=\"https:\/\/alles-ueber-riffe.de\/?page_id=5995\"><mark style=\"background-color:rgba(0, 0, 0, 0)\" class=\"has-inline-color has-vivid-cyan-blue-color\"><strong>Rotohr-Stra\u00dfenkehrer<\/strong> <em>(Lethrinus lentjan)<\/em><\/mark><\/a><\/p>\n<\/div>\n\n\n\n<div style=\"height:50px\" aria-hidden=\"true\" class=\"wp-block-spacer\"><\/div>\n\n\n\n<div class=\"wp-block-group is-vertical is-layout-flex wp-container-core-group-is-layout-8cf370e7 wp-block-group-is-layout-flex\">\n<div class=\"wp-block-group is-vertical is-layout-flex wp-container-core-group-is-layout-8cf370e7 wp-block-group-is-layout-flex\">\n<figure class=\"wp-block-image size-full is-resized\"><img loading=\"lazy\" decoding=\"async\" width=\"300\" height=\"200\" src=\"https:\/\/alles-ueber-riffe.de\/wp-content\/uploads\/2024\/12\/Spitzkopf-Strassenkehrer_300x200.jpg\" alt=\"\" class=\"wp-image-3559\" style=\"width:508px;height:auto\"\/><\/figure>\n<\/div>\n\n\n\n<p><a href=\"https:\/\/alles-ueber-riffe.de\/?page_id=5991\"><mark style=\"background-color:rgba(0, 0, 0, 0)\" class=\"has-inline-color has-vivid-cyan-blue-color\"><strong>Spitzkopf-Stra\u00dfenkehrer<\/strong> <em>(Lethrinus microdon)<\/em><\/mark><\/a><\/p>\n<\/div>\n\n\n\n<div style=\"height:50px\" aria-hidden=\"true\" class=\"wp-block-spacer\"><\/div>\n\n\n\n<div style=\"height:50px\" aria-hidden=\"true\" class=\"wp-block-spacer\"><\/div>\n","protected":false},"excerpt":{"rendered":"<p>Der seltsame Name dieser Fische geht auf einen \u00dcbersetzungsfehler aus dem Englischen zur\u00fcck und hat sich seitdem hartn\u00e4ckig gehalten. Die richtige \u00dcbersetzung f\u00fcr \u201escavenger\u201c w\u00e4re Aasfresser gewesen. Weiterlesen&#8230; Zu den einzelnen Arten Blauschuppen-Stra\u00dfenkehrer (Lethrinus nebulosus) Gelbflossen-Stra\u00dfenkehrer (Lethrinus erythracanthus) Goldstreifen-Stra\u00dfenkehrer (Lethrinus obsoletus) Gro\u00dfaugen-Stra\u00dfenkehrer (Monotaxis grandoculis) Langflossen-Strassenkehrer (Lethrinus erythropterus) Mahsena-Stra\u00dfenkehrer (Lethrinus mahsena) Rotohr-Stra\u00dfenkehrer (Lethrinus lentjan) Spitzkopf-Stra\u00dfenkehrer (Lethrinus &hellip; <\/p>\n<p class=\"link-more\"><a href=\"https:\/\/alles-ueber-riffe.de\/?page_id=1192\" class=\"more-link\"><span class=\"screen-reader-text\">\u201eStra\u00dfenkehrer\u201c<\/span> weiterlesen<\/a><\/p>\n","protected":false},"author":1,"featured_media":0,"parent":0,"menu_order":0,"comment_status":"closed","ping_status":"closed","template":"","meta":{"footnotes":""},"class_list":["post-1192","page","type-page","status-publish","hentry"],"_links":{"self":[{"href":"https:\/\/alles-ueber-riffe.de\/index.php?rest_route=\/wp\/v2\/pages\/1192","targetHints":{"allow":["GET"]}}],"collection":[{"href":"https:\/\/alles-ueber-riffe.de\/index.php?rest_route=\/wp\/v2\/pages"}],"about":[{"href":"https:\/\/alles-ueber-riffe.de\/index.php?rest_route=\/wp\/v2\/types\/page"}],"author":[{"embeddable":true,"href":"https:\/\/alles-ueber-riffe.de\/index.php?rest_route=\/wp\/v2\/users\/1"}],"replies":[{"embeddable":true,"href":"https:\/\/alles-ueber-riffe.de\/index.php?rest_route=%2Fwp%2Fv2%2Fcomments&post=1192"}],"version-history":[{"count":21,"href":"https:\/\/alles-ueber-riffe.de\/index.php?rest_route=\/wp\/v2\/pages\/1192\/revisions"}],"predecessor-version":[{"id":10225,"href":"https:\/\/alles-ueber-riffe.de\/index.php?rest_route=\/wp\/v2\/pages\/1192\/revisions\/10225"}],"wp:attachment":[{"href":"https:\/\/alles-ueber-riffe.de\/index.php?rest_route=%2Fwp%2Fv2%2Fmedia&parent=1192"}],"curies":[{"name":"wp","href":"https:\/\/api.w.org\/{rel}","templated":true}]}}