{"id":1166,"date":"2024-10-29T10:29:17","date_gmt":"2024-10-29T10:29:17","guid":{"rendered":"https:\/\/alles-ueber-riffe.de\/?page_id=1166"},"modified":"2025-02-09T22:24:17","modified_gmt":"2025-02-09T22:24:17","slug":"sandtaucher","status":"publish","type":"page","link":"https:\/\/alles-ueber-riffe.de\/?page_id=1166","title":{"rendered":"Sandtaucher"},"content":{"rendered":"\n<div class=\"wp-block-group is-vertical is-content-justification-stretch is-layout-flex wp-container-core-group-is-layout-b16ad781 wp-block-group-is-layout-flex\">\n<div class=\"wp-block-group is-vertical is-layout-flex wp-container-core-group-is-layout-b7faace9 wp-block-group-is-layout-flex\">\n<p>Sandtaucher sind kleine bis ca. 20 cm lang werdende Fische, die wie Aale aussehen. Wie diese verstecken sie sich bei Gefahr im Sandboden, indem<em>&nbsp;<\/em>sie blitzartig kopf\u00fcber verschwinden. <mark style=\"background-color:rgba(0, 0, 0, 0)\" class=\"has-inline-color has-vivid-cyan-blue-color\"> <\/mark><a href=\"https:\/\/alles-ueber-riffe.de\/?page_id=1392\"><mark style=\"background-color:rgba(0, 0, 0, 0)\" class=\"has-inline-color has-vivid-cyan-blue-color\">Weiterlesen&#8230;<\/mark><\/a><\/p>\n<\/div>\n<\/div>\n\n\n\n<h2 class=\"wp-block-heading\">Zu den einzelnen Arten<\/h2>\n\n\n\n<div class=\"wp-block-group is-vertical is-content-justification-stretch is-layout-flex wp-container-core-group-is-layout-b16ad781 wp-block-group-is-layout-flex\">\n<div class=\"wp-block-group is-vertical is-layout-flex wp-container-core-group-is-layout-b7faace9 wp-block-group-is-layout-flex\">\n<div class=\"wp-block-group is-nowrap is-layout-flex wp-container-core-group-is-layout-ad2f72ca wp-block-group-is-layout-flex\">\n<div class=\"wp-block-group\"><div class=\"wp-block-group__inner-container is-layout-constrained wp-block-group-is-layout-constrained\">\n<div class=\"wp-block-group is-vertical is-layout-flex wp-container-core-group-is-layout-8cf370e7 wp-block-group-is-layout-flex\">\n<figure class=\"wp-block-image size-full is-resized\"><a href=\"https:\/\/alles-ueber-riffe.de\/?page_id=5669\"><img loading=\"lazy\" decoding=\"async\" width=\"300\" height=\"200\" src=\"https:\/\/alles-ueber-riffe.de\/wp-content\/uploads\/2024\/11\/Goldstreifen-Sandtaucher_300x200.jpg\" alt=\"\" class=\"wp-image-3069\" style=\"width:519px;height:auto\"\/><\/a><\/figure>\n\n\n\n<p><a href=\"https:\/\/alles-ueber-riffe.de\/?page_id=5669\"><mark style=\"background-color:rgba(0, 0, 0, 0)\" class=\"has-inline-color has-vivid-cyan-blue-color\"><strong>Goldstreifen-Sandtaucher<\/strong> <em>(Trichonotus halstead)<\/em><\/mark><\/a><\/p>\n<\/div>\n\n\n\n<div style=\"height:50px\" aria-hidden=\"true\" class=\"wp-block-spacer\"><\/div>\n<\/div><\/div>\n<\/div>\n<\/div>\n<\/div>\n\n\n\n<div class=\"wp-block-group is-vertical is-layout-flex wp-container-core-group-is-layout-8cf370e7 wp-block-group-is-layout-flex\">\n<div class=\"wp-block-group is-vertical is-layout-flex wp-container-core-group-is-layout-8cf370e7 wp-block-group-is-layout-flex\">\n<figure class=\"wp-block-image size-full is-resized\"><img loading=\"lazy\" decoding=\"async\" width=\"300\" height=\"200\" src=\"https:\/\/alles-ueber-riffe.de\/wp-content\/uploads\/2024\/11\/Rotmeer-Sandtaucher_300x200.jpg\" alt=\"\" class=\"wp-image-3071\" style=\"width:521px;height:auto\"\/><\/figure>\n<\/div>\n\n\n\n<p><a href=\"http:\/\/Der Rotmeer-Sandtaucher ruht auf oder im Sandboden, in dem er auch nachts schl\u00e4ft. Zum Fressen schwimmen sie in Gruppen aber auch in gro\u00dfen Schw\u00e4rmen oft weit \u00fcber dem Boden und jagen Zooplankton.\"><mark style=\"background-color:rgba(0, 0, 0, 0)\" class=\"has-inline-color has-vivid-cyan-blue-color\"><strong>Rotmeer-Sandtaucher<\/strong> <em>(Trichonotus nikii)<\/em><\/mark><\/a><\/p>\n<\/div>\n\n\n\n<div style=\"height:50px\" aria-hidden=\"true\" class=\"wp-block-spacer\"><\/div>\n","protected":false},"excerpt":{"rendered":"<p>Sandtaucher sind kleine bis ca. 20 cm lang werdende Fische, die wie Aale aussehen. Wie diese verstecken sie sich bei Gefahr im Sandboden, indem&nbsp;sie blitzartig kopf\u00fcber verschwinden. Weiterlesen&#8230; Zu den einzelnen Arten Goldstreifen-Sandtaucher (Trichonotus halstead) Rotmeer-Sandtaucher (Trichonotus nikii)<\/p>\n","protected":false},"author":1,"featured_media":0,"parent":0,"menu_order":0,"comment_status":"closed","ping_status":"closed","template":"","meta":{"footnotes":""},"class_list":["post-1166","page","type-page","status-publish","hentry"],"_links":{"self":[{"href":"https:\/\/alles-ueber-riffe.de\/index.php?rest_route=\/wp\/v2\/pages\/1166","targetHints":{"allow":["GET"]}}],"collection":[{"href":"https:\/\/alles-ueber-riffe.de\/index.php?rest_route=\/wp\/v2\/pages"}],"about":[{"href":"https:\/\/alles-ueber-riffe.de\/index.php?rest_route=\/wp\/v2\/types\/page"}],"author":[{"embeddable":true,"href":"https:\/\/alles-ueber-riffe.de\/index.php?rest_route=\/wp\/v2\/users\/1"}],"replies":[{"embeddable":true,"href":"https:\/\/alles-ueber-riffe.de\/index.php?rest_route=%2Fwp%2Fv2%2Fcomments&post=1166"}],"version-history":[{"count":10,"href":"https:\/\/alles-ueber-riffe.de\/index.php?rest_route=\/wp\/v2\/pages\/1166\/revisions"}],"predecessor-version":[{"id":9470,"href":"https:\/\/alles-ueber-riffe.de\/index.php?rest_route=\/wp\/v2\/pages\/1166\/revisions\/9470"}],"wp:attachment":[{"href":"https:\/\/alles-ueber-riffe.de\/index.php?rest_route=%2Fwp%2Fv2%2Fmedia&parent=1166"}],"curies":[{"name":"wp","href":"https:\/\/api.w.org\/{rel}","templated":true}]}}