{"id":11546,"date":"2025-06-14T09:12:00","date_gmt":"2025-06-14T09:12:00","guid":{"rendered":"https:\/\/alles-ueber-riffe.de\/?page_id=11546"},"modified":"2025-06-14T10:22:42","modified_gmt":"2025-06-14T10:22:42","slug":"schlangensterne","status":"publish","type":"page","link":"https:\/\/alles-ueber-riffe.de\/?page_id=11546","title":{"rendered":"Ophiuroidea &#8211; Schlangensterne"},"content":{"rendered":"\n<div class=\"wp-block-group is-vertical is-content-justification-stretch is-layout-flex wp-container-core-group-is-layout-b16ad781 wp-block-group-is-layout-flex\">\n<div class=\"wp-block-group is-vertical is-layout-flex wp-container-core-group-is-layout-b7faace9 wp-block-group-is-layout-flex\">\n<p>Mit \u00fcber 2100 heute lebenden Arten bilden die Schlangesterne die gr\u00f6\u00dfte Gruppe unter den Stachelh\u00e4utern. Sie kommen in allen Meeresregionen einschlie\u00dflich der Tiefsee vor. Zu den eindrucksvollsten Schlagensternen  geh\u00f6ren die nachtaktiven Gorgonienh\u00e4upter.  <mark style=\"background-color:rgba(0, 0, 0, 0)\" class=\"has-inline-color has-vivid-cyan-blue-color\">Weiterlesen&#8230;<\/mark><\/p>\n<\/div>\n<\/div>\n\n\n\n<h2 class=\"wp-block-heading\">Zu den einzelnen Arten<\/h2>\n\n\n\n<div class=\"wp-block-group is-vertical is-layout-flex wp-container-core-group-is-layout-8cf370e7 wp-block-group-is-layout-flex\">\n<div class=\"wp-block-group is-vertical is-layout-flex wp-container-core-group-is-layout-8cf370e7 wp-block-group-is-layout-flex\">\n<figure class=\"wp-block-image size-full is-resized\"><img loading=\"lazy\" decoding=\"async\" width=\"600\" height=\"400\" src=\"https:\/\/alles-ueber-riffe.de\/wp-content\/uploads\/2025\/06\/Gorgonienhaupt-600-400.jpg\" alt=\"\" class=\"wp-image-11560\" style=\"width:521px;height:auto\" srcset=\"https:\/\/alles-ueber-riffe.de\/wp-content\/uploads\/2025\/06\/Gorgonienhaupt-600-400.jpg 600w, https:\/\/alles-ueber-riffe.de\/wp-content\/uploads\/2025\/06\/Gorgonienhaupt-600-400-300x200.jpg 300w\" sizes=\"auto, (max-width: 600px) 100vw, 600px\" \/><\/figure>\n<\/div>\n\n\n\n<p><strong><em>Astroba nuda\u00a0<\/em><\/strong><em> <\/em>\/ Gorgonienhaupt<\/p>\n<\/div>\n\n\n\n<div style=\"height:50px\" aria-hidden=\"true\" class=\"wp-block-spacer\"><\/div>\n\n\n\n<div class=\"wp-block-group is-vertical is-layout-flex wp-container-core-group-is-layout-8cf370e7 wp-block-group-is-layout-flex\">\n<figure class=\"wp-block-image size-full is-resized\"><img loading=\"lazy\" decoding=\"async\" width=\"600\" height=\"400\" src=\"https:\/\/alles-ueber-riffe.de\/wp-content\/uploads\/2025\/06\/48659-Schlangenstern1-600-400.jpg\" alt=\"\" class=\"wp-image-11561\" style=\"width:513px;height:auto\" srcset=\"https:\/\/alles-ueber-riffe.de\/wp-content\/uploads\/2025\/06\/48659-Schlangenstern1-600-400.jpg 600w, https:\/\/alles-ueber-riffe.de\/wp-content\/uploads\/2025\/06\/48659-Schlangenstern1-600-400-300x200.jpg 300w\" sizes=\"auto, (max-width: 600px) 100vw, 600px\" \/><\/figure>\n\n\n\n<p><em><strong>Ophiocoma erinaceus<\/strong> <\/em>\/ Brauner Schlangenstern<\/p>\n<\/div>\n\n\n\n<div style=\"height:50px\" aria-hidden=\"true\" class=\"wp-block-spacer\"><\/div>\n\n\n\n<div class=\"wp-block-group is-vertical is-layout-flex wp-container-core-group-is-layout-8cf370e7 wp-block-group-is-layout-flex\">\n<div class=\"wp-block-group is-vertical is-layout-flex wp-container-core-group-is-layout-8cf370e7 wp-block-group-is-layout-flex\">\n<figure class=\"wp-block-image size-full is-resized\"><img loading=\"lazy\" decoding=\"async\" width=\"600\" height=\"400\" src=\"https:\/\/alles-ueber-riffe.de\/wp-content\/uploads\/2025\/06\/B130271-Schlangenstern2-600-400.jpg\" alt=\"\" class=\"wp-image-11562\" style=\"width:508px;height:auto\" srcset=\"https:\/\/alles-ueber-riffe.de\/wp-content\/uploads\/2025\/06\/B130271-Schlangenstern2-600-400.jpg 600w, https:\/\/alles-ueber-riffe.de\/wp-content\/uploads\/2025\/06\/B130271-Schlangenstern2-600-400-300x200.jpg 300w\" sizes=\"auto, (max-width: 600px) 100vw, 600px\" \/><\/figure>\n<\/div>\n\n\n\n<p><strong>Ophiocoma scolopendrina<\/strong> \/ Riffdach-Schlangenstern<\/p>\n<\/div>\n\n\n\n<div style=\"height:50px\" aria-hidden=\"true\" class=\"wp-block-spacer\"><\/div>\n\n\n\n<div style=\"height:50px\" aria-hidden=\"true\" class=\"wp-block-spacer\"><\/div>\n\n\n\n<div class=\"wp-block-group is-vertical is-content-justification-stretch is-layout-flex wp-container-core-group-is-layout-b16ad781 wp-block-group-is-layout-flex\">\n<div class=\"wp-block-group is-vertical is-layout-flex wp-container-core-group-is-layout-b7faace9 wp-block-group-is-layout-flex\">\n<div class=\"wp-block-group is-nowrap is-layout-flex wp-container-core-group-is-layout-ad2f72ca wp-block-group-is-layout-flex\">\n<div class=\"wp-block-group\"><div class=\"wp-block-group__inner-container is-layout-constrained wp-block-group-is-layout-constrained\">\n<div style=\"height:50px\" aria-hidden=\"true\" class=\"wp-block-spacer\"><\/div>\n<\/div><\/div>\n<\/div>\n<\/div>\n<\/div>\n\n\n\n<div style=\"height:50px\" aria-hidden=\"true\" class=\"wp-block-spacer\"><\/div>\n\n\n\n<div style=\"height:50px\" aria-hidden=\"true\" class=\"wp-block-spacer\"><\/div>\n\n\n\n<div style=\"height:50px\" aria-hidden=\"true\" class=\"wp-block-spacer\"><\/div>\n\n\n\n<div style=\"height:50px\" aria-hidden=\"true\" class=\"wp-block-spacer\"><\/div>\n\n\n\n<div style=\"height:50px\" aria-hidden=\"true\" class=\"wp-block-spacer\"><\/div>\n\n\n\n<div style=\"height:56px\" aria-hidden=\"true\" class=\"wp-block-spacer\"><\/div>\n","protected":false},"excerpt":{"rendered":"<p>Mit \u00fcber 2100 heute lebenden Arten bilden die Schlangesterne die gr\u00f6\u00dfte Gruppe unter den Stachelh\u00e4utern. Sie kommen in allen Meeresregionen einschlie\u00dflich der Tiefsee vor. Zu den eindrucksvollsten Schlagensternen geh\u00f6ren die nachtaktiven Gorgonienh\u00e4upter. Weiterlesen&#8230; Zu den einzelnen Arten Astroba nuda\u00a0 \/ Gorgonienhaupt Ophiocoma erinaceus \/ Brauner Schlangenstern Ophiocoma scolopendrina \/ Riffdach-Schlangenstern<\/p>\n","protected":false},"author":1,"featured_media":0,"parent":0,"menu_order":0,"comment_status":"closed","ping_status":"closed","template":"","meta":{"footnotes":""},"class_list":["post-11546","page","type-page","status-publish","hentry"],"_links":{"self":[{"href":"https:\/\/alles-ueber-riffe.de\/index.php?rest_route=\/wp\/v2\/pages\/11546","targetHints":{"allow":["GET"]}}],"collection":[{"href":"https:\/\/alles-ueber-riffe.de\/index.php?rest_route=\/wp\/v2\/pages"}],"about":[{"href":"https:\/\/alles-ueber-riffe.de\/index.php?rest_route=\/wp\/v2\/types\/page"}],"author":[{"embeddable":true,"href":"https:\/\/alles-ueber-riffe.de\/index.php?rest_route=\/wp\/v2\/users\/1"}],"replies":[{"embeddable":true,"href":"https:\/\/alles-ueber-riffe.de\/index.php?rest_route=%2Fwp%2Fv2%2Fcomments&post=11546"}],"version-history":[{"count":8,"href":"https:\/\/alles-ueber-riffe.de\/index.php?rest_route=\/wp\/v2\/pages\/11546\/revisions"}],"predecessor-version":[{"id":11566,"href":"https:\/\/alles-ueber-riffe.de\/index.php?rest_route=\/wp\/v2\/pages\/11546\/revisions\/11566"}],"wp:attachment":[{"href":"https:\/\/alles-ueber-riffe.de\/index.php?rest_route=%2Fwp%2Fv2%2Fmedia&parent=11546"}],"curies":[{"name":"wp","href":"https:\/\/api.w.org\/{rel}","templated":true}]}}