{"id":1124,"date":"2024-10-29T10:20:39","date_gmt":"2024-10-29T10:20:39","guid":{"rendered":"https:\/\/alles-ueber-riffe.de\/?page_id=1124"},"modified":"2025-01-21T10:42:51","modified_gmt":"2025-01-21T10:42:51","slug":"husaren-und-soldatenfische","status":"publish","type":"page","link":"https:\/\/alles-ueber-riffe.de\/?page_id=1124","title":{"rendered":"Husaren- und Soldatenfische"},"content":{"rendered":"\n<div class=\"wp-block-group is-vertical is-content-justification-stretch is-layout-flex wp-container-core-group-is-layout-b16ad781 wp-block-group-is-layout-flex\">\n<div class=\"wp-block-group is-vertical is-layout-flex wp-container-core-group-is-layout-b7faace9 wp-block-group-is-layout-flex\">\n<p>Husaren- und Soldatenfische verwechselt man leicht mit Gro\u00dfaugenbarschen. Auch halten sie sich tags\u00fcber im gleichen Lebensraum wie H\u00f6hlen und dunklen Riffspalten auf und sind nachtaktiv. <a href=\"https:\/\/alles-ueber-riffe.de\/?page_id=1340\"><mark style=\"background-color:rgba(0, 0, 0, 0)\" class=\"has-inline-color has-vivid-cyan-blue-color\">Weiterlesen&#8230;<\/mark><\/a><\/p>\n<\/div>\n<\/div>\n\n\n\n<h2 class=\"wp-block-heading\">Zu den einzelnen Arten&#8230;<\/h2>\n\n\n\n<div class=\"wp-block-group is-vertical is-content-justification-stretch is-layout-flex wp-container-core-group-is-layout-b16ad781 wp-block-group-is-layout-flex\">\n<div class=\"wp-block-group is-vertical is-layout-flex wp-container-core-group-is-layout-b7faace9 wp-block-group-is-layout-flex\">\n<div class=\"wp-block-group is-nowrap is-layout-flex wp-container-core-group-is-layout-ad2f72ca wp-block-group-is-layout-flex\">\n<div class=\"wp-block-group\"><div class=\"wp-block-group__inner-container is-layout-constrained wp-block-group-is-layout-constrained\">\n<div class=\"wp-block-group is-vertical is-layout-flex wp-container-core-group-is-layout-8cf370e7 wp-block-group-is-layout-flex\">\n<figure class=\"wp-block-image size-full is-resized\"><a href=\"https:\/\/alles-ueber-riffe.de\/?page_id=4916\"><img loading=\"lazy\" decoding=\"async\" width=\"300\" height=\"200\" src=\"https:\/\/alles-ueber-riffe.de\/wp-content\/uploads\/2024\/11\/Blutfleck-Husar_300x200.jpg\" alt=\"\" class=\"wp-image-2217\" style=\"width:519px;height:auto\"\/><\/a><figcaption class=\"wp-element-caption\">\u00a9 Heinz Krimmer<\/figcaption><\/figure>\n\n\n\n<p><a href=\"https:\/\/alles-ueber-riffe.de\/?page_id=4916\"><mark style=\"background-color:rgba(0, 0, 0, 0)\" class=\"has-inline-color has-vivid-cyan-blue-color\"><strong>Blutfleck-Husar<\/strong> <em>(Neoniphon sammara)<\/em><\/mark><\/a><\/p>\n<\/div>\n\n\n\n<div style=\"height:50px\" aria-hidden=\"true\" class=\"wp-block-spacer\"><\/div>\n<\/div><\/div>\n<\/div>\n<\/div>\n<\/div>\n\n\n\n<div class=\"wp-block-group is-vertical is-layout-flex wp-container-core-group-is-layout-8cf370e7 wp-block-group-is-layout-flex\">\n<div class=\"wp-block-group is-vertical is-layout-flex wp-container-core-group-is-layout-8cf370e7 wp-block-group-is-layout-flex\">\n<figure class=\"wp-block-image size-full is-resized\"><a href=\"https:\/\/alles-ueber-riffe.de\/?page_id=4918\"><img loading=\"lazy\" decoding=\"async\" width=\"300\" height=\"200\" src=\"https:\/\/alles-ueber-riffe.de\/wp-content\/uploads\/2024\/11\/Diademhusar_300x200.jpg\" alt=\"\" class=\"wp-image-2220\" style=\"width:521px;height:auto\"\/><\/a><\/figure>\n<\/div>\n\n\n\n<p><mark style=\"background-color:rgba(0, 0, 0, 0)\" class=\"has-inline-color has-vivid-cyan-blue-color\"><strong>Diademhusar<\/strong> <em> (Sargocentron diadema)<\/em><\/mark><\/p>\n<\/div>\n\n\n\n<div style=\"height:50px\" aria-hidden=\"true\" class=\"wp-block-spacer\"><\/div>\n\n\n\n<div class=\"wp-block-group is-vertical is-layout-flex wp-container-core-group-is-layout-8cf370e7 wp-block-group-is-layout-flex\">\n<figure class=\"wp-block-image size-full is-resized\"><a href=\"https:\/\/alles-ueber-riffe.de\/?page_id=4920\"><img loading=\"lazy\" decoding=\"async\" width=\"960\" height=\"640\" src=\"https:\/\/alles-ueber-riffe.de\/wp-content\/uploads\/2024\/11\/grossdorn_husar_960_640.jpg\" alt=\"\" class=\"wp-image-2222\" style=\"width:521px;height:auto\" srcset=\"https:\/\/alles-ueber-riffe.de\/wp-content\/uploads\/2024\/11\/grossdorn_husar_960_640.jpg 960w, https:\/\/alles-ueber-riffe.de\/wp-content\/uploads\/2024\/11\/grossdorn_husar_960_640-300x200.jpg 300w, https:\/\/alles-ueber-riffe.de\/wp-content\/uploads\/2024\/11\/grossdorn_husar_960_640-768x512.jpg 768w\" sizes=\"auto, (max-width: 767px) 89vw, (max-width: 1000px) 54vw, (max-width: 1071px) 543px, 580px\" \/><\/a><\/figure>\n\n\n\n<p><a href=\"https:\/\/alles-ueber-riffe.de\/?page_id=4920\"><mark style=\"background-color:rgba(0, 0, 0, 0)\" class=\"has-inline-color has-vivid-cyan-blue-color\"><strong>Grossdorn-Husar<\/strong> <em>(Sargocentron spiniferum)<\/em><\/mark><\/a><\/p>\n<\/div>\n\n\n\n<div style=\"height:50px\" aria-hidden=\"true\" class=\"wp-block-spacer\"><\/div>\n\n\n\n<div class=\"wp-block-group is-vertical is-layout-flex wp-container-core-group-is-layout-8cf370e7 wp-block-group-is-layout-flex\">\n<figure class=\"wp-block-image size-full is-resized\"><a href=\"https:\/\/alles-ueber-riffe.de\/?page_id=4922\"><img loading=\"lazy\" decoding=\"async\" width=\"1024\" height=\"768\" src=\"https:\/\/alles-ueber-riffe.de\/wp-content\/uploads\/2024\/11\/Schwarzbinden-Soldatenfisch_1024x768.jpg\" alt=\"\" class=\"wp-image-2224\" style=\"width:513px;height:auto\" srcset=\"https:\/\/alles-ueber-riffe.de\/wp-content\/uploads\/2024\/11\/Schwarzbinden-Soldatenfisch_1024x768.jpg 1024w, https:\/\/alles-ueber-riffe.de\/wp-content\/uploads\/2024\/11\/Schwarzbinden-Soldatenfisch_1024x768-300x225.jpg 300w, https:\/\/alles-ueber-riffe.de\/wp-content\/uploads\/2024\/11\/Schwarzbinden-Soldatenfisch_1024x768-768x576.jpg 768w\" sizes=\"auto, (max-width: 767px) 89vw, (max-width: 1000px) 54vw, (max-width: 1071px) 543px, 580px\" \/><\/a><\/figure>\n\n\n\n<p><a href=\"https:\/\/alles-ueber-riffe.de\/?page_id=4922\"><mark style=\"background-color:rgba(0, 0, 0, 0)\" class=\"has-inline-color has-vivid-cyan-blue-color\"><strong>Schwarzbinden-Soldatenfisch<\/strong> <em>(Sargocentron spiniferum)<\/em><\/mark><\/a><\/p>\n<\/div>\n\n\n\n<div style=\"height:50px\" aria-hidden=\"true\" class=\"wp-block-spacer\"><\/div>\n\n\n\n<div class=\"wp-block-group is-vertical is-layout-flex wp-container-core-group-is-layout-8cf370e7 wp-block-group-is-layout-flex\">\n<div class=\"wp-block-group is-vertical is-layout-flex wp-container-core-group-is-layout-8cf370e7 wp-block-group-is-layout-flex\">\n<figure class=\"wp-block-image size-full is-resized\"><a href=\"https:\/\/alles-ueber-riffe.de\/?page_id=4924\"><img loading=\"lazy\" decoding=\"async\" width=\"300\" height=\"200\" src=\"https:\/\/alles-ueber-riffe.de\/wp-content\/uploads\/2024\/11\/Silberfleckhusar_300x200.jpg\" alt=\"\" class=\"wp-image-2226\" style=\"width:508px;height:auto\"\/><\/a><\/figure>\n<\/div>\n\n\n\n<p><a href=\"https:\/\/alles-ueber-riffe.de\/?page_id=4924\"><mark style=\"background-color:rgba(0, 0, 0, 0)\" class=\"has-inline-color has-vivid-cyan-blue-color\"><strong>Silberfleckhusar<\/strong> <em>(Sargocentron caudimaculatum)<\/em><\/mark><\/a><\/p>\n<\/div>\n\n\n\n<div style=\"height:50px\" aria-hidden=\"true\" class=\"wp-block-spacer\"><\/div>\n\n\n\n<div class=\"wp-block-group is-vertical is-layout-flex wp-container-core-group-is-layout-8cf370e7 wp-block-group-is-layout-flex\">\n<div class=\"wp-block-group is-vertical is-layout-flex wp-container-core-group-is-layout-8cf370e7 wp-block-group-is-layout-flex\">\n<figure class=\"wp-block-image size-full is-resized\"><a href=\"https:\/\/alles-ueber-riffe.de\/?page_id=4926\"><img loading=\"lazy\" decoding=\"async\" width=\"364\" height=\"259\" src=\"https:\/\/alles-ueber-riffe.de\/wp-content\/uploads\/2024\/11\/Violetter-Soldatenfisch_360x280.jpg\" alt=\"\" class=\"wp-image-2232\" style=\"width:510px;height:auto\" srcset=\"https:\/\/alles-ueber-riffe.de\/wp-content\/uploads\/2024\/11\/Violetter-Soldatenfisch_360x280.jpg 364w, https:\/\/alles-ueber-riffe.de\/wp-content\/uploads\/2024\/11\/Violetter-Soldatenfisch_360x280-300x213.jpg 300w\" sizes=\"auto, (max-width: 364px) 100vw, 364px\" \/><\/a><\/figure>\n<\/div>\n\n\n\n<p><a href=\"https:\/\/alles-ueber-riffe.de\/?page_id=4926\"><mark style=\"background-color:rgba(0, 0, 0, 0)\" class=\"has-inline-color has-vivid-cyan-blue-color\"><strong>Violetter Soldatenfisch<\/strong> <em>(Myripristis violacea)<\/em><\/mark><\/a><\/p>\n<\/div>\n\n\n\n<div style=\"height:50px\" aria-hidden=\"true\" class=\"wp-block-spacer\"><\/div>\n\n\n\n<div class=\"wp-block-group is-vertical is-layout-flex wp-container-core-group-is-layout-8cf370e7 wp-block-group-is-layout-flex\">\n<div class=\"wp-block-group is-vertical is-layout-flex wp-container-core-group-is-layout-8cf370e7 wp-block-group-is-layout-flex\">\n<figure class=\"wp-block-image size-full is-resized\"><a href=\"https:\/\/alles-ueber-riffe.de\/?page_id=4928\"><img loading=\"lazy\" decoding=\"async\" width=\"300\" height=\"200\" src=\"https:\/\/alles-ueber-riffe.de\/wp-content\/uploads\/2024\/11\/Weisssaum_Soldatenfisch_300x200.jpg\" alt=\"\" class=\"wp-image-2234\" style=\"width:508px;height:auto\"\/><\/a><\/figure>\n<\/div>\n\n\n\n<p><a href=\"https:\/\/alles-ueber-riffe.de\/?page_id=4928\"><mark style=\"background-color:rgba(0, 0, 0, 0)\" class=\"has-inline-color has-vivid-cyan-blue-color\"><strong>Wei\u00dfsaum-Soldatenfisch<\/strong> <em>(Myripristis murdjan)<\/em><\/mark><\/a><\/p>\n<\/div>\n\n\n\n<div style=\"height:50px\" aria-hidden=\"true\" class=\"wp-block-spacer\"><\/div>\n\n\n\n<div class=\"wp-block-group is-vertical is-layout-flex wp-container-core-group-is-layout-8cf370e7 wp-block-group-is-layout-flex\">\n<div class=\"wp-block-group is-vertical is-layout-flex wp-container-core-group-is-layout-8cf370e7 wp-block-group-is-layout-flex\">\n<figure class=\"wp-block-image size-full is-resized\"><a href=\"https:\/\/alles-ueber-riffe.de\/?page_id=4930\"><img loading=\"lazy\" decoding=\"async\" width=\"1024\" height=\"768\" src=\"https:\/\/alles-ueber-riffe.de\/wp-content\/uploads\/2024\/11\/Rotmantel-Husar_1024x768.jpg\" alt=\"\" class=\"wp-image-2236\" style=\"width:504px;height:auto\" srcset=\"https:\/\/alles-ueber-riffe.de\/wp-content\/uploads\/2024\/11\/Rotmantel-Husar_1024x768.jpg 1024w, https:\/\/alles-ueber-riffe.de\/wp-content\/uploads\/2024\/11\/Rotmantel-Husar_1024x768-300x225.jpg 300w, https:\/\/alles-ueber-riffe.de\/wp-content\/uploads\/2024\/11\/Rotmantel-Husar_1024x768-768x576.jpg 768w\" sizes=\"auto, (max-width: 767px) 89vw, (max-width: 1000px) 54vw, (max-width: 1071px) 543px, 580px\" \/><\/a><\/figure>\n<\/div>\n\n\n\n<p><a href=\"https:\/\/alles-ueber-riffe.de\/?page_id=4930\"><mark style=\"background-color:rgba(0, 0, 0, 0)\" class=\"has-inline-color has-vivid-cyan-blue-color\"><strong>Rotmantel-Husar<\/strong> <em>(Sargocentron rubrum)<\/em><\/mark><\/a><\/p>\n<\/div>\n\n\n\n<div style=\"height:50px\" aria-hidden=\"true\" class=\"wp-block-spacer\"><\/div>\n\n\n\n<div class=\"wp-block-group is-vertical is-layout-flex wp-container-core-group-is-layout-8cf370e7 wp-block-group-is-layout-flex\">\n<div class=\"wp-block-group is-vertical is-layout-flex wp-container-core-group-is-layout-8cf370e7 wp-block-group-is-layout-flex\">\n<figure class=\"wp-block-image size-full is-resized\"><a href=\"https:\/\/alles-ueber-riffe.de\/?page_id=4932\"><img loading=\"lazy\" decoding=\"async\" width=\"300\" height=\"200\" src=\"https:\/\/alles-ueber-riffe.de\/wp-content\/uploads\/2024\/11\/Schulterklappen-Soldatenfisch_300x200.jpg\" alt=\"\" class=\"wp-image-2239\" style=\"width:505px;height:auto\"\/><\/a><\/figure>\n<\/div>\n\n\n\n<p><a href=\"https:\/\/alles-ueber-riffe.de\/?page_id=4932\"><mark style=\"background-color:rgba(0, 0, 0, 0)\" class=\"has-inline-color has-vivid-cyan-blue-color\"><strong>Schulterklappen-Soldatenfisch<\/strong> <em>(Myripristis kuntee)<\/em><\/mark><\/a><\/p>\n<\/div>\n\n\n\n<div style=\"height:50px\" aria-hidden=\"true\" class=\"wp-block-spacer\"><\/div>\n\n\n\n<div class=\"wp-block-group is-vertical is-layout-flex wp-container-core-group-is-layout-8cf370e7 wp-block-group-is-layout-flex\">\n<div class=\"wp-block-group is-vertical is-layout-flex wp-container-core-group-is-layout-8cf370e7 wp-block-group-is-layout-flex\">\n<figure class=\"wp-block-image size-full is-resized\"><a href=\"https:\/\/alles-ueber-riffe.de\/?page_id=4934\"><img loading=\"lazy\" decoding=\"async\" width=\"300\" height=\"200\" src=\"https:\/\/alles-ueber-riffe.de\/wp-content\/uploads\/2024\/11\/Silber-Husar300x200.jpg\" alt=\"\" class=\"wp-image-2241\" style=\"width:507px;height:auto\"\/><\/a><\/figure>\n<\/div>\n\n\n\n<p><a href=\"https:\/\/alles-ueber-riffe.de\/?page_id=4934\"><mark style=\"background-color:rgba(0, 0, 0, 0)\" class=\"has-inline-color has-vivid-cyan-blue-color\"><strong>Silber-Husar<\/strong> <em>(Neoniphon argenteus)<\/em><\/mark><\/a><\/p>\n<\/div>\n\n\n\n<div style=\"height:50px\" aria-hidden=\"true\" class=\"wp-block-spacer\"><\/div>\n\n\n\n<div class=\"wp-block-group is-vertical is-layout-flex wp-container-core-group-is-layout-8cf370e7 wp-block-group-is-layout-flex\">\n<div class=\"wp-block-group is-vertical is-layout-flex wp-container-core-group-is-layout-8cf370e7 wp-block-group-is-layout-flex\">\n<figure class=\"wp-block-image size-full is-resized\"><a href=\"https:\/\/alles-ueber-riffe.de\/?page_id=4936\"><img loading=\"lazy\" decoding=\"async\" width=\"300\" height=\"200\" src=\"https:\/\/alles-ueber-riffe.de\/wp-content\/uploads\/2024\/11\/Weissspitzen-Soldatenfisch_300x200.jpg\" alt=\"\" class=\"wp-image-2243\" style=\"width:499px;height:auto\"\/><\/a><\/figure>\n\n\n\n<p><a href=\"https:\/\/alles-ueber-riffe.de\/?page_id=4936\"><mark style=\"background-color:rgba(0, 0, 0, 0)\" class=\"has-inline-color has-vivid-cyan-blue-color\"><strong>Wei\u00dfspitzen-Soldatenfisch<\/strong> <em> (Myripristis vittata)<\/em><\/mark><\/a><\/p>\n<\/div>\n<\/div>\n\n\n\n<div style=\"height:50px\" aria-hidden=\"true\" class=\"wp-block-spacer\"><\/div>\n","protected":false},"excerpt":{"rendered":"<p>Husaren- und Soldatenfische verwechselt man leicht mit Gro\u00dfaugenbarschen. Auch halten sie sich tags\u00fcber im gleichen Lebensraum wie H\u00f6hlen und dunklen Riffspalten auf und sind nachtaktiv. Weiterlesen&#8230; Zu den einzelnen Arten&#8230; Blutfleck-Husar (Neoniphon sammara) Diademhusar (Sargocentron diadema) Grossdorn-Husar (Sargocentron spiniferum) Schwarzbinden-Soldatenfisch (Sargocentron spiniferum) Silberfleckhusar (Sargocentron caudimaculatum) Violetter Soldatenfisch (Myripristis violacea) Wei\u00dfsaum-Soldatenfisch (Myripristis murdjan) Rotmantel-Husar (Sargocentron rubrum) &hellip; <\/p>\n<p class=\"link-more\"><a href=\"https:\/\/alles-ueber-riffe.de\/?page_id=1124\" class=\"more-link\"><span class=\"screen-reader-text\">\u201eHusaren- und Soldatenfische\u201c<\/span> weiterlesen<\/a><\/p>\n","protected":false},"author":1,"featured_media":0,"parent":0,"menu_order":0,"comment_status":"closed","ping_status":"closed","template":"","meta":{"footnotes":""},"class_list":["post-1124","page","type-page","status-publish","hentry"],"_links":{"self":[{"href":"https:\/\/alles-ueber-riffe.de\/index.php?rest_route=\/wp\/v2\/pages\/1124","targetHints":{"allow":["GET"]}}],"collection":[{"href":"https:\/\/alles-ueber-riffe.de\/index.php?rest_route=\/wp\/v2\/pages"}],"about":[{"href":"https:\/\/alles-ueber-riffe.de\/index.php?rest_route=\/wp\/v2\/types\/page"}],"author":[{"embeddable":true,"href":"https:\/\/alles-ueber-riffe.de\/index.php?rest_route=\/wp\/v2\/users\/1"}],"replies":[{"embeddable":true,"href":"https:\/\/alles-ueber-riffe.de\/index.php?rest_route=%2Fwp%2Fv2%2Fcomments&post=1124"}],"version-history":[{"count":44,"href":"https:\/\/alles-ueber-riffe.de\/index.php?rest_route=\/wp\/v2\/pages\/1124\/revisions"}],"predecessor-version":[{"id":7756,"href":"https:\/\/alles-ueber-riffe.de\/index.php?rest_route=\/wp\/v2\/pages\/1124\/revisions\/7756"}],"wp:attachment":[{"href":"https:\/\/alles-ueber-riffe.de\/index.php?rest_route=%2Fwp%2Fv2%2Fmedia&parent=1124"}],"curies":[{"name":"wp","href":"https:\/\/api.w.org\/{rel}","templated":true}]}}