{"id":11186,"date":"2025-05-02T15:41:18","date_gmt":"2025-05-02T15:41:18","guid":{"rendered":"https:\/\/alles-ueber-riffe.de\/?page_id=11186"},"modified":"2025-06-14T05:53:07","modified_gmt":"2025-06-14T05:53:07","slug":"bivalvia-muscheln","status":"publish","type":"page","link":"https:\/\/alles-ueber-riffe.de\/?page_id=11186","title":{"rendered":"Bivalvia &#8211; Muscheln"},"content":{"rendered":"\n<div class=\"wp-block-group is-vertical is-content-justification-stretch is-layout-flex wp-container-core-group-is-layout-b16ad781 wp-block-group-is-layout-flex\">\n<div class=\"wp-block-group is-vertical is-layout-flex wp-container-core-group-is-layout-b7faace9 wp-block-group-is-layout-flex\">\n<p>Sowohl Muscheln als auch viele Schnecken sch\u00fctzen ihr weiches Inneres durch eine harte Schale. Diese besteht bei Muscheln immer aus zwei symmetrisch gleichen Teilen, die aufgeklappt werden k\u00f6nnen. Schnecken dagegen besitzen immer ein Geh\u00e4use oder wie die sogenannten Nacktschnecken keinerlei Schutz durch ein Geh\u00e4use.&nbsp;Im Laufe der Evolution haben diese ihr urspr\u00fcnglich vorhandenes Geh\u00e4use zur\u00fcck gebildet.&nbsp;<mark style=\"background-color:rgba(0, 0, 0, 0)\" class=\"has-inline-color has-vivid-cyan-blue-color\">Weiterlesen&#8230;<\/mark><\/p>\n<\/div>\n<\/div>\n\n\n\n<h2 class=\"wp-block-heading\">Zu den einzelnen Arten<\/h2>\n\n\n\n<div class=\"wp-block-group is-vertical is-layout-flex wp-container-core-group-is-layout-8cf370e7 wp-block-group-is-layout-flex\">\n<div class=\"wp-block-group is-vertical is-layout-flex wp-container-core-group-is-layout-8cf370e7 wp-block-group-is-layout-flex\">\n<figure class=\"wp-block-image size-full is-resized\"><img loading=\"lazy\" decoding=\"async\" width=\"600\" height=\"400\" src=\"https:\/\/alles-ueber-riffe.de\/wp-content\/uploads\/2025\/06\/61922-small.jpg\" alt=\"\" class=\"wp-image-11493\" style=\"width:521px;height:auto\" srcset=\"https:\/\/alles-ueber-riffe.de\/wp-content\/uploads\/2025\/06\/61922-small.jpg 600w, https:\/\/alles-ueber-riffe.de\/wp-content\/uploads\/2025\/06\/61922-small-300x200.jpg 300w\" sizes=\"auto, (max-width: 600px) 100vw, 600px\" \/><\/figure>\n<\/div>\n\n\n\n<p><strong><em>Lopha cristagalli\u00a0<\/em><\/strong><em> <\/em>\/ Hahnenkamm-Auster<\/p>\n<\/div>\n\n\n\n<div style=\"height:50px\" aria-hidden=\"true\" class=\"wp-block-spacer\"><\/div>\n\n\n\n<div class=\"wp-block-group is-vertical is-layout-flex wp-container-core-group-is-layout-8cf370e7 wp-block-group-is-layout-flex\">\n<figure class=\"wp-block-image size-full is-resized\"><img loading=\"lazy\" decoding=\"async\" width=\"600\" height=\"400\" src=\"https:\/\/alles-ueber-riffe.de\/wp-content\/uploads\/2025\/06\/61899-small.jpg\" alt=\"\" class=\"wp-image-11496\" style=\"width:513px;height:auto\" srcset=\"https:\/\/alles-ueber-riffe.de\/wp-content\/uploads\/2025\/06\/61899-small.jpg 600w, https:\/\/alles-ueber-riffe.de\/wp-content\/uploads\/2025\/06\/61899-small-300x200.jpg 300w\" sizes=\"auto, (max-width: 600px) 100vw, 600px\" \/><\/figure>\n\n\n\n<p><em><strong>Pinna margaritifer<\/strong> <\/em>\/ Gemeine Perlmuschel<\/p>\n<\/div>\n\n\n\n<div style=\"height:50px\" aria-hidden=\"true\" class=\"wp-block-spacer\"><\/div>\n\n\n\n<div class=\"wp-block-group is-vertical is-layout-flex wp-container-core-group-is-layout-8cf370e7 wp-block-group-is-layout-flex\">\n<div class=\"wp-block-group is-vertical is-layout-flex wp-container-core-group-is-layout-8cf370e7 wp-block-group-is-layout-flex\">\n<figure class=\"wp-block-image size-full is-resized\"><img loading=\"lazy\" decoding=\"async\" width=\"600\" height=\"400\" src=\"https:\/\/alles-ueber-riffe.de\/wp-content\/uploads\/2025\/06\/61904-small.jpg\" alt=\"\" class=\"wp-image-11498\" style=\"width:508px;height:auto\" srcset=\"https:\/\/alles-ueber-riffe.de\/wp-content\/uploads\/2025\/06\/61904-small.jpg 600w, https:\/\/alles-ueber-riffe.de\/wp-content\/uploads\/2025\/06\/61904-small-300x200.jpg 300w\" sizes=\"auto, (max-width: 600px) 100vw, 600px\" \/><\/figure>\n<\/div>\n\n\n\n<p><strong>Spondylus marisrubi<\/strong> \/ Stachelauster<\/p>\n<\/div>\n\n\n\n<div style=\"height:50px\" aria-hidden=\"true\" class=\"wp-block-spacer\"><\/div>\n\n\n\n<div class=\"wp-block-group is-vertical is-layout-flex wp-container-core-group-is-layout-8cf370e7 wp-block-group-is-layout-flex\">\n<div class=\"wp-block-group is-vertical is-layout-flex wp-container-core-group-is-layout-8cf370e7 wp-block-group-is-layout-flex\">\n<figure class=\"wp-block-image size-full is-resized\"><img loading=\"lazy\" decoding=\"async\" width=\"600\" height=\"400\" src=\"https:\/\/alles-ueber-riffe.de\/wp-content\/uploads\/2025\/06\/61840-small.jpg\" alt=\"\" class=\"wp-image-11499\" style=\"width:508px;height:auto\" srcset=\"https:\/\/alles-ueber-riffe.de\/wp-content\/uploads\/2025\/06\/61840-small.jpg 600w, https:\/\/alles-ueber-riffe.de\/wp-content\/uploads\/2025\/06\/61840-small-300x200.jpg 300w\" sizes=\"auto, (max-width: 600px) 100vw, 600px\" \/><\/figure>\n<\/div>\n\n\n\n<p><em><strong>Tridacna maxima<\/strong> <\/em>\/ Gemeine Riesenmuschel<\/p>\n<\/div>\n\n\n\n<div style=\"height:50px\" aria-hidden=\"true\" class=\"wp-block-spacer\"><\/div>\n\n\n\n<div class=\"wp-block-group is-vertical is-content-justification-stretch is-layout-flex wp-container-core-group-is-layout-b16ad781 wp-block-group-is-layout-flex\">\n<div class=\"wp-block-group is-vertical is-layout-flex wp-container-core-group-is-layout-b7faace9 wp-block-group-is-layout-flex\">\n<div class=\"wp-block-group is-nowrap is-layout-flex wp-container-core-group-is-layout-ad2f72ca wp-block-group-is-layout-flex\">\n<div class=\"wp-block-group\"><div class=\"wp-block-group__inner-container is-layout-constrained wp-block-group-is-layout-constrained\">\n<div style=\"height:50px\" aria-hidden=\"true\" class=\"wp-block-spacer\"><\/div>\n<\/div><\/div>\n<\/div>\n<\/div>\n<\/div>\n\n\n\n<div style=\"height:50px\" aria-hidden=\"true\" class=\"wp-block-spacer\"><\/div>\n\n\n\n<div style=\"height:50px\" aria-hidden=\"true\" class=\"wp-block-spacer\"><\/div>\n\n\n\n<div style=\"height:50px\" aria-hidden=\"true\" class=\"wp-block-spacer\"><\/div>\n\n\n\n<div style=\"height:50px\" aria-hidden=\"true\" class=\"wp-block-spacer\"><\/div>\n\n\n\n<div style=\"height:50px\" aria-hidden=\"true\" class=\"wp-block-spacer\"><\/div>\n\n\n\n<div style=\"height:56px\" aria-hidden=\"true\" class=\"wp-block-spacer\"><\/div>\n","protected":false},"excerpt":{"rendered":"<p>Sowohl Muscheln als auch viele Schnecken sch\u00fctzen ihr weiches Inneres durch eine harte Schale. Diese besteht bei Muscheln immer aus zwei symmetrisch gleichen Teilen, die aufgeklappt werden k\u00f6nnen. Schnecken dagegen besitzen immer ein Geh\u00e4use oder wie die sogenannten Nacktschnecken keinerlei Schutz durch ein Geh\u00e4use.&nbsp;Im Laufe der Evolution haben diese ihr urspr\u00fcnglich vorhandenes Geh\u00e4use zur\u00fcck gebildet.&nbsp;Weiterlesen&#8230; &hellip; <\/p>\n<p class=\"link-more\"><a href=\"https:\/\/alles-ueber-riffe.de\/?page_id=11186\" class=\"more-link\"><span class=\"screen-reader-text\">\u201eBivalvia &#8211; Muscheln\u201c<\/span> weiterlesen<\/a><\/p>\n","protected":false},"author":1,"featured_media":0,"parent":0,"menu_order":0,"comment_status":"closed","ping_status":"closed","template":"","meta":{"footnotes":""},"class_list":["post-11186","page","type-page","status-publish","hentry"],"_links":{"self":[{"href":"https:\/\/alles-ueber-riffe.de\/index.php?rest_route=\/wp\/v2\/pages\/11186","targetHints":{"allow":["GET"]}}],"collection":[{"href":"https:\/\/alles-ueber-riffe.de\/index.php?rest_route=\/wp\/v2\/pages"}],"about":[{"href":"https:\/\/alles-ueber-riffe.de\/index.php?rest_route=\/wp\/v2\/types\/page"}],"author":[{"embeddable":true,"href":"https:\/\/alles-ueber-riffe.de\/index.php?rest_route=\/wp\/v2\/users\/1"}],"replies":[{"embeddable":true,"href":"https:\/\/alles-ueber-riffe.de\/index.php?rest_route=%2Fwp%2Fv2%2Fcomments&post=11186"}],"version-history":[{"count":7,"href":"https:\/\/alles-ueber-riffe.de\/index.php?rest_route=\/wp\/v2\/pages\/11186\/revisions"}],"predecessor-version":[{"id":11503,"href":"https:\/\/alles-ueber-riffe.de\/index.php?rest_route=\/wp\/v2\/pages\/11186\/revisions\/11503"}],"wp:attachment":[{"href":"https:\/\/alles-ueber-riffe.de\/index.php?rest_route=%2Fwp%2Fv2%2Fmedia&parent=11186"}],"curies":[{"name":"wp","href":"https:\/\/api.w.org\/{rel}","templated":true}]}}