{"id":11182,"date":"2025-05-02T15:35:57","date_gmt":"2025-05-02T15:35:57","guid":{"rendered":"https:\/\/alles-ueber-riffe.de\/?page_id=11182"},"modified":"2025-06-14T09:09:18","modified_gmt":"2025-06-14T09:09:18","slug":"nacktschnecken","status":"publish","type":"page","link":"https:\/\/alles-ueber-riffe.de\/?page_id=11182","title":{"rendered":"Gastropoda &#8211; Schnecken"},"content":{"rendered":"\n<div class=\"wp-block-group is-vertical is-content-justification-stretch is-layout-flex wp-container-core-group-is-layout-b16ad781 wp-block-group-is-layout-flex\">\n<div class=\"wp-block-group is-vertical is-layout-flex wp-container-core-group-is-layout-b7faace9 wp-block-group-is-layout-flex\">\n<p>Sowohl Schecken als auch Muscheln sch\u00fctzen ihr weiches Inneres durch eine harte Schale. Diese besteht bei Muscheln immer aus zwei symmetrisch gleichen Teilen, die aufgeklappt werden k\u00f6nnen. Schnecken dagegen besitzen immer ein ungeteiltes Geh\u00e4use. Die sogenannten Nacktschnecken wiederum haben kein Geh\u00e4use.&nbsp;Im Laufe der Evolution haben diese ihr urspr\u00fcnglich vorhandenes Geh\u00e4use zur\u00fcck gebildet.&nbsp;<mark style=\"background-color:rgba(0, 0, 0, 0)\" class=\"has-inline-color has-vivid-cyan-blue-color\">Weiterlesen&#8230;<\/mark><\/p>\n<\/div>\n<\/div>\n\n\n\n<h2 class=\"wp-block-heading\">Zu den einzelnen Arten<\/h2>\n\n\n\n<div class=\"wp-block-group is-vertical is-layout-flex wp-container-core-group-is-layout-8cf370e7 wp-block-group-is-layout-flex\">\n<div class=\"wp-block-group is-vertical is-layout-flex wp-container-core-group-is-layout-8cf370e7 wp-block-group-is-layout-flex\">\n<figure class=\"wp-block-image size-full is-resized\"><img loading=\"lazy\" decoding=\"async\" width=\"600\" height=\"400\" src=\"https:\/\/alles-ueber-riffe.de\/wp-content\/uploads\/2025\/06\/Kaeferschecke_rotes-meer-small.jpg\" alt=\"\" class=\"wp-image-11504\" style=\"width:521px;height:auto\" srcset=\"https:\/\/alles-ueber-riffe.de\/wp-content\/uploads\/2025\/06\/Kaeferschecke_rotes-meer-small.jpg 600w, https:\/\/alles-ueber-riffe.de\/wp-content\/uploads\/2025\/06\/Kaeferschecke_rotes-meer-small-300x200.jpg 300w\" sizes=\"auto, (max-width: 600px) 100vw, 600px\" \/><\/figure>\n<\/div>\n\n\n\n<p><strong><em>Acanthopleuro vaillantti\u00a0<\/em><\/strong><em> <\/em>\/ Gro\u00dfe K\u00e4ferschnecke<\/p>\n<\/div>\n\n\n\n<div style=\"height:50px\" aria-hidden=\"true\" class=\"wp-block-spacer\"><\/div>\n\n\n\n<div class=\"wp-block-group is-vertical is-layout-flex wp-container-core-group-is-layout-8cf370e7 wp-block-group-is-layout-flex\">\n<div class=\"wp-block-group is-vertical is-layout-flex wp-container-core-group-is-layout-8cf370e7 wp-block-group-is-layout-flex\">\n<figure class=\"wp-block-image size-full is-resized\"><img loading=\"lazy\" decoding=\"async\" width=\"600\" height=\"400\" src=\"https:\/\/alles-ueber-riffe.de\/wp-content\/uploads\/2025\/06\/x_DSC6500-small.jpg\" alt=\"\" class=\"wp-image-11512\" style=\"width:508px;height:auto\" srcset=\"https:\/\/alles-ueber-riffe.de\/wp-content\/uploads\/2025\/06\/x_DSC6500-small.jpg 600w, https:\/\/alles-ueber-riffe.de\/wp-content\/uploads\/2025\/06\/x_DSC6500-small-300x200.jpg 300w\" sizes=\"auto, (max-width: 600px) 100vw, 600px\" \/><\/figure>\n<\/div>\n\n\n\n<p><em><strong>Bistolida sp.<\/strong> <\/em>?\/ Kauri<\/p>\n<\/div>\n\n\n\n<div style=\"height:50px\" aria-hidden=\"true\" class=\"wp-block-spacer\"><\/div>\n\n\n\n<div class=\"wp-block-group is-vertical is-layout-flex wp-container-core-group-is-layout-8cf370e7 wp-block-group-is-layout-flex\">\n<figure class=\"wp-block-image size-full is-resized\"><img loading=\"lazy\" decoding=\"async\" width=\"600\" height=\"400\" src=\"https:\/\/alles-ueber-riffe.de\/wp-content\/uploads\/2025\/06\/Nacktschnecke-quadricolor-600-400.jpg\" alt=\"\" class=\"wp-image-11506\" style=\"width:513px;height:auto\" srcset=\"https:\/\/alles-ueber-riffe.de\/wp-content\/uploads\/2025\/06\/Nacktschnecke-quadricolor-600-400.jpg 600w, https:\/\/alles-ueber-riffe.de\/wp-content\/uploads\/2025\/06\/Nacktschnecke-quadricolor-600-400-300x200.jpg 300w\" sizes=\"auto, (max-width: 600px) 100vw, 600px\" \/><\/figure>\n\n\n\n<p><em><strong>Chromodoris quadricolor<\/strong> <\/em>\/ Pyjama-Schnecke<\/p>\n<\/div>\n\n\n\n<div style=\"height:50px\" aria-hidden=\"true\" class=\"wp-block-spacer\"><\/div>\n\n\n\n<div class=\"wp-block-group is-vertical is-layout-flex wp-container-core-group-is-layout-8cf370e7 wp-block-group-is-layout-flex\">\n<div class=\"wp-block-group is-vertical is-layout-flex wp-container-core-group-is-layout-8cf370e7 wp-block-group-is-layout-flex\">\n<figure class=\"wp-block-image size-full is-resized\"><img loading=\"lazy\" decoding=\"async\" width=\"600\" height=\"400\" src=\"https:\/\/alles-ueber-riffe.de\/wp-content\/uploads\/2025\/06\/57124-small.jpg\" alt=\"\" class=\"wp-image-11509\" style=\"width:508px;height:auto\" srcset=\"https:\/\/alles-ueber-riffe.de\/wp-content\/uploads\/2025\/06\/57124-small.jpg 600w, https:\/\/alles-ueber-riffe.de\/wp-content\/uploads\/2025\/06\/57124-small-300x200.jpg 300w\" sizes=\"auto, (max-width: 600px) 100vw, 600px\" \/><\/figure>\n<\/div>\n\n\n\n<p><strong>Cypraea tigris<\/strong> \/ Tigerkauri<\/p>\n<\/div>\n\n\n\n<div style=\"height:50px\" aria-hidden=\"true\" class=\"wp-block-spacer\"><\/div>\n\n\n\n<div class=\"wp-block-group is-vertical is-layout-flex wp-container-core-group-is-layout-8cf370e7 wp-block-group-is-layout-flex\">\n<div class=\"wp-block-group is-vertical is-layout-flex wp-container-core-group-is-layout-8cf370e7 wp-block-group-is-layout-flex\">\n<figure class=\"wp-block-image size-full is-resized\"><img loading=\"lazy\" decoding=\"async\" width=\"600\" height=\"400\" src=\"https:\/\/alles-ueber-riffe.de\/wp-content\/uploads\/2025\/06\/57129-small.jpg\" alt=\"\" class=\"wp-image-11526\" style=\"width:508px;height:auto\" srcset=\"https:\/\/alles-ueber-riffe.de\/wp-content\/uploads\/2025\/06\/57129-small.jpg 600w, https:\/\/alles-ueber-riffe.de\/wp-content\/uploads\/2025\/06\/57129-small-300x200.jpg 300w\" sizes=\"auto, (max-width: 600px) 100vw, 600px\" \/><\/figure>\n<\/div>\n\n\n\n<p><em><strong>Halgerda batangas<\/strong><\/em> \/ Batangas H\u00f6ckerschnecke<\/p>\n<\/div>\n\n\n\n<div style=\"height:50px\" aria-hidden=\"true\" class=\"wp-block-spacer\"><\/div>\n\n\n\n<div class=\"wp-block-group is-vertical is-layout-flex wp-container-core-group-is-layout-8cf370e7 wp-block-group-is-layout-flex\">\n<div class=\"wp-block-group is-vertical is-layout-flex wp-container-core-group-is-layout-8cf370e7 wp-block-group-is-layout-flex\">\n<figure class=\"wp-block-image size-full is-resized\"><img loading=\"lazy\" decoding=\"async\" width=\"600\" height=\"400\" src=\"https:\/\/alles-ueber-riffe.de\/wp-content\/uploads\/2025\/06\/ib8929829-Riedmatten-Spanisch-600-400.jpg\" alt=\"\" class=\"wp-image-11510\" style=\"width:508px;height:auto\" srcset=\"https:\/\/alles-ueber-riffe.de\/wp-content\/uploads\/2025\/06\/ib8929829-Riedmatten-Spanisch-600-400.jpg 600w, https:\/\/alles-ueber-riffe.de\/wp-content\/uploads\/2025\/06\/ib8929829-Riedmatten-Spanisch-600-400-300x200.jpg 300w\" sizes=\"auto, (max-width: 600px) 100vw, 600px\" \/><\/figure>\n<\/div>\n\n\n\n<p><em><strong>Hexabranchus sanguineus<\/strong> <\/em>\/ Spanische T\u00e4nzerin<\/p>\n<\/div>\n\n\n\n<div style=\"height:50px\" aria-hidden=\"true\" class=\"wp-block-spacer\"><\/div>\n\n\n\n<div class=\"wp-block-group is-vertical is-layout-flex wp-container-core-group-is-layout-8cf370e7 wp-block-group-is-layout-flex\">\n<div class=\"wp-block-group is-vertical is-layout-flex wp-container-core-group-is-layout-8cf370e7 wp-block-group-is-layout-flex\">\n<figure class=\"wp-block-image size-full is-resized\"><img loading=\"lazy\" decoding=\"async\" width=\"600\" height=\"400\" src=\"https:\/\/alles-ueber-riffe.de\/wp-content\/uploads\/2025\/06\/61908-small.jpg\" alt=\"\" class=\"wp-image-11516\" style=\"width:508px;height:auto\" srcset=\"https:\/\/alles-ueber-riffe.de\/wp-content\/uploads\/2025\/06\/61908-small.jpg 600w, https:\/\/alles-ueber-riffe.de\/wp-content\/uploads\/2025\/06\/61908-small-300x200.jpg 300w\" sizes=\"auto, (max-width: 600px) 100vw, 600px\" \/><\/figure>\n<\/div>\n\n\n\n<p><em><strong> <\/strong><\/em><em><strong>Lambis truncata sebae<\/strong><\/em> \/ Riesen-Fl\u00fcgelschnecke<\/p>\n<\/div>\n\n\n\n<div style=\"height:50px\" aria-hidden=\"true\" class=\"wp-block-spacer\"><\/div>\n\n\n\n<div class=\"wp-block-group is-vertical is-layout-flex wp-container-core-group-is-layout-8cf370e7 wp-block-group-is-layout-flex\">\n<div class=\"wp-block-group is-vertical is-layout-flex wp-container-core-group-is-layout-8cf370e7 wp-block-group-is-layout-flex\">\n<figure class=\"wp-block-image size-full is-resized\"><img loading=\"lazy\" decoding=\"async\" width=\"600\" height=\"400\" src=\"https:\/\/alles-ueber-riffe.de\/wp-content\/uploads\/2025\/06\/Nembrotha-cristata-600-400.jpg\" alt=\"\" class=\"wp-image-11518\" style=\"width:508px;height:auto\" srcset=\"https:\/\/alles-ueber-riffe.de\/wp-content\/uploads\/2025\/06\/Nembrotha-cristata-600-400.jpg 600w, https:\/\/alles-ueber-riffe.de\/wp-content\/uploads\/2025\/06\/Nembrotha-cristata-600-400-300x200.jpg 300w\" sizes=\"auto, (max-width: 600px) 100vw, 600px\" \/><\/figure>\n<\/div>\n\n\n\n<p><em><strong>Nembrotha cristata<\/strong> <\/em>\/ Neonsternschnecke<\/p>\n<\/div>\n\n\n\n<div style=\"height:56px\" aria-hidden=\"true\" class=\"wp-block-spacer\"><\/div>\n\n\n\n<div class=\"wp-block-group is-vertical is-layout-flex wp-container-core-group-is-layout-8cf370e7 wp-block-group-is-layout-flex\">\n<div class=\"wp-block-group is-vertical is-layout-flex wp-container-core-group-is-layout-8cf370e7 wp-block-group-is-layout-flex\">\n<figure class=\"wp-block-image size-full is-resized\"><img loading=\"lazy\" decoding=\"async\" width=\"600\" height=\"400\" src=\"https:\/\/alles-ueber-riffe.de\/wp-content\/uploads\/2025\/06\/GOPR0129-small.jpg\" alt=\"\" class=\"wp-image-11535\" style=\"width:508px;height:auto\" srcset=\"https:\/\/alles-ueber-riffe.de\/wp-content\/uploads\/2025\/06\/GOPR0129-small.jpg 600w, https:\/\/alles-ueber-riffe.de\/wp-content\/uploads\/2025\/06\/GOPR0129-small-300x200.jpg 300w\" sizes=\"auto, (max-width: 600px) 100vw, 600px\" \/><\/figure>\n<\/div>\n\n\n\n<p><em><strong>Phyllidia multifaria<\/strong><\/em> \/ Warzenschencke<\/p>\n<\/div>\n\n\n\n<div style=\"height:50px\" aria-hidden=\"true\" class=\"wp-block-spacer\"><\/div>\n\n\n\n<div class=\"wp-block-group is-vertical is-layout-flex wp-container-core-group-is-layout-8cf370e7 wp-block-group-is-layout-flex\">\n<div class=\"wp-block-group is-vertical is-layout-flex wp-container-core-group-is-layout-8cf370e7 wp-block-group-is-layout-flex\">\n<figure class=\"wp-block-image size-full is-resized\"><img loading=\"lazy\" decoding=\"async\" width=\"600\" height=\"400\" src=\"https:\/\/alles-ueber-riffe.de\/wp-content\/uploads\/2025\/06\/61865-samll.jpg\" alt=\"\" class=\"wp-image-11527\" style=\"width:508px;height:auto\" srcset=\"https:\/\/alles-ueber-riffe.de\/wp-content\/uploads\/2025\/06\/61865-samll.jpg 600w, https:\/\/alles-ueber-riffe.de\/wp-content\/uploads\/2025\/06\/61865-samll-300x200.jpg 300w\" sizes=\"auto, (max-width: 600px) 100vw, 600px\" \/><\/figure>\n<\/div>\n\n\n\n<p><em><strong>Planaxis griseus<\/strong><\/em> \/ Graue Felsenschnecke<\/p>\n<\/div>\n\n\n\n<div style=\"height:50px\" aria-hidden=\"true\" class=\"wp-block-spacer\"><\/div>\n\n\n\n<div class=\"wp-block-group is-vertical is-layout-flex wp-container-core-group-is-layout-8cf370e7 wp-block-group-is-layout-flex\">\n<div class=\"wp-block-group is-vertical is-layout-flex wp-container-core-group-is-layout-8cf370e7 wp-block-group-is-layout-flex\">\n<figure class=\"wp-block-image size-full is-resized\"><img loading=\"lazy\" decoding=\"async\" width=\"600\" height=\"400\" src=\"https:\/\/alles-ueber-riffe.de\/wp-content\/uploads\/2025\/06\/47343-small.jpg\" alt=\"\" class=\"wp-image-11528\" style=\"width:508px;height:auto\" srcset=\"https:\/\/alles-ueber-riffe.de\/wp-content\/uploads\/2025\/06\/47343-small.jpg 600w, https:\/\/alles-ueber-riffe.de\/wp-content\/uploads\/2025\/06\/47343-small-300x200.jpg 300w\" sizes=\"auto, (max-width: 600px) 100vw, 600px\" \/><\/figure>\n<\/div>\n\n\n\n<p><em><strong>Pleurobranchus grandis<\/strong><\/em> \/ Gro\u00dfe Pleurobranche<\/p>\n<\/div>\n\n\n\n<div style=\"height:50px\" aria-hidden=\"true\" class=\"wp-block-spacer\"><\/div>\n\n\n\n<div class=\"wp-block-group is-vertical is-layout-flex wp-container-core-group-is-layout-8cf370e7 wp-block-group-is-layout-flex\">\n<div class=\"wp-block-group is-vertical is-layout-flex wp-container-core-group-is-layout-8cf370e7 wp-block-group-is-layout-flex\">\n<figure class=\"wp-block-image size-full is-resized\"><img loading=\"lazy\" decoding=\"async\" width=\"600\" height=\"400\" src=\"https:\/\/alles-ueber-riffe.de\/wp-content\/uploads\/2025\/06\/57114-600-400.jpg\" alt=\"\" class=\"wp-image-11520\" style=\"width:508px;height:auto\" srcset=\"https:\/\/alles-ueber-riffe.de\/wp-content\/uploads\/2025\/06\/57114-600-400.jpg 600w, https:\/\/alles-ueber-riffe.de\/wp-content\/uploads\/2025\/06\/57114-600-400-300x200.jpg 300w\" sizes=\"auto, (max-width: 600px) 100vw, 600px\" \/><\/figure>\n<\/div>\n\n\n\n<p><strong><em>Tambja morosa<\/em><\/strong><em> <\/em>\/ D\u00fcstere Neonsternschnecke<\/p>\n<\/div>\n\n\n\n<div style=\"height:50px\" aria-hidden=\"true\" class=\"wp-block-spacer\"><\/div>\n\n\n\n<div class=\"wp-block-group is-vertical is-layout-flex wp-container-core-group-is-layout-8cf370e7 wp-block-group-is-layout-flex\">\n<div class=\"wp-block-group is-vertical is-layout-flex wp-container-core-group-is-layout-8cf370e7 wp-block-group-is-layout-flex\">\n<figure class=\"wp-block-image size-full is-resized\"><img loading=\"lazy\" decoding=\"async\" width=\"600\" height=\"400\" src=\"https:\/\/alles-ueber-riffe.de\/wp-content\/uploads\/2025\/06\/61915-small.jpg\" alt=\"\" class=\"wp-image-11531\" style=\"width:508px;height:auto\" srcset=\"https:\/\/alles-ueber-riffe.de\/wp-content\/uploads\/2025\/06\/61915-small.jpg 600w, https:\/\/alles-ueber-riffe.de\/wp-content\/uploads\/2025\/06\/61915-small-300x200.jpg 300w\" sizes=\"auto, (max-width: 600px) 100vw, 600px\" \/><\/figure>\n<\/div>\n\n\n\n<p><em><strong>Tectus denatus<\/strong><\/em> \/ Gro\u00dfe Spitzkreisel-Schnecke<\/p>\n<\/div>\n\n\n\n<div style=\"height:50px\" aria-hidden=\"true\" class=\"wp-block-spacer\"><\/div>\n\n\n\n<div class=\"wp-block-group is-vertical is-layout-flex wp-container-core-group-is-layout-8cf370e7 wp-block-group-is-layout-flex\">\n<div class=\"wp-block-group is-vertical is-layout-flex wp-container-core-group-is-layout-8cf370e7 wp-block-group-is-layout-flex\">\n<figure class=\"wp-block-image size-full is-resized\"><img loading=\"lazy\" decoding=\"async\" width=\"600\" height=\"400\" src=\"https:\/\/alles-ueber-riffe.de\/wp-content\/uploads\/2025\/06\/62104_small.jpg\" alt=\"\" class=\"wp-image-11533\" style=\"width:508px;height:auto\" srcset=\"https:\/\/alles-ueber-riffe.de\/wp-content\/uploads\/2025\/06\/62104_small.jpg 600w, https:\/\/alles-ueber-riffe.de\/wp-content\/uploads\/2025\/06\/62104_small-300x200.jpg 300w\" sizes=\"auto, (max-width: 600px) 100vw, 600px\" \/><\/figure>\n<\/div>\n\n\n\n<p><em><strong>Terebra maculata<\/strong><\/em> \/ Gefleckte Schraubenschnecke<\/p>\n<\/div>\n\n\n\n<div style=\"height:50px\" aria-hidden=\"true\" class=\"wp-block-spacer\"><\/div>\n\n\n\n<div class=\"wp-block-group is-vertical is-layout-flex wp-container-core-group-is-layout-8cf370e7 wp-block-group-is-layout-flex\">\n<div class=\"wp-block-group is-vertical is-layout-flex wp-container-core-group-is-layout-8cf370e7 wp-block-group-is-layout-flex\">\n<figure class=\"wp-block-image size-full is-resized\"><img loading=\"lazy\" decoding=\"async\" width=\"600\" height=\"400\" src=\"https:\/\/alles-ueber-riffe.de\/wp-content\/uploads\/2025\/06\/Kristallschnecke-Seesternschnecke-small.jpg\" alt=\"\" class=\"wp-image-11514\" style=\"width:508px;height:auto\" srcset=\"https:\/\/alles-ueber-riffe.de\/wp-content\/uploads\/2025\/06\/Kristallschnecke-Seesternschnecke-small.jpg 600w, https:\/\/alles-ueber-riffe.de\/wp-content\/uploads\/2025\/06\/Kristallschnecke-Seesternschnecke-small-300x200.jpg 300w\" sizes=\"auto, (max-width: 600px) 100vw, 600px\" \/><\/figure>\n<\/div>\n\n\n\n<p><em><strong>Thyca crystallina<\/strong><\/em> \/ Kristall-Seesternschnecke<\/p>\n<\/div>\n\n\n\n<div style=\"height:50px\" aria-hidden=\"true\" class=\"wp-block-spacer\"><\/div>\n\n\n\n<div class=\"wp-block-group is-vertical is-layout-flex wp-container-core-group-is-layout-8cf370e7 wp-block-group-is-layout-flex\">\n<div class=\"wp-block-group is-vertical is-layout-flex wp-container-core-group-is-layout-8cf370e7 wp-block-group-is-layout-flex\">\n<figure class=\"wp-block-image size-full is-resized\"><img loading=\"lazy\" decoding=\"async\" width=\"600\" height=\"400\" src=\"https:\/\/alles-ueber-riffe.de\/wp-content\/uploads\/2025\/06\/57127-small.jpg\" alt=\"\" class=\"wp-image-11522\" style=\"width:508px;height:auto\" srcset=\"https:\/\/alles-ueber-riffe.de\/wp-content\/uploads\/2025\/06\/57127-small.jpg 600w, https:\/\/alles-ueber-riffe.de\/wp-content\/uploads\/2025\/06\/57127-small-300x200.jpg 300w\" sizes=\"auto, (max-width: 600px) 100vw, 600px\" \/><\/figure>\n<\/div>\n\n\n\n<p><strong><em>Thorunna horologia\u00a0<\/em><\/strong><em> <\/em>\/ Nacktschnecke<\/p>\n<\/div>\n\n\n\n<div style=\"height:50px\" aria-hidden=\"true\" class=\"wp-block-spacer\"><\/div>\n\n\n\n<div class=\"wp-block-group is-vertical is-layout-flex wp-container-core-group-is-layout-8cf370e7 wp-block-group-is-layout-flex\">\n<div class=\"wp-block-group is-vertical is-layout-flex wp-container-core-group-is-layout-8cf370e7 wp-block-group-is-layout-flex\">\n<figure class=\"wp-block-image size-full is-resized\"><img loading=\"lazy\" decoding=\"async\" width=\"600\" height=\"400\" src=\"https:\/\/alles-ueber-riffe.de\/wp-content\/uploads\/2025\/06\/B140472-small.jpg\" alt=\"\" class=\"wp-image-11529\" style=\"width:508px;height:auto\" srcset=\"https:\/\/alles-ueber-riffe.de\/wp-content\/uploads\/2025\/06\/B140472-small.jpg 600w, https:\/\/alles-ueber-riffe.de\/wp-content\/uploads\/2025\/06\/B140472-small-300x200.jpg 300w\" sizes=\"auto, (max-width: 600px) 100vw, 600px\" \/><\/figure>\n<\/div>\n\n\n\n<p><em><strong>???<\/strong><\/em> \/ ????<\/p>\n<\/div>\n\n\n\n<div style=\"height:50px\" aria-hidden=\"true\" class=\"wp-block-spacer\"><\/div>\n\n\n\n<div class=\"wp-block-group is-vertical is-layout-flex wp-container-core-group-is-layout-8cf370e7 wp-block-group-is-layout-flex\">\n<div class=\"wp-block-group is-vertical is-layout-flex wp-container-core-group-is-layout-8cf370e7 wp-block-group-is-layout-flex\">\n<figure class=\"wp-block-image size-full is-resized\"><img loading=\"lazy\" decoding=\"async\" width=\"600\" height=\"400\" src=\"https:\/\/alles-ueber-riffe.de\/wp-content\/uploads\/2025\/06\/B130322-small.jpg\" alt=\"\" class=\"wp-image-11530\" style=\"width:508px;height:auto\" srcset=\"https:\/\/alles-ueber-riffe.de\/wp-content\/uploads\/2025\/06\/B130322-small.jpg 600w, https:\/\/alles-ueber-riffe.de\/wp-content\/uploads\/2025\/06\/B130322-small-300x200.jpg 300w\" sizes=\"auto, (max-width: 600px) 100vw, 600px\" \/><\/figure>\n<\/div>\n\n\n\n<p>???????<\/p>\n<\/div>\n\n\n\n<p><\/p>\n","protected":false},"excerpt":{"rendered":"<p>Sowohl Schecken als auch Muscheln sch\u00fctzen ihr weiches Inneres durch eine harte Schale. Diese besteht bei Muscheln immer aus zwei symmetrisch gleichen Teilen, die aufgeklappt werden k\u00f6nnen. Schnecken dagegen besitzen immer ein ungeteiltes Geh\u00e4use. Die sogenannten Nacktschnecken wiederum haben kein Geh\u00e4use.&nbsp;Im Laufe der Evolution haben diese ihr urspr\u00fcnglich vorhandenes Geh\u00e4use zur\u00fcck gebildet.&nbsp;Weiterlesen&#8230; Zu den einzelnen &hellip; <\/p>\n<p class=\"link-more\"><a href=\"https:\/\/alles-ueber-riffe.de\/?page_id=11182\" class=\"more-link\"><span class=\"screen-reader-text\">\u201eGastropoda &#8211; Schnecken\u201c<\/span> weiterlesen<\/a><\/p>\n","protected":false},"author":1,"featured_media":0,"parent":0,"menu_order":0,"comment_status":"closed","ping_status":"closed","template":"","meta":{"footnotes":""},"class_list":["post-11182","page","type-page","status-publish","hentry"],"_links":{"self":[{"href":"https:\/\/alles-ueber-riffe.de\/index.php?rest_route=\/wp\/v2\/pages\/11182","targetHints":{"allow":["GET"]}}],"collection":[{"href":"https:\/\/alles-ueber-riffe.de\/index.php?rest_route=\/wp\/v2\/pages"}],"about":[{"href":"https:\/\/alles-ueber-riffe.de\/index.php?rest_route=\/wp\/v2\/types\/page"}],"author":[{"embeddable":true,"href":"https:\/\/alles-ueber-riffe.de\/index.php?rest_route=\/wp\/v2\/users\/1"}],"replies":[{"embeddable":true,"href":"https:\/\/alles-ueber-riffe.de\/index.php?rest_route=%2Fwp%2Fv2%2Fcomments&post=11182"}],"version-history":[{"count":30,"href":"https:\/\/alles-ueber-riffe.de\/index.php?rest_route=\/wp\/v2\/pages\/11182\/revisions"}],"predecessor-version":[{"id":11545,"href":"https:\/\/alles-ueber-riffe.de\/index.php?rest_route=\/wp\/v2\/pages\/11182\/revisions\/11545"}],"wp:attachment":[{"href":"https:\/\/alles-ueber-riffe.de\/index.php?rest_route=%2Fwp%2Fv2%2Fmedia&parent=11182"}],"curies":[{"name":"wp","href":"https:\/\/api.w.org\/{rel}","templated":true}]}}