{"id":11170,"date":"2025-05-02T15:25:34","date_gmt":"2025-05-02T15:25:34","guid":{"rendered":"https:\/\/alles-ueber-riffe.de\/?page_id=11170"},"modified":"2025-05-14T19:21:00","modified_gmt":"2025-05-14T19:21:00","slug":"plattwuermer","status":"publish","type":"page","link":"https:\/\/alles-ueber-riffe.de\/?page_id=11170","title":{"rendered":"Plattw\u00fcrmer"},"content":{"rendered":"\n<div class=\"wp-block-group is-vertical is-content-justification-stretch is-layout-flex wp-container-core-group-is-layout-b16ad781 wp-block-group-is-layout-flex\">\n<div class=\"wp-block-group is-vertical is-layout-flex wp-container-core-group-is-layout-b7faace9 wp-block-group-is-layout-flex\">\n<p>Im Meer lebende Plattw\u00fcrmer sind nicht nur farbenpr\u00e4chtig sondern auch Zwitter. Praktisch, kann man sich doch mit jedem Artgenossen paaren.&nbsp;<\/p>\n\n\n\n<p>Plattw\u00fcrmer leben nicht nur in den Ozeanen, sondern oft als Parasiten in anderen Lebewesen. Bekannt ist der Bandwurm , der sich menschlichen Darm sehr wohl f\u00fchlt. <mark style=\"background-color:rgba(0, 0, 0, 0)\" class=\"has-inline-color has-vivid-cyan-blue-color\">Weiterlesen&#8230;<\/mark><\/p>\n<\/div>\n<\/div>\n\n\n\n<h2 class=\"wp-block-heading\">Zu den einzelnen Arten<\/h2>\n\n\n\n<div class=\"wp-block-group is-vertical is-layout-flex wp-container-core-group-is-layout-8cf370e7 wp-block-group-is-layout-flex\">\n<div class=\"wp-block-group is-vertical is-layout-flex wp-container-core-group-is-layout-8cf370e7 wp-block-group-is-layout-flex\">\n<figure class=\"wp-block-image size-full is-resized\"><img loading=\"lazy\" decoding=\"async\" width=\"600\" height=\"400\" src=\"https:\/\/alles-ueber-riffe.de\/wp-content\/uploads\/2025\/05\/57116-Plattwurm-Pseudobiceros-bedfordi-klein.jpg\" alt=\"\" class=\"wp-image-11367\" style=\"width:521px;height:auto\" srcset=\"https:\/\/alles-ueber-riffe.de\/wp-content\/uploads\/2025\/05\/57116-Plattwurm-Pseudobiceros-bedfordi-klein.jpg 600w, https:\/\/alles-ueber-riffe.de\/wp-content\/uploads\/2025\/05\/57116-Plattwurm-Pseudobiceros-bedfordi-klein-300x200.jpg 300w\" sizes=\"auto, (max-width: 600px) 100vw, 600px\" \/><\/figure>\n<\/div>\n\n\n\n<p><strong><em>Pseudobiceros bedfordi\u00a0<\/em><\/strong><em> <\/em>\/ Perserteppich-Plattwurm<\/p>\n<\/div>\n\n\n\n<div style=\"height:50px\" aria-hidden=\"true\" class=\"wp-block-spacer\"><\/div>\n\n\n\n<div class=\"wp-block-group is-vertical is-layout-flex wp-container-core-group-is-layout-8cf370e7 wp-block-group-is-layout-flex\">\n<figure class=\"wp-block-image size-full is-resized\"><img loading=\"lazy\" decoding=\"async\" width=\"600\" height=\"400\" src=\"https:\/\/alles-ueber-riffe.de\/wp-content\/uploads\/2025\/05\/Pseudobiceros-sp.-green.klein_.jpg\" alt=\"\" class=\"wp-image-11370\" style=\"width:513px;height:auto\" srcset=\"https:\/\/alles-ueber-riffe.de\/wp-content\/uploads\/2025\/05\/Pseudobiceros-sp.-green.klein_.jpg 600w, https:\/\/alles-ueber-riffe.de\/wp-content\/uploads\/2025\/05\/Pseudobiceros-sp.-green.klein_-300x200.jpg 300w\" sizes=\"auto, (max-width: 600px) 100vw, 600px\" \/><\/figure>\n\n\n\n<p><em><strong>Pseudobiceros sp.<\/strong> <\/em>\/ Plattwurm<\/p>\n<\/div>\n\n\n\n<div style=\"height:50px\" aria-hidden=\"true\" class=\"wp-block-spacer\"><\/div>\n\n\n\n<div class=\"wp-block-group is-vertical is-layout-flex wp-container-core-group-is-layout-8cf370e7 wp-block-group-is-layout-flex\">\n<div class=\"wp-block-group is-vertical is-layout-flex wp-container-core-group-is-layout-8cf370e7 wp-block-group-is-layout-flex\">\n<figure class=\"wp-block-image size-full is-resized\"><img loading=\"lazy\" decoding=\"async\" width=\"600\" height=\"400\" src=\"https:\/\/alles-ueber-riffe.de\/wp-content\/uploads\/2025\/05\/Plattwurm_Tiger-Plattwurm-klein.jpg\" alt=\"\" class=\"wp-image-11372\" style=\"width:508px;height:auto\" srcset=\"https:\/\/alles-ueber-riffe.de\/wp-content\/uploads\/2025\/05\/Plattwurm_Tiger-Plattwurm-klein.jpg 600w, https:\/\/alles-ueber-riffe.de\/wp-content\/uploads\/2025\/05\/Plattwurm_Tiger-Plattwurm-klein-300x200.jpg 300w\" sizes=\"auto, (max-width: 600px) 100vw, 600px\" \/><\/figure>\n<\/div>\n\n\n\n<p><em>Pseudoceros dimidiatus <\/em>\/ Tiger Plattwurm<\/p>\n<\/div>\n\n\n\n<div style=\"height:50px\" aria-hidden=\"true\" class=\"wp-block-spacer\"><\/div>\n\n\n\n<div style=\"height:50px\" aria-hidden=\"true\" class=\"wp-block-spacer\"><\/div>\n\n\n\n<div class=\"wp-block-group is-vertical is-content-justification-stretch is-layout-flex wp-container-core-group-is-layout-b16ad781 wp-block-group-is-layout-flex\">\n<div class=\"wp-block-group is-vertical is-layout-flex wp-container-core-group-is-layout-b7faace9 wp-block-group-is-layout-flex\">\n<div class=\"wp-block-group is-nowrap is-layout-flex wp-container-core-group-is-layout-ad2f72ca wp-block-group-is-layout-flex\">\n<div class=\"wp-block-group\"><div class=\"wp-block-group__inner-container is-layout-constrained wp-block-group-is-layout-constrained\">\n<div style=\"height:50px\" aria-hidden=\"true\" class=\"wp-block-spacer\"><\/div>\n<\/div><\/div>\n<\/div>\n<\/div>\n<\/div>\n\n\n\n<div style=\"height:50px\" aria-hidden=\"true\" class=\"wp-block-spacer\"><\/div>\n\n\n\n<div style=\"height:50px\" aria-hidden=\"true\" class=\"wp-block-spacer\"><\/div>\n\n\n\n<div style=\"height:50px\" aria-hidden=\"true\" class=\"wp-block-spacer\"><\/div>\n\n\n\n<div style=\"height:50px\" aria-hidden=\"true\" class=\"wp-block-spacer\"><\/div>\n\n\n\n<div style=\"height:50px\" aria-hidden=\"true\" class=\"wp-block-spacer\"><\/div>\n\n\n\n<div style=\"height:56px\" aria-hidden=\"true\" class=\"wp-block-spacer\"><\/div>\n","protected":false},"excerpt":{"rendered":"<p>Im Meer lebende Plattw\u00fcrmer sind nicht nur farbenpr\u00e4chtig sondern auch Zwitter. Praktisch, kann man sich doch mit jedem Artgenossen paaren.&nbsp; Plattw\u00fcrmer leben nicht nur in den Ozeanen, sondern oft als Parasiten in anderen Lebewesen. Bekannt ist der Bandwurm , der sich menschlichen Darm sehr wohl f\u00fchlt. Weiterlesen&#8230; Zu den einzelnen Arten Pseudobiceros bedfordi\u00a0 \/ Perserteppich-Plattwurm &hellip; <\/p>\n<p class=\"link-more\"><a href=\"https:\/\/alles-ueber-riffe.de\/?page_id=11170\" class=\"more-link\"><span class=\"screen-reader-text\">\u201ePlattw\u00fcrmer\u201c<\/span> weiterlesen<\/a><\/p>\n","protected":false},"author":1,"featured_media":0,"parent":0,"menu_order":0,"comment_status":"closed","ping_status":"closed","template":"","meta":{"footnotes":""},"class_list":["post-11170","page","type-page","status-publish","hentry"],"_links":{"self":[{"href":"https:\/\/alles-ueber-riffe.de\/index.php?rest_route=\/wp\/v2\/pages\/11170","targetHints":{"allow":["GET"]}}],"collection":[{"href":"https:\/\/alles-ueber-riffe.de\/index.php?rest_route=\/wp\/v2\/pages"}],"about":[{"href":"https:\/\/alles-ueber-riffe.de\/index.php?rest_route=\/wp\/v2\/types\/page"}],"author":[{"embeddable":true,"href":"https:\/\/alles-ueber-riffe.de\/index.php?rest_route=\/wp\/v2\/users\/1"}],"replies":[{"embeddable":true,"href":"https:\/\/alles-ueber-riffe.de\/index.php?rest_route=%2Fwp%2Fv2%2Fcomments&post=11170"}],"version-history":[{"count":8,"href":"https:\/\/alles-ueber-riffe.de\/index.php?rest_route=\/wp\/v2\/pages\/11170\/revisions"}],"predecessor-version":[{"id":11374,"href":"https:\/\/alles-ueber-riffe.de\/index.php?rest_route=\/wp\/v2\/pages\/11170\/revisions\/11374"}],"wp:attachment":[{"href":"https:\/\/alles-ueber-riffe.de\/index.php?rest_route=%2Fwp%2Fv2%2Fmedia&parent=11170"}],"curies":[{"name":"wp","href":"https:\/\/api.w.org\/{rel}","templated":true}]}}