{"id":11168,"date":"2025-05-02T15:25:15","date_gmt":"2025-05-02T15:25:15","guid":{"rendered":"https:\/\/alles-ueber-riffe.de\/?page_id=11168"},"modified":"2025-05-13T08:58:53","modified_gmt":"2025-05-13T08:58:53","slug":"seegurken","status":"publish","type":"page","link":"https:\/\/alles-ueber-riffe.de\/?page_id=11168","title":{"rendered":"Seegurken"},"content":{"rendered":"\n<div class=\"wp-block-group is-vertical is-content-justification-stretch is-layout-flex wp-container-core-group-is-layout-b16ad781 wp-block-group-is-layout-flex\">\n<div class=\"wp-block-group is-vertical is-layout-flex wp-container-core-group-is-layout-b7faace9 wp-block-group-is-layout-flex\">\n<p>Seegurken und Eingeweidefische pflegen eine der seltsamsten Symbiosebeziehungen im Tierreich. Der Fisch lebt im Inneren der Seegurke. Sein Ein- und Ausgang ist der Anus des Stachelh\u00e4uters.&nbsp;<\/p>\n\n\n\n<p>Mit etwa 1700 beschriebenen Arten stellen Seegurken die gr\u00f6sste Gruppe der Stachelh\u00e4uter. Nahrung Firtpflanzung auch durch Teilung. Lebensmittel und Bedrohung. <mark style=\"background-color:rgba(0, 0, 0, 0)\" class=\"has-inline-color has-vivid-cyan-blue-color\">Weiterlesen&#8230;<\/mark><\/p>\n<\/div>\n<\/div>\n\n\n\n<h2 class=\"wp-block-heading\">Zu den einzelnen Arten<\/h2>\n\n\n\n<div class=\"wp-block-group is-vertical is-layout-flex wp-container-core-group-is-layout-8cf370e7 wp-block-group-is-layout-flex\">\n<div class=\"wp-block-group is-vertical is-layout-flex wp-container-core-group-is-layout-8cf370e7 wp-block-group-is-layout-flex\">\n<figure class=\"wp-block-image size-full is-resized\"><img loading=\"lazy\" decoding=\"async\" width=\"600\" height=\"400\" src=\"https:\/\/alles-ueber-riffe.de\/wp-content\/uploads\/2025\/05\/61841-Schreckliche-Seegurke-klein.jpg\" alt=\"\" class=\"wp-image-11323\" style=\"width:521px;height:auto\" srcset=\"https:\/\/alles-ueber-riffe.de\/wp-content\/uploads\/2025\/05\/61841-Schreckliche-Seegurke-klein.jpg 600w, https:\/\/alles-ueber-riffe.de\/wp-content\/uploads\/2025\/05\/61841-Schreckliche-Seegurke-klein-300x200.jpg 300w\" sizes=\"auto, (max-width: 600px) 100vw, 600px\" \/><\/figure>\n<\/div>\n\n\n\n<p><strong><em>Stichopus pseudohorrens&nbsp;<\/em><\/strong><em> <\/em>\/ SchrecklicheSeegurke<\/p>\n<\/div>\n\n\n\n<div style=\"height:50px\" aria-hidden=\"true\" class=\"wp-block-spacer\"><\/div>\n\n\n\n<div class=\"wp-block-group is-vertical is-layout-flex wp-container-core-group-is-layout-8cf370e7 wp-block-group-is-layout-flex\">\n<figure class=\"wp-block-image size-full is-resized\"><img loading=\"lazy\" decoding=\"async\" width=\"601\" height=\"400\" src=\"https:\/\/alles-ueber-riffe.de\/wp-content\/uploads\/2025\/05\/61903-Schw-Seegurke_kompr_klein.jpg\" alt=\"\" class=\"wp-image-11325\" style=\"width:513px;height:auto\" srcset=\"https:\/\/alles-ueber-riffe.de\/wp-content\/uploads\/2025\/05\/61903-Schw-Seegurke_kompr_klein.jpg 601w, https:\/\/alles-ueber-riffe.de\/wp-content\/uploads\/2025\/05\/61903-Schw-Seegurke_kompr_klein-300x200.jpg 300w\" sizes=\"auto, (max-width: 601px) 100vw, 601px\" \/><\/figure>\n\n\n\n<p><em><strong>Holothuria atra<\/strong> <\/em>\/ Schwarze Seegurke<\/p>\n<\/div>\n\n\n\n<div style=\"height:50px\" aria-hidden=\"true\" class=\"wp-block-spacer\"><\/div>\n\n\n\n<div class=\"wp-block-group is-vertical is-layout-flex wp-container-core-group-is-layout-8cf370e7 wp-block-group-is-layout-flex\">\n<div class=\"wp-block-group is-vertical is-layout-flex wp-container-core-group-is-layout-8cf370e7 wp-block-group-is-layout-flex\">\n<figure class=\"wp-block-image size-full is-resized\"><img loading=\"lazy\" decoding=\"async\" width=\"606\" height=\"400\" src=\"https:\/\/alles-ueber-riffe.de\/wp-content\/uploads\/2025\/05\/GOPR0326-Seegurke-klein-1.jpg\" alt=\"\" class=\"wp-image-11335\" style=\"width:508px;height:auto\" srcset=\"https:\/\/alles-ueber-riffe.de\/wp-content\/uploads\/2025\/05\/GOPR0326-Seegurke-klein-1.jpg 606w, https:\/\/alles-ueber-riffe.de\/wp-content\/uploads\/2025\/05\/GOPR0326-Seegurke-klein-1-300x198.jpg 300w\" sizes=\"auto, (max-width: 606px) 100vw, 606px\" \/><\/figure>\n<\/div>\n\n\n\n<p><strong><em>Thelenota anax<\/em><\/strong> <strong>\/ <\/strong>Kasten-Seegurke<\/p>\n<\/div>\n\n\n\n<div style=\"height:50px\" aria-hidden=\"true\" class=\"wp-block-spacer\"><\/div>\n\n\n\n<div class=\"wp-block-group is-vertical is-layout-flex wp-container-core-group-is-layout-8cf370e7 wp-block-group-is-layout-flex\">\n<div class=\"wp-block-group is-vertical is-layout-flex wp-container-core-group-is-layout-8cf370e7 wp-block-group-is-layout-flex\">\n<figure class=\"wp-block-image size-full is-resized\"><img loading=\"lazy\" decoding=\"async\" width=\"600\" height=\"401\" src=\"https:\/\/alles-ueber-riffe.de\/wp-content\/uploads\/2025\/05\/61867-Seegurke-klein.jpg\" alt=\"\" class=\"wp-image-11332\" style=\"width:508px;height:auto\" srcset=\"https:\/\/alles-ueber-riffe.de\/wp-content\/uploads\/2025\/05\/61867-Seegurke-klein.jpg 600w, https:\/\/alles-ueber-riffe.de\/wp-content\/uploads\/2025\/05\/61867-Seegurke-klein-300x201.jpg 300w\" sizes=\"auto, (max-width: 600px) 100vw, 600px\" \/><\/figure>\n<\/div>\n\n\n\n<p><em><strong>Synapta maculata <\/strong><\/em>\/ Wurm Seegurke<\/p>\n<\/div>\n\n\n\n<div style=\"height:50px\" aria-hidden=\"true\" class=\"wp-block-spacer\"><\/div>\n\n\n\n<div class=\"wp-block-group is-vertical is-layout-flex wp-container-core-group-is-layout-8cf370e7 wp-block-group-is-layout-flex\">\n<div class=\"wp-block-group is-vertical is-layout-flex wp-container-core-group-is-layout-8cf370e7 wp-block-group-is-layout-flex\">\n<figure class=\"wp-block-image size-full is-resized\"><img loading=\"lazy\" decoding=\"async\" width=\"600\" height=\"400\" src=\"https:\/\/alles-ueber-riffe.de\/wp-content\/uploads\/2025\/05\/PB140465-klein.jpg\" alt=\"\" class=\"wp-image-11338\" style=\"width:508px;height:auto\" srcset=\"https:\/\/alles-ueber-riffe.de\/wp-content\/uploads\/2025\/05\/PB140465-klein.jpg 600w, https:\/\/alles-ueber-riffe.de\/wp-content\/uploads\/2025\/05\/PB140465-klein-300x200.jpg 300w\" sizes=\"auto, (max-width: 600px) 100vw, 600px\" \/><\/figure>\n<\/div>\n\n\n\n<p><em><strong>Neothyonidium magnum <\/strong><\/em>\/ Magnum Seegurke<\/p>\n<\/div>\n\n\n\n<div style=\"height:50px\" aria-hidden=\"true\" class=\"wp-block-spacer\"><\/div>\n\n\n\n<div style=\"height:50px\" aria-hidden=\"true\" class=\"wp-block-spacer\"><\/div>\n\n\n\n<div style=\"height:50px\" aria-hidden=\"true\" class=\"wp-block-spacer\"><\/div>\n\n\n\n<div style=\"height:50px\" aria-hidden=\"true\" class=\"wp-block-spacer\"><\/div>\n\n\n\n<div style=\"height:50px\" aria-hidden=\"true\" class=\"wp-block-spacer\"><\/div>\n\n\n\n<div style=\"height:56px\" aria-hidden=\"true\" class=\"wp-block-spacer\"><\/div>\n","protected":false},"excerpt":{"rendered":"<p>Seegurken und Eingeweidefische pflegen eine der seltsamsten Symbiosebeziehungen im Tierreich. Der Fisch lebt im Inneren der Seegurke. Sein Ein- und Ausgang ist der Anus des Stachelh\u00e4uters.&nbsp; Mit etwa 1700 beschriebenen Arten stellen Seegurken die gr\u00f6sste Gruppe der Stachelh\u00e4uter. Nahrung Firtpflanzung auch durch Teilung. Lebensmittel und Bedrohung. Weiterlesen&#8230; Zu den einzelnen Arten Stichopus pseudohorrens&nbsp; \/ SchrecklicheSeegurke &hellip; <\/p>\n<p class=\"link-more\"><a href=\"https:\/\/alles-ueber-riffe.de\/?page_id=11168\" class=\"more-link\"><span class=\"screen-reader-text\">\u201eSeegurken\u201c<\/span> weiterlesen<\/a><\/p>\n","protected":false},"author":1,"featured_media":0,"parent":0,"menu_order":0,"comment_status":"closed","ping_status":"closed","template":"","meta":{"footnotes":""},"class_list":["post-11168","page","type-page","status-publish","hentry"],"_links":{"self":[{"href":"https:\/\/alles-ueber-riffe.de\/index.php?rest_route=\/wp\/v2\/pages\/11168","targetHints":{"allow":["GET"]}}],"collection":[{"href":"https:\/\/alles-ueber-riffe.de\/index.php?rest_route=\/wp\/v2\/pages"}],"about":[{"href":"https:\/\/alles-ueber-riffe.de\/index.php?rest_route=\/wp\/v2\/types\/page"}],"author":[{"embeddable":true,"href":"https:\/\/alles-ueber-riffe.de\/index.php?rest_route=\/wp\/v2\/users\/1"}],"replies":[{"embeddable":true,"href":"https:\/\/alles-ueber-riffe.de\/index.php?rest_route=%2Fwp%2Fv2%2Fcomments&post=11168"}],"version-history":[{"count":12,"href":"https:\/\/alles-ueber-riffe.de\/index.php?rest_route=\/wp\/v2\/pages\/11168\/revisions"}],"predecessor-version":[{"id":11349,"href":"https:\/\/alles-ueber-riffe.de\/index.php?rest_route=\/wp\/v2\/pages\/11168\/revisions\/11349"}],"wp:attachment":[{"href":"https:\/\/alles-ueber-riffe.de\/index.php?rest_route=%2Fwp%2Fv2%2Fmedia&parent=11168"}],"curies":[{"name":"wp","href":"https:\/\/api.w.org\/{rel}","templated":true}]}}