{"id":11135,"date":"2025-04-16T16:21:32","date_gmt":"2025-04-16T16:21:32","guid":{"rendered":"https:\/\/alles-ueber-riffe.de\/?page_id=11135"},"modified":"2025-05-19T07:24:34","modified_gmt":"2025-05-19T07:24:34","slug":"seescheiden","status":"publish","type":"page","link":"https:\/\/alles-ueber-riffe.de\/?page_id=11135","title":{"rendered":"Seescheiden"},"content":{"rendered":"\n<div class=\"wp-block-group is-vertical is-content-justification-stretch is-layout-flex wp-container-core-group-is-layout-b16ad781 wp-block-group-is-layout-flex\">\n<div class=\"wp-block-group is-vertical is-layout-flex wp-container-core-group-is-layout-b7faace9 wp-block-group-is-layout-flex\">\n<p>Kaum zu glauben, dass diese Lebewesen zu unseren n\u00e4heren Verwandten geh\u00f6ren. Sie geh\u00f6ren zum Stamm der Chordatiere, zu denen auch die Wirbeltiere und wir Menschen geh\u00f6ren. Ein gemeinsames anatomisches Merkmal aller Chordatiere ist die Chorda dorsalis ein St\u00fctzapparat im R\u00fccken, ein evolution\u00e4rer Vorl\u0101ufer unserer Wirbels\u00e4ule.  <\/p>\n\n\n\n<p>Doch wo ist diese Chorda dorsalus bei den Manteltieren zu sehen? Nirgends, denn ausgewachsen sehen sie aus wie bunte umgedrehte Gl\u00e4ser. Nur im Larvenstadium besitzen sie die Chorda dorsalis. Im Laufe ihrer Entwicklung zum adulten Tier wird diese zur\u00fcckgebildet. <mark style=\"background-color:rgba(0, 0, 0, 0)\" class=\"has-inline-color has-vivid-cyan-blue-color\">Weiterlesen&#8230;<\/mark><\/p>\n<\/div>\n<\/div>\n\n\n\n<h2 class=\"wp-block-heading\">Zu den einzelnen Arten&#8230;<\/h2>\n\n\n\n<div class=\"wp-block-group is-vertical is-content-justification-stretch is-layout-flex wp-container-core-group-is-layout-b16ad781 wp-block-group-is-layout-flex\">\n<div class=\"wp-block-group is-vertical is-layout-flex wp-container-core-group-is-layout-b7faace9 wp-block-group-is-layout-flex\">\n<div class=\"wp-block-group is-nowrap is-layout-flex wp-container-core-group-is-layout-ad2f72ca wp-block-group-is-layout-flex\">\n<div class=\"wp-block-group\"><div class=\"wp-block-group__inner-container is-layout-constrained wp-block-group-is-layout-constrained\">\n<div class=\"wp-block-group is-vertical is-layout-flex wp-container-core-group-is-layout-8cf370e7 wp-block-group-is-layout-flex\">\n<figure class=\"wp-block-image size-full is-resized\"><img loading=\"lazy\" decoding=\"async\" width=\"600\" height=\"400\" src=\"https:\/\/alles-ueber-riffe.de\/wp-content\/uploads\/2025\/04\/Seescheide_400x600.jpg\" alt=\"\" class=\"wp-image-11137\" style=\"width:519px;height:auto\" srcset=\"https:\/\/alles-ueber-riffe.de\/wp-content\/uploads\/2025\/04\/Seescheide_400x600.jpg 600w, https:\/\/alles-ueber-riffe.de\/wp-content\/uploads\/2025\/04\/Seescheide_400x600-300x200.jpg 300w\" sizes=\"auto, (max-width: 600px) 100vw, 600px\" \/><\/figure>\n\n\n\n<p><strong><mark style=\"background-color:rgba(0, 0, 0, 0)\" class=\"has-inline-color has-black-color\">Clavelina coerulea <\/mark><\/strong>\/ Blaue Seescheide<\/p>\n<\/div>\n\n\n\n<div style=\"height:50px\" aria-hidden=\"true\" class=\"wp-block-spacer\"><\/div>\n<\/div><\/div>\n<\/div>\n<\/div>\n<\/div>\n\n\n\n<div class=\"wp-block-group is-vertical is-layout-flex wp-container-core-group-is-layout-8cf370e7 wp-block-group-is-layout-flex\">\n<div class=\"wp-block-group is-vertical is-layout-flex wp-container-core-group-is-layout-8cf370e7 wp-block-group-is-layout-flex\">\n<figure class=\"wp-block-image size-full is-resized\"><img loading=\"lazy\" decoding=\"async\" width=\"600\" height=\"400\" src=\"https:\/\/alles-ueber-riffe.de\/wp-content\/uploads\/2025\/04\/61882_klein_600x400.jpg\" alt=\"\" class=\"wp-image-11141\" style=\"width:521px;height:auto\" srcset=\"https:\/\/alles-ueber-riffe.de\/wp-content\/uploads\/2025\/04\/61882_klein_600x400.jpg 600w, https:\/\/alles-ueber-riffe.de\/wp-content\/uploads\/2025\/04\/61882_klein_600x400-300x200.jpg 300w\" sizes=\"auto, (max-width: 600px) 100vw, 600px\" \/><\/figure>\n<\/div>\n\n\n\n<p><mark style=\"background-color:rgba(0, 0, 0, 0)\" class=\"has-inline-color has-black-color\"><strong>Botryllus niger \/ <\/strong>Seescheide<\/mark><\/p>\n<\/div>\n\n\n\n<div style=\"height:50px\" aria-hidden=\"true\" class=\"wp-block-spacer\"><\/div>\n\n\n\n<div style=\"height:50px\" aria-hidden=\"true\" class=\"wp-block-spacer\"><\/div>\n\n\n\n<div style=\"height:50px\" aria-hidden=\"true\" class=\"wp-block-spacer\"><\/div>\n","protected":false},"excerpt":{"rendered":"<p>Kaum zu glauben, dass diese Lebewesen zu unseren n\u00e4heren Verwandten geh\u00f6ren. Sie geh\u00f6ren zum Stamm der Chordatiere, zu denen auch die Wirbeltiere und wir Menschen geh\u00f6ren. Ein gemeinsames anatomisches Merkmal aller Chordatiere ist die Chorda dorsalis ein St\u00fctzapparat im R\u00fccken, ein evolution\u00e4rer Vorl\u0101ufer unserer Wirbels\u00e4ule. Doch wo ist diese Chorda dorsalus bei den Manteltieren zu &hellip; <\/p>\n<p class=\"link-more\"><a href=\"https:\/\/alles-ueber-riffe.de\/?page_id=11135\" class=\"more-link\"><span class=\"screen-reader-text\">\u201eSeescheiden\u201c<\/span> weiterlesen<\/a><\/p>\n","protected":false},"author":1,"featured_media":0,"parent":0,"menu_order":0,"comment_status":"closed","ping_status":"closed","template":"","meta":{"footnotes":""},"class_list":["post-11135","page","type-page","status-publish","hentry"],"_links":{"self":[{"href":"https:\/\/alles-ueber-riffe.de\/index.php?rest_route=\/wp\/v2\/pages\/11135","targetHints":{"allow":["GET"]}}],"collection":[{"href":"https:\/\/alles-ueber-riffe.de\/index.php?rest_route=\/wp\/v2\/pages"}],"about":[{"href":"https:\/\/alles-ueber-riffe.de\/index.php?rest_route=\/wp\/v2\/types\/page"}],"author":[{"embeddable":true,"href":"https:\/\/alles-ueber-riffe.de\/index.php?rest_route=\/wp\/v2\/users\/1"}],"replies":[{"embeddable":true,"href":"https:\/\/alles-ueber-riffe.de\/index.php?rest_route=%2Fwp%2Fv2%2Fcomments&post=11135"}],"version-history":[{"count":11,"href":"https:\/\/alles-ueber-riffe.de\/index.php?rest_route=\/wp\/v2\/pages\/11135\/revisions"}],"predecessor-version":[{"id":11412,"href":"https:\/\/alles-ueber-riffe.de\/index.php?rest_route=\/wp\/v2\/pages\/11135\/revisions\/11412"}],"wp:attachment":[{"href":"https:\/\/alles-ueber-riffe.de\/index.php?rest_route=%2Fwp%2Fv2%2Fmedia&parent=11135"}],"curies":[{"name":"wp","href":"https:\/\/api.w.org\/{rel}","templated":true}]}}