{"id":1087,"date":"2024-10-29T11:50:48","date_gmt":"2024-10-29T11:50:48","guid":{"rendered":"https:\/\/alles-ueber-riffe.de\/?page_id=1087"},"modified":"2024-10-29T13:20:57","modified_gmt":"2024-10-29T13:20:57","slug":"aller-ueberanemonenfische","status":"publish","type":"page","link":"https:\/\/alles-ueber-riffe.de\/?page_id=1087","title":{"rendered":"Alles \u00fcber Anemonenfische"},"content":{"rendered":"\n<p>M\u00e4nnchen haben bei den Anemonenfischen nicht viel zu melden. Der Chef bzw. die Chefin jeder Anemonenfischgemeinschaft ist ein Weibchen, das sich sozusagen mit einem M\u00e4nnerharem umgibt. Ein M\u00e4nnchen kann nur Chef werden, wenn drei Bedingungen erf\u00fcllt sind: Das dominante Weibchen stirbt, das M\u00e4nnchen ist im M\u00e4nnerharem das dominante Tier, das M\u00e4nnchen \u00e4ndert sein Geschlecht und wird ein Weibchen. Die einzige Aufgabe der M\u00e4nnchen ist damit das Besamen der Eier, die im Schutz der Anemone abgelegt werden und das Reinigen der Eier bis die Jungtiere schl\u00fcpfen. Die Larven verbringen eine gewisse Zeit als Teil des Planktons, bevor sie sich einer Anemonenfischgemeinschaft anschlie\u00dfen oder eine Anemone neu besiedeln. Da sie klein, schwach und nicht dominant sind, sind alle jungen, geschlechtsreifen Anemonenfische M\u00e4nnchen: Genau wie der kleine Nemo.<\/p>\n\n\n\n<p>Anemonenfische leben in Symbiose mit ihren Wirtsanemonen, gegen deren Gift sie immun sind. Beide Tiere profitieren. Die Anemonenfische k\u00f6nnen sich bei Gefahr jederzeit zwischen die nesselnden Tentakel zur\u00fcck ziehen. Sie bedanken sich, indem sie nat\u00fcrliche Feinde der Anemonen, wie z.B. Falterfische, vertreiben.<\/p>\n\n\n\n<p>Anemonenfische leben nur in den Korallenriffen des Indopazifik. Ihre Larven k\u00f6nne geologische Hindernisse und gro\u00dfe Entfernungen selten \u00fcberwinden. Manche sind auch weniger flexibel, was ihre Wirtsanemone betrifft. Deshalb existieren die meisten Arten nur in bestimmten Gebieten. In manchen Lebensr\u00e4umen wie z.B. Hawaii oder Teilen<em>&nbsp;<\/em>der Pazifikk\u00fcste Mittelamerikas fehlen sie ganz. Die zwischen 6 und 18 cm gro\u00df werdenden Anemonenfische geh\u00f6ren zur Familie der Riffbarsche.<\/p>\n\n\n\n<p>29 Arten sind beschrieben.<\/p>\n\n\n\n<p>Anemonefische leben in den tropischen Bereichen des Indopazifik.<\/p>\n","protected":false},"excerpt":{"rendered":"<p>M\u00e4nnchen haben bei den Anemonenfischen nicht viel zu melden. Der Chef bzw. die Chefin jeder Anemonenfischgemeinschaft ist ein Weibchen, das sich sozusagen mit einem M\u00e4nnerharem umgibt. Ein M\u00e4nnchen kann nur Chef werden, wenn drei Bedingungen erf\u00fcllt sind: Das dominante Weibchen stirbt, das M\u00e4nnchen ist im M\u00e4nnerharem das dominante Tier, das M\u00e4nnchen \u00e4ndert sein Geschlecht und &hellip; <\/p>\n<p class=\"link-more\"><a href=\"https:\/\/alles-ueber-riffe.de\/?page_id=1087\" class=\"more-link\"><span class=\"screen-reader-text\">\u201eAlles \u00fcber Anemonenfische\u201c<\/span> weiterlesen<\/a><\/p>\n","protected":false},"author":1,"featured_media":0,"parent":0,"menu_order":0,"comment_status":"closed","ping_status":"closed","template":"","meta":{"footnotes":""},"class_list":["post-1087","page","type-page","status-publish","hentry"],"_links":{"self":[{"href":"https:\/\/alles-ueber-riffe.de\/index.php?rest_route=\/wp\/v2\/pages\/1087","targetHints":{"allow":["GET"]}}],"collection":[{"href":"https:\/\/alles-ueber-riffe.de\/index.php?rest_route=\/wp\/v2\/pages"}],"about":[{"href":"https:\/\/alles-ueber-riffe.de\/index.php?rest_route=\/wp\/v2\/types\/page"}],"author":[{"embeddable":true,"href":"https:\/\/alles-ueber-riffe.de\/index.php?rest_route=\/wp\/v2\/users\/1"}],"replies":[{"embeddable":true,"href":"https:\/\/alles-ueber-riffe.de\/index.php?rest_route=%2Fwp%2Fv2%2Fcomments&post=1087"}],"version-history":[{"count":4,"href":"https:\/\/alles-ueber-riffe.de\/index.php?rest_route=\/wp\/v2\/pages\/1087\/revisions"}],"predecessor-version":[{"id":1289,"href":"https:\/\/alles-ueber-riffe.de\/index.php?rest_route=\/wp\/v2\/pages\/1087\/revisions\/1289"}],"wp:attachment":[{"href":"https:\/\/alles-ueber-riffe.de\/index.php?rest_route=%2Fwp%2Fv2%2Fmedia&parent=1087"}],"curies":[{"name":"wp","href":"https:\/\/api.w.org\/{rel}","templated":true}]}}