{"id":10827,"date":"2025-03-13T21:05:11","date_gmt":"2025-03-13T21:05:11","guid":{"rendered":"https:\/\/alles-ueber-riffe.de\/?page_id=10827"},"modified":"2025-03-28T15:41:14","modified_gmt":"2025-03-28T15:41:14","slug":"salzwasserkrokodil","status":"publish","type":"page","link":"https:\/\/alles-ueber-riffe.de\/?page_id=10827","title":{"rendered":"Salzwasserkrokodil"},"content":{"rendered":"\n<div class=\"wp-block-group is-vertical is-layout-flex wp-container-core-group-is-layout-8cf370e7 wp-block-group-is-layout-flex\">\n<p><strong>Salzwasserkrokodil<\/strong><\/p>\n\n\n\n<p>Saltwater crocodile<\/p>\n\n\n\n<p><em>Crocodylus porosus<\/em><\/p>\n<\/div>\n\n\n\n<div style=\"height:30px\" aria-hidden=\"true\" class=\"wp-block-spacer\"><\/div>\n\n\n\n<figure class=\"wp-block-image size-full\"><img loading=\"lazy\" decoding=\"async\" width=\"2000\" height=\"1333\" src=\"https:\/\/alles-ueber-riffe.de\/wp-content\/uploads\/2025\/03\/1110360-Kopie-2000px.jpg\" alt=\"\" class=\"wp-image-11042\" srcset=\"https:\/\/alles-ueber-riffe.de\/wp-content\/uploads\/2025\/03\/1110360-Kopie-2000px.jpg 2000w, https:\/\/alles-ueber-riffe.de\/wp-content\/uploads\/2025\/03\/1110360-Kopie-2000px-300x200.jpg 300w, https:\/\/alles-ueber-riffe.de\/wp-content\/uploads\/2025\/03\/1110360-Kopie-2000px-1024x682.jpg 1024w, https:\/\/alles-ueber-riffe.de\/wp-content\/uploads\/2025\/03\/1110360-Kopie-2000px-768x512.jpg 768w, https:\/\/alles-ueber-riffe.de\/wp-content\/uploads\/2025\/03\/1110360-Kopie-2000px-1536x1024.jpg 1536w\" sizes=\"auto, (max-width: 767px) 89vw, (max-width: 1000px) 54vw, (max-width: 1071px) 543px, 580px\" \/><figcaption class=\"wp-element-caption\">\u00a9 Heinz Krimmer<\/figcaption><\/figure>\n\n\n\n<hr class=\"wp-block-separator has-alpha-channel-opacity is-style-default\"\/>\n\n\n\n<p><strong>Gr\u00f6\u00dfe: <\/strong> bis 6,17 m<\/p>\n\n\n\n<p><strong>Lebensraum:<\/strong> Korallenriffe, Mangroven, Flussm\u00fcndungen<\/p>\n\n\n\n<p><strong>Vorkommen:  <\/strong>von Ostindien \u00fcber ganz S\u00fcdostasien, Nordaustralien \u00fcber ganz Ozeanien.<\/p>\n\n\n\n<p><strong>Erkennungsmerkmale:<\/strong> Grau bis grau- oder goldbraun. Breiter K\u00f6rperbau.<\/p>\n\n\n\n<p><strong>Biologie &amp; Verhalten: <\/strong> Das Salzwasserkrokodil, auch Leistenkrokodil genannt ist das gr\u00f6\u00dfte heute lebende Krokodil. Die meisten sind jedoch kleiner. Weibchen sind erheblich kleiner als M\u00e4nnchen und werden lediglich bis zu 3,4 m gro\u00df. Salzwasserkrokodile sind sehr schwer. Von 240 kg bis 1000 kg bei gro\u00dfen Exemplaren sind m\u00f6glich.<\/p>\n\n\n\n<p>Salzwasserkrokodile k\u00f6nnen bis zu einer Stunde unter Wasser bleiben. Sie sind auch sehr gute und vor allem ausdauernde Schwimmer. 1400 km am St\u00fcck wurden schon nachgewiesen. Das erkl\u00e4rt auch ihr gro\u00dfes Verbreitungsgebiet.<\/p>\n\n\n\n<p>Junge Krokodile ern\u00e4hren sich von Insekten und Amphibien, gefolgt von Fischen und Wasserschildkr\u00f6ten. Ausgewachsene wiederum jagen auch V\u00f6gel, S\u00e4ugetiere sowie Artgenossen. Salzwasserkrokodile k\u00f6nnen bis zu einem Jahr ohne Nahrung auskommen.<\/p>\n\n\n\n<p>Sie werden mit 10 Jahren geschlechtsreif. Das Weibchen betreibt Brutpflege.&nbsp;<\/p>\n\n\n\n<p>Die Lebenserwartung betr\u00e4gt mehr als 70 Jahre.<\/p>\n\n\n\n<p><strong>Bedrohungsstatus:<\/strong> Die Art wird auf der Roten Liste der IUCN als <mark style=\"background-color:rgba(0, 0, 0, 0)\" class=\"has-inline-color has-vivid-green-cyan-color\">\u201enicht gef\u00e4hrdet\u201c<\/mark> gef\u00fchrt.<\/p>\n\n\n\n<p><mark style=\"background-color:rgba(0, 0, 0, 0)\" class=\"has-inline-color has-vivid-red-color\"><strong>Gefahr:<\/strong> Menschen geh\u00f6ren wie andere S\u00e4ugetiere auch zum Beutespektrum der Salzwasserkrokodile. Seit 1995 wurden 1024 Angriffe von Leistenkrokodilen registriert, von denen 591 t\u00f6dlich verliefen. Etwa die H\u00e4lfte aller weltweiten Angriffe von Krokodilen gehen auf das Konto des Salzwasserkrokodils.<\/mark><\/p>\n\n\n\n<hr class=\"wp-block-separator has-alpha-channel-opacity is-style-default\"\/>\n\n\n\n<p><a href=\"https:\/\/edustock.org\/Bildarchiv\/searchFiles.jsf?searchString=Salzwasserkrokodil&amp;first=0&amp;pageSize=48&amp;sortBy=dateCreated&amp;sortOrder=&amp;faces-redirect=true\" target=\"_blank\" rel=\"noreferrer noopener\"><mark style=\"background-color:rgba(0, 0, 0, 0)\" class=\"has-inline-color has-vivid-cyan-blue-color\">Weitere Bilder von Salzwasserkrokodilen bei Edustock.org<\/mark><\/a><\/p>\n\n\n\n<p><\/p>\n","protected":false},"excerpt":{"rendered":"<p>Salzwasserkrokodil Saltwater crocodile Crocodylus porosus Gr\u00f6\u00dfe: bis 6,17 m Lebensraum: Korallenriffe, Mangroven, Flussm\u00fcndungen Vorkommen: von Ostindien \u00fcber ganz S\u00fcdostasien, Nordaustralien \u00fcber ganz Ozeanien. Erkennungsmerkmale: Grau bis grau- oder goldbraun. Breiter K\u00f6rperbau. Biologie &amp; Verhalten: Das Salzwasserkrokodil, auch Leistenkrokodil genannt ist das gr\u00f6\u00dfte heute lebende Krokodil. Die meisten sind jedoch kleiner. Weibchen sind erheblich kleiner als &hellip; <\/p>\n<p class=\"link-more\"><a href=\"https:\/\/alles-ueber-riffe.de\/?page_id=10827\" class=\"more-link\"><span class=\"screen-reader-text\">\u201eSalzwasserkrokodil\u201c<\/span> weiterlesen<\/a><\/p>\n","protected":false},"author":1,"featured_media":0,"parent":0,"menu_order":0,"comment_status":"closed","ping_status":"closed","template":"","meta":{"footnotes":""},"class_list":["post-10827","page","type-page","status-publish","hentry"],"_links":{"self":[{"href":"https:\/\/alles-ueber-riffe.de\/index.php?rest_route=\/wp\/v2\/pages\/10827","targetHints":{"allow":["GET"]}}],"collection":[{"href":"https:\/\/alles-ueber-riffe.de\/index.php?rest_route=\/wp\/v2\/pages"}],"about":[{"href":"https:\/\/alles-ueber-riffe.de\/index.php?rest_route=\/wp\/v2\/types\/page"}],"author":[{"embeddable":true,"href":"https:\/\/alles-ueber-riffe.de\/index.php?rest_route=\/wp\/v2\/users\/1"}],"replies":[{"embeddable":true,"href":"https:\/\/alles-ueber-riffe.de\/index.php?rest_route=%2Fwp%2Fv2%2Fcomments&post=10827"}],"version-history":[{"count":10,"href":"https:\/\/alles-ueber-riffe.de\/index.php?rest_route=\/wp\/v2\/pages\/10827\/revisions"}],"predecessor-version":[{"id":11049,"href":"https:\/\/alles-ueber-riffe.de\/index.php?rest_route=\/wp\/v2\/pages\/10827\/revisions\/11049"}],"wp:attachment":[{"href":"https:\/\/alles-ueber-riffe.de\/index.php?rest_route=%2Fwp%2Fv2%2Fmedia&parent=10827"}],"curies":[{"name":"wp","href":"https:\/\/api.w.org\/{rel}","templated":true}]}}