{"id":10823,"date":"2025-03-13T21:01:28","date_gmt":"2025-03-13T21:01:28","guid":{"rendered":"https:\/\/alles-ueber-riffe.de\/?page_id=10823"},"modified":"2025-03-22T22:16:01","modified_gmt":"2025-03-22T22:16:01","slug":"olive-seeschlange","status":"publish","type":"page","link":"https:\/\/alles-ueber-riffe.de\/?page_id=10823","title":{"rendered":"Olivgr\u00fcne Seeschlange"},"content":{"rendered":"\n<div class=\"wp-block-group is-vertical is-layout-flex wp-container-core-group-is-layout-8cf370e7 wp-block-group-is-layout-flex\">\n<p><strong>Olivgr\u00fcne Seeschlange<\/strong><\/p>\n\n\n\n<p>Olive sea snake<\/p>\n\n\n\n<p><em>Aipysurus laevis<\/em><\/p>\n<\/div>\n\n\n\n<div style=\"height:30px\" aria-hidden=\"true\" class=\"wp-block-spacer\"><\/div>\n\n\n\n<figure class=\"wp-block-image size-full\"><img loading=\"lazy\" decoding=\"async\" width=\"1024\" height=\"768\" src=\"https:\/\/alles-ueber-riffe.de\/wp-content\/uploads\/2025\/03\/Olive_Seeschlange_1024x768.jpg\" alt=\"\" class=\"wp-image-10952\" srcset=\"https:\/\/alles-ueber-riffe.de\/wp-content\/uploads\/2025\/03\/Olive_Seeschlange_1024x768.jpg 1024w, https:\/\/alles-ueber-riffe.de\/wp-content\/uploads\/2025\/03\/Olive_Seeschlange_1024x768-300x225.jpg 300w, https:\/\/alles-ueber-riffe.de\/wp-content\/uploads\/2025\/03\/Olive_Seeschlange_1024x768-768x576.jpg 768w\" sizes=\"auto, (max-width: 767px) 89vw, (max-width: 1000px) 54vw, (max-width: 1071px) 543px, 580px\" \/><figcaption class=\"wp-element-caption\">\u00a9 Joris Rombouts<\/figcaption><\/figure>\n\n\n\n<hr class=\"wp-block-separator has-alpha-channel-opacity is-style-default\"\/>\n\n\n\n<p><strong>Gr\u00f6\u00dfe: <\/strong>bis 2,00 m<\/p>\n\n\n\n<p><strong>Lebensraum:<\/strong> Korallenriffe<\/p>\n\n\n\n<p><strong>Vorkommen:  <\/strong>von Sri Lanka \u00fcber Asien, Nordaustralien, Ozeanien bis Franz\u00f6sisch-Polynesien<\/p>\n\n\n\n<p><strong>Erkennungsmerkmale:<\/strong> olive bis goldene F\u00e4rbung<\/p>\n\n\n\n<p><strong>Biologie &amp; Verhalten: <\/strong> Die Olive Seeschlange besitzt Fotorezeptoren an ihrem hinteren Ende. Damit kann sie sich tags\u00fcber verstecken und Licht wahrnehmen, ohne die H\u00f6hle verlassen zu m\u00fcssen.<\/p>\n\n\n\n<p>Die Olive Seeschlange ist ovivipar, das hei\u00dft die Eier werden im Mutterleib ausgebr\u00fctet und die Jungen kommen lebend zur Welt.&nbsp;&nbsp;Sie verl\u00e4sst das Wasser nie.<\/p>\n\n\n\n<p>Die gro\u00dfe Seeschlange hat ein gro\u00dfes Beutespektrum. Sie fri\u00dft Fische ebenso wie deren Laich, Garnelen oder Muscheln.<\/p>\n\n\n\n<p>In Timor wurde beobachtet wie sich die\u00a0<strong>O<\/strong>live Seeschlange <em>(Aipysurus laevis)<\/em>\u00a0sich mit der Timor-Riffschlange (<em>Aipysurus fuscus) paart.<\/em><\/p>\n\n\n\n<p><strong>Bedrohungsstatus:<\/strong> Die Art wird auf der Roten Liste der IUCN als <mark style=\"background-color:rgba(0, 0, 0, 0)\" class=\"has-inline-color has-vivid-green-cyan-color\">\u201enicht gef\u00e4hrdet\u201c<\/mark> gef\u00fchrt.<\/p>\n\n\n\n<p><mark style=\"background-color:rgba(0, 0, 0, 0)\" class=\"has-inline-color has-vivid-red-color\"><strong>Gefahr:<\/strong> Genau wie die Gelblippen-Seeschlange  besitzt sie eines der st\u00e4rksten Schlangengifte. In Australien gibt es ein Gegenserum. Jedoch sind Bisse bei Menschen sehr selten.<\/mark><\/p>\n\n\n\n<hr class=\"wp-block-separator has-alpha-channel-opacity is-style-default\"\/>\n\n\n\n<p><\/p>\n","protected":false},"excerpt":{"rendered":"<p>Olivgr\u00fcne Seeschlange Olive sea snake Aipysurus laevis Gr\u00f6\u00dfe: bis 2,00 m Lebensraum: Korallenriffe Vorkommen: von Sri Lanka \u00fcber Asien, Nordaustralien, Ozeanien bis Franz\u00f6sisch-Polynesien Erkennungsmerkmale: olive bis goldene F\u00e4rbung Biologie &amp; Verhalten: Die Olive Seeschlange besitzt Fotorezeptoren an ihrem hinteren Ende. Damit kann sie sich tags\u00fcber verstecken und Licht wahrnehmen, ohne die H\u00f6hle verlassen zu m\u00fcssen. &hellip; <\/p>\n<p class=\"link-more\"><a href=\"https:\/\/alles-ueber-riffe.de\/?page_id=10823\" class=\"more-link\"><span class=\"screen-reader-text\">\u201eOlivgr\u00fcne Seeschlange\u201c<\/span> weiterlesen<\/a><\/p>\n","protected":false},"author":1,"featured_media":0,"parent":0,"menu_order":0,"comment_status":"closed","ping_status":"closed","template":"","meta":{"footnotes":""},"class_list":["post-10823","page","type-page","status-publish","hentry"],"_links":{"self":[{"href":"https:\/\/alles-ueber-riffe.de\/index.php?rest_route=\/wp\/v2\/pages\/10823","targetHints":{"allow":["GET"]}}],"collection":[{"href":"https:\/\/alles-ueber-riffe.de\/index.php?rest_route=\/wp\/v2\/pages"}],"about":[{"href":"https:\/\/alles-ueber-riffe.de\/index.php?rest_route=\/wp\/v2\/types\/page"}],"author":[{"embeddable":true,"href":"https:\/\/alles-ueber-riffe.de\/index.php?rest_route=\/wp\/v2\/users\/1"}],"replies":[{"embeddable":true,"href":"https:\/\/alles-ueber-riffe.de\/index.php?rest_route=%2Fwp%2Fv2%2Fcomments&post=10823"}],"version-history":[{"count":4,"href":"https:\/\/alles-ueber-riffe.de\/index.php?rest_route=\/wp\/v2\/pages\/10823\/revisions"}],"predecessor-version":[{"id":10955,"href":"https:\/\/alles-ueber-riffe.de\/index.php?rest_route=\/wp\/v2\/pages\/10823\/revisions\/10955"}],"wp:attachment":[{"href":"https:\/\/alles-ueber-riffe.de\/index.php?rest_route=%2Fwp%2Fv2%2Fmedia&parent=10823"}],"curies":[{"name":"wp","href":"https:\/\/api.w.org\/{rel}","templated":true}]}}