{"id":10821,"date":"2025-03-13T21:01:15","date_gmt":"2025-03-13T21:01:15","guid":{"rendered":"https:\/\/alles-ueber-riffe.de\/?page_id=10821"},"modified":"2025-03-22T22:02:10","modified_gmt":"2025-03-22T22:02:10","slug":"gewoehnliche-seeschlange","status":"publish","type":"page","link":"https:\/\/alles-ueber-riffe.de\/?page_id=10821","title":{"rendered":"Schnabelseeschlange"},"content":{"rendered":"\n<div class=\"wp-block-group is-vertical is-layout-flex wp-container-core-group-is-layout-8cf370e7 wp-block-group-is-layout-flex\">\n<p><strong>Schnabelseeschlange<\/strong><\/p>\n\n\n\n<p>Common sea snake<\/p>\n\n\n\n<p><em>Enhydrina schistosa<\/em><\/p>\n<\/div>\n\n\n\n<div style=\"height:30px\" aria-hidden=\"true\" class=\"wp-block-spacer\"><\/div>\n\n\n\n<figure class=\"wp-block-video\"><video height=\"576\" style=\"aspect-ratio: 1024 \/ 576;\" width=\"1024\" controls src=\"https:\/\/alles-ueber-riffe.de\/wp-content\/uploads\/2025\/03\/Gewoehnliche_Seeschlange_1024x576.mp4\"><\/video><figcaption class=\"wp-element-caption\">\u00a9 Suus Berger<\/figcaption><\/figure>\n\n\n\n<hr class=\"wp-block-separator has-alpha-channel-opacity is-style-default\"\/>\n\n\n\n<p><strong>Gr\u00f6\u00dfe: <\/strong> bis 1,40 m<\/p>\n\n\n\n<p><strong>Lebensraum:<\/strong> Korallenriffe, Seegras, Mangroven, Flussm\u00fcndungen<\/p>\n\n\n\n<p><strong>Vorkommen:  <\/strong>vom Arabischen Golf \u00fcber Asien bis Nordaustralien<\/p>\n\n\n\n<p><strong>Erkennungsmerkmale:<\/strong> grau mit heller Streifenmusterung<\/p>\n\n\n\n<p><strong>Biologie &amp; Verhalten: <\/strong> Diese Seeschlange ist tag- und nachtaktiv und jagt Fische, die sie mit ihrem Gift bet\u00e4ubt. Sie kann bis zu f\u00fcnf Stunden und 100m tief tauchen.&nbsp;<\/p>\n\n\n\n<p>Sie jagt auch oft in Brackwassergebieten wie Flussm\u00fcndungen. Sie hat ein breites Beutespektrum von Kugelfischen, \u00fcber Welse aber auch Wirbellose wie Kalmare.<\/p>\n\n\n\n<p>Die Arte vermehrt sich ovivipar, d.h. die Eier werden schon im Mutterleib ausgebr\u00fctet. Ein Wurf besteht aus bis zu 34 jungen Schlangen.<\/p>\n\n\n\n<p>Aus ihrem Gift wird Antivenin hergestellt. Ein Wirkstoff gegen Giftbisse.<\/p>\n\n\n\n<p><strong>Bedrohungsstatus:<\/strong> Die Art wird auf der Roten Liste der IUCN als <mark style=\"background-color:rgba(0, 0, 0, 0)\" class=\"has-inline-color has-vivid-green-cyan-color\">\u201enicht gef\u00e4hrdet\u201c<\/mark> gef\u00fchrt.<\/p>\n\n\n\n<p><mark style=\"background-color:rgba(0, 0, 0, 0)\" class=\"has-inline-color has-vivid-red-color\"><strong>Gefahr: <\/strong>Die gew\u00f6hnliche Seeschlange ist f\u00fcr ca. 90% aller Bisse und die meisten Todesf\u00e4lle durch Seeschlangen verantwortlich. Das liegt an ihrer weiten Verbreitung und H\u00e4ufigkeit, vor allem in Gebieten, in denen auch viele Menschen aktiv sind. Ihr Gift ist sehr stark. Des Weiteren kann sie sich, im Gegensatz zu anderen Seeschlangen, aggressiv und kampfeslustig verhalten, wenn sie sich bedroht f\u00fchlt. <\/mark><\/p>\n\n\n\n<hr class=\"wp-block-separator has-alpha-channel-opacity is-style-default\"\/>\n\n\n\n<p><\/p>\n","protected":false},"excerpt":{"rendered":"<p>Schnabelseeschlange Common sea snake Enhydrina schistosa Gr\u00f6\u00dfe: bis 1,40 m Lebensraum: Korallenriffe, Seegras, Mangroven, Flussm\u00fcndungen Vorkommen: vom Arabischen Golf \u00fcber Asien bis Nordaustralien Erkennungsmerkmale: grau mit heller Streifenmusterung Biologie &amp; Verhalten: Diese Seeschlange ist tag- und nachtaktiv und jagt Fische, die sie mit ihrem Gift bet\u00e4ubt. Sie kann bis zu f\u00fcnf Stunden und 100m tief &hellip; <\/p>\n<p class=\"link-more\"><a href=\"https:\/\/alles-ueber-riffe.de\/?page_id=10821\" class=\"more-link\"><span class=\"screen-reader-text\">\u201eSchnabelseeschlange\u201c<\/span> weiterlesen<\/a><\/p>\n","protected":false},"author":1,"featured_media":0,"parent":0,"menu_order":0,"comment_status":"closed","ping_status":"closed","template":"","meta":{"footnotes":""},"class_list":["post-10821","page","type-page","status-publish","hentry"],"_links":{"self":[{"href":"https:\/\/alles-ueber-riffe.de\/index.php?rest_route=\/wp\/v2\/pages\/10821","targetHints":{"allow":["GET"]}}],"collection":[{"href":"https:\/\/alles-ueber-riffe.de\/index.php?rest_route=\/wp\/v2\/pages"}],"about":[{"href":"https:\/\/alles-ueber-riffe.de\/index.php?rest_route=\/wp\/v2\/types\/page"}],"author":[{"embeddable":true,"href":"https:\/\/alles-ueber-riffe.de\/index.php?rest_route=\/wp\/v2\/users\/1"}],"replies":[{"embeddable":true,"href":"https:\/\/alles-ueber-riffe.de\/index.php?rest_route=%2Fwp%2Fv2%2Fcomments&post=10821"}],"version-history":[{"count":3,"href":"https:\/\/alles-ueber-riffe.de\/index.php?rest_route=\/wp\/v2\/pages\/10821\/revisions"}],"predecessor-version":[{"id":10949,"href":"https:\/\/alles-ueber-riffe.de\/index.php?rest_route=\/wp\/v2\/pages\/10821\/revisions\/10949"}],"wp:attachment":[{"href":"https:\/\/alles-ueber-riffe.de\/index.php?rest_route=%2Fwp%2Fv2%2Fmedia&parent=10821"}],"curies":[{"name":"wp","href":"https:\/\/api.w.org\/{rel}","templated":true}]}}