{"id":10818,"date":"2025-03-13T21:00:00","date_gmt":"2025-03-13T21:00:00","guid":{"rendered":"https:\/\/alles-ueber-riffe.de\/?page_id=10818"},"modified":"2025-03-22T21:45:29","modified_gmt":"2025-03-22T21:45:29","slug":"gelblippen-seekobra","status":"publish","type":"page","link":"https:\/\/alles-ueber-riffe.de\/?page_id=10818","title":{"rendered":"Gelblippen-Seekobra"},"content":{"rendered":"\n<div class=\"wp-block-group is-vertical is-layout-flex wp-container-core-group-is-layout-8cf370e7 wp-block-group-is-layout-flex\">\n<p><strong>Gelblippen-Seekobra<\/strong><\/p>\n\n\n\n<p>Yellow-lipped sea krait<\/p>\n\n\n\n<p><em>Laticauda colubrina<\/em><\/p>\n<\/div>\n\n\n\n<div style=\"height:30px\" aria-hidden=\"true\" class=\"wp-block-spacer\"><\/div>\n\n\n\n<figure class=\"wp-block-video\"><video height=\"576\" style=\"aspect-ratio: 1024 \/ 576;\" width=\"1024\" controls src=\"https:\/\/alles-ueber-riffe.de\/wp-content\/uploads\/2025\/03\/Gelblippen_Seekobra_1024x576.mp4\"><\/video><figcaption class=\"wp-element-caption\">\u00a9 Heinz Krimmer<\/figcaption><\/figure>\n\n\n\n<hr class=\"wp-block-separator has-alpha-channel-opacity is-style-default\"\/>\n\n\n\n<p><strong>Gr\u00f6\u00dfe: <\/strong> bis 1,50 m<\/p>\n\n\n\n<p><strong>Lebensraum:<\/strong> Korallenriffe<\/p>\n\n\n\n<p><strong>Vorkommen: <\/strong>Sri Lanka, Thailand, Indonesien, Malaysia, Philippinen, Australien, Ozeanien bis Franz\u00f6sisch-Polynesien<\/p>\n\n\n\n<p><strong>Erkennungsmerkmale:<\/strong> schwarze und wei\u00dfe B\u00e4nder; gelblicher Kopf; seitlich abgeflachter Plattschwanz<\/p>\n\n\n\n<p><strong>Biologie &amp; Verhalten: <\/strong> Die Gelblippen-Seekobra ist nicht scheu und ignoriert Taucher und Schnorchler.<\/p>\n\n\n\n<p>Gelblippen-Seekobras legen wie alle Arten der Gattung Laticauda ihre Eier an Land ab. Fr\u00fcher, als sie noch nicht so bejagt wurden, besuchten zur Fortpflanzungszeit tausende von Seeschlangen kleine Inseln im Pazifik, um sich dort fortzupflanzen. Die Insel Gato bei Cebu ist eine dieser Inseln.<\/p>\n\n\n\n<p>Die Gelblippen-Seekobra frisst Mur\u00e4nen und Aale. Als nachtaktives Tier kann man sie in der D\u00e4mmerung oder in den fr\u00fchen Morgenstunden bei der Jagd beobachten. Sie durchsucht f\u00f6rmlich das Riff und steckt ihren Kopf bei der Suche nach Beute in jedes kleine Loch. Die Beute l\u00e4hmt sie durch einen Biss, um sie in Ruhe fressen zu k\u00f6nnen.<\/p>\n\n\n\n<p>Tags\u00fcber h\u00e4lt sie sich auch gelegentlich an Land in H\u00f6hlen und Spalten von Felsen auf. Sie ist die Seeschlagen, die sich am h\u00e4ufigsten an Land aufh\u00e4lt.<\/p>\n\n\n\n<p><strong>Bedrohungsstatus:<\/strong> Die Art wird auf der Roten Liste der IUCN als <mark style=\"background-color:rgba(0, 0, 0, 0)\" class=\"has-inline-color has-vivid-green-cyan-color\">\u201enicht gef\u00e4hrdet\u201c<\/mark> gef\u00fchrt.<\/p>\n\n\n\n<p><mark style=\"background-color:rgba(0, 0, 0, 0)\" class=\"has-inline-color has-vivid-red-color\"><strong>Gefahr:<\/strong> Menschen gegen\u00fcber verh\u00e4lt sich die Gelblippen-Seeschlange nicht aggressiv. Das hat seine Vorteile, denn ihr Gift k\u00f6nnte uns sehr gef\u00e4hrlich werden. Das Nervengift verursacht Atem- und Herzmuskell\u00e4hmungen. Es gilt als eines der st\u00e4rksten Schlangengifte.<\/mark><\/p>\n\n\n\n<hr class=\"wp-block-separator has-alpha-channel-opacity is-style-default\"\/>\n\n\n\n<p><\/p>\n","protected":false},"excerpt":{"rendered":"<p>Gelblippen-Seekobra Yellow-lipped sea krait Laticauda colubrina Gr\u00f6\u00dfe: bis 1,50 m Lebensraum: Korallenriffe Vorkommen: Sri Lanka, Thailand, Indonesien, Malaysia, Philippinen, Australien, Ozeanien bis Franz\u00f6sisch-Polynesien Erkennungsmerkmale: schwarze und wei\u00dfe B\u00e4nder; gelblicher Kopf; seitlich abgeflachter Plattschwanz Biologie &amp; Verhalten: Die Gelblippen-Seekobra ist nicht scheu und ignoriert Taucher und Schnorchler. Gelblippen-Seekobras legen wie alle Arten der Gattung Laticauda ihre &hellip; <\/p>\n<p class=\"link-more\"><a href=\"https:\/\/alles-ueber-riffe.de\/?page_id=10818\" class=\"more-link\"><span class=\"screen-reader-text\">\u201eGelblippen-Seekobra\u201c<\/span> weiterlesen<\/a><\/p>\n","protected":false},"author":1,"featured_media":0,"parent":0,"menu_order":0,"comment_status":"closed","ping_status":"closed","template":"","meta":{"footnotes":""},"class_list":["post-10818","page","type-page","status-publish","hentry"],"_links":{"self":[{"href":"https:\/\/alles-ueber-riffe.de\/index.php?rest_route=\/wp\/v2\/pages\/10818","targetHints":{"allow":["GET"]}}],"collection":[{"href":"https:\/\/alles-ueber-riffe.de\/index.php?rest_route=\/wp\/v2\/pages"}],"about":[{"href":"https:\/\/alles-ueber-riffe.de\/index.php?rest_route=\/wp\/v2\/types\/page"}],"author":[{"embeddable":true,"href":"https:\/\/alles-ueber-riffe.de\/index.php?rest_route=\/wp\/v2\/users\/1"}],"replies":[{"embeddable":true,"href":"https:\/\/alles-ueber-riffe.de\/index.php?rest_route=%2Fwp%2Fv2%2Fcomments&post=10818"}],"version-history":[{"count":4,"href":"https:\/\/alles-ueber-riffe.de\/index.php?rest_route=\/wp\/v2\/pages\/10818\/revisions"}],"predecessor-version":[{"id":10944,"href":"https:\/\/alles-ueber-riffe.de\/index.php?rest_route=\/wp\/v2\/pages\/10818\/revisions\/10944"}],"wp:attachment":[{"href":"https:\/\/alles-ueber-riffe.de\/index.php?rest_route=%2Fwp%2Fv2%2Fmedia&parent=10818"}],"curies":[{"name":"wp","href":"https:\/\/api.w.org\/{rel}","templated":true}]}}