{"id":10814,"date":"2025-03-13T20:53:22","date_gmt":"2025-03-13T20:53:22","guid":{"rendered":"https:\/\/alles-ueber-riffe.de\/?page_id=10814"},"modified":"2025-03-17T22:28:35","modified_gmt":"2025-03-17T22:28:35","slug":"schwarze-suppenschildkroete","status":"publish","type":"page","link":"https:\/\/alles-ueber-riffe.de\/?page_id=10814","title":{"rendered":"Schwarze Suppenschildkr\u00f6te"},"content":{"rendered":"\n<div class=\"wp-block-group is-vertical is-layout-flex wp-container-core-group-is-layout-8cf370e7 wp-block-group-is-layout-flex\">\n<p><strong>Schwarze Suppenschildkr\u00f6te<\/strong><\/p>\n\n\n\n<p>Galapagos Green Turtle<\/p>\n\n\n\n<p><em>Chelonia agassizii<\/em><\/p>\n<\/div>\n\n\n\n<div style=\"height:30px\" aria-hidden=\"true\" class=\"wp-block-spacer\"><\/div>\n\n\n\n<figure class=\"wp-block-video\"><video height=\"576\" style=\"aspect-ratio: 1024 \/ 576;\" width=\"1024\" controls src=\"https:\/\/alles-ueber-riffe.de\/wp-content\/uploads\/2025\/03\/Schwarze_Suppenschildkroete_1024x576.mp4\"><\/video><figcaption class=\"wp-element-caption\">\u00a9 Heinz Krimmer<\/figcaption><\/figure>\n\n\n\n<hr class=\"wp-block-separator has-alpha-channel-opacity is-style-default\"\/>\n\n\n\n<p><strong>Gr\u00f6\u00dfe: <\/strong> bis 1 m<\/p>\n\n\n\n<p><strong>Lebensraum:<\/strong> Korallen- und Felsenriffe<\/p>\n\n\n\n<p><strong>Vorkommen:  <\/strong>Pazifikk\u00fcste Mittel- und S\u00fcdamerikas<\/p>\n\n\n\n<p><strong>Erkennungsmerkmale:<\/strong> dunkel gef\u00e4rbter Panzer; klein und schlank<\/p>\n\n\n\n<p><strong>Biologie &amp; Verhalten: <\/strong> Die Schwarze Suppenschildkr\u00f6te ist eine Unterart der Suppenschildkr\u00f6te, wenn nicht sogar eine eigene Art. Sie ist gut ein Drittel kleiner und nicht so massig. Ihren Namen Galapagos Schildkr\u00f6te tr\u00e4gt sie, weil sie als einzige Meeresschildkr\u00f6te an den Str\u00e4nden von Galapagos ihre Eier ablegt. Die Anzahl der Weibchen, die dort nisten bleibt seit \u00fcber zehn Jahren konstant. Insgesamt aber geht die Population zur\u00fcck.<\/p>\n\n\n\n<p>Genau wie ihre gro\u00dfe Verwandte ist sie Vegetarier und frisst Algen und Seegras. Nur im juvenilen Stadium ist sie ein Fleischfresser.<\/p>\n\n\n\n<p><strong>Bedrohungsstatus:<\/strong> Die Art wird auf der Roten Liste der IUCN als <mark style=\"background-color:rgba(0, 0, 0, 0)\" class=\"has-inline-color has-vivid-red-color\">\u201esehr stark gef\u00e4hrdet\u201c <\/mark>gef\u00fchrt.<\/p>\n\n\n\n<hr class=\"wp-block-separator has-alpha-channel-opacity is-style-default\"\/>\n\n\n\n<p><\/p>\n","protected":false},"excerpt":{"rendered":"<p>Schwarze Suppenschildkr\u00f6te Galapagos Green Turtle Chelonia agassizii Gr\u00f6\u00dfe: bis 1 m Lebensraum: Korallen- und Felsenriffe Vorkommen: Pazifikk\u00fcste Mittel- und S\u00fcdamerikas Erkennungsmerkmale: dunkel gef\u00e4rbter Panzer; klein und schlank Biologie &amp; Verhalten: Die Schwarze Suppenschildkr\u00f6te ist eine Unterart der Suppenschildkr\u00f6te, wenn nicht sogar eine eigene Art. Sie ist gut ein Drittel kleiner und nicht so massig. Ihren &hellip; <\/p>\n<p class=\"link-more\"><a href=\"https:\/\/alles-ueber-riffe.de\/?page_id=10814\" class=\"more-link\"><span class=\"screen-reader-text\">\u201eSchwarze Suppenschildkr\u00f6te\u201c<\/span> weiterlesen<\/a><\/p>\n","protected":false},"author":1,"featured_media":0,"parent":0,"menu_order":0,"comment_status":"closed","ping_status":"closed","template":"","meta":{"footnotes":""},"class_list":["post-10814","page","type-page","status-publish","hentry"],"_links":{"self":[{"href":"https:\/\/alles-ueber-riffe.de\/index.php?rest_route=\/wp\/v2\/pages\/10814","targetHints":{"allow":["GET"]}}],"collection":[{"href":"https:\/\/alles-ueber-riffe.de\/index.php?rest_route=\/wp\/v2\/pages"}],"about":[{"href":"https:\/\/alles-ueber-riffe.de\/index.php?rest_route=\/wp\/v2\/types\/page"}],"author":[{"embeddable":true,"href":"https:\/\/alles-ueber-riffe.de\/index.php?rest_route=\/wp\/v2\/users\/1"}],"replies":[{"embeddable":true,"href":"https:\/\/alles-ueber-riffe.de\/index.php?rest_route=%2Fwp%2Fv2%2Fcomments&post=10814"}],"version-history":[{"count":3,"href":"https:\/\/alles-ueber-riffe.de\/index.php?rest_route=\/wp\/v2\/pages\/10814\/revisions"}],"predecessor-version":[{"id":10935,"href":"https:\/\/alles-ueber-riffe.de\/index.php?rest_route=\/wp\/v2\/pages\/10814\/revisions\/10935"}],"wp:attachment":[{"href":"https:\/\/alles-ueber-riffe.de\/index.php?rest_route=%2Fwp%2Fv2%2Fmedia&parent=10814"}],"curies":[{"name":"wp","href":"https:\/\/api.w.org\/{rel}","templated":true}]}}