{"id":10812,"date":"2025-03-13T20:52:55","date_gmt":"2025-03-13T20:52:55","guid":{"rendered":"https:\/\/alles-ueber-riffe.de\/?page_id=10812"},"modified":"2025-03-17T22:22:17","modified_gmt":"2025-03-17T22:22:17","slug":"lederschildkroete","status":"publish","type":"page","link":"https:\/\/alles-ueber-riffe.de\/?page_id=10812","title":{"rendered":"Lederschildkr\u00f6te"},"content":{"rendered":"\n<div class=\"wp-block-group is-vertical is-layout-flex wp-container-core-group-is-layout-8cf370e7 wp-block-group-is-layout-flex\">\n<p><strong>Lederschildkr\u00f6te<\/strong><\/p>\n\n\n\n<p>Leather turtle<\/p>\n\n\n\n<p><em>Dermochelys coriacea<\/em><\/p>\n<\/div>\n\n\n\n<div style=\"height:30px\" aria-hidden=\"true\" class=\"wp-block-spacer\"><\/div>\n\n\n\n<figure class=\"wp-block-image size-full\"><img loading=\"lazy\" decoding=\"async\" width=\"1024\" height=\"768\" src=\"https:\/\/alles-ueber-riffe.de\/wp-content\/uploads\/2025\/03\/Lederschildkroete_1024x768.jpg\" alt=\"\" class=\"wp-image-10927\" srcset=\"https:\/\/alles-ueber-riffe.de\/wp-content\/uploads\/2025\/03\/Lederschildkroete_1024x768.jpg 1024w, https:\/\/alles-ueber-riffe.de\/wp-content\/uploads\/2025\/03\/Lederschildkroete_1024x768-300x225.jpg 300w, https:\/\/alles-ueber-riffe.de\/wp-content\/uploads\/2025\/03\/Lederschildkroete_1024x768-768x576.jpg 768w\" sizes=\"auto, (max-width: 767px) 89vw, (max-width: 1000px) 54vw, (max-width: 1071px) 543px, 580px\" \/><figcaption class=\"wp-element-caption\">\u00a9 Heinz Krimmer<\/figcaption><\/figure>\n\n\n\n<hr class=\"wp-block-separator has-alpha-channel-opacity is-style-default\"\/>\n\n\n\n<p><strong>Gr\u00f6\u00dfe: <\/strong> bis 2,5 m<\/p>\n\n\n\n<p><strong>Lebensraum:<\/strong> pelagisch mit gelegentlichen Besuchen an Korallenriffen<\/p>\n\n\n\n<p><strong>Vorkommen:  <\/strong>alle tropischen und subtropischen Zonen aller Ozeane<\/p>\n\n\n\n<p><strong>Erkennungsmerkmale:<\/strong> dunkle F\u00e4rbung und kein Panzer aus Hornplatten<\/p>\n\n\n\n<p><strong>Biologie &amp; Verhalten: <\/strong> Lederschildkr\u00f6ten sind die Tiefseetaucher unter den Schildkr\u00f6ten. Bis zu 1200 m Tiefe sind bisher nachgewiesen. Ihr K\u00f6rper scheint daf\u00fcr bestens ger\u00fcstet. Sie k\u00f6nnen ihre Lunge kollabieren lassen, um schneller abtauchen zu k\u00f6nnen. Den Sauerstoff speichern sie in den Muskeln. Allerdings wird das Auftauchen zur Anstrengung, da sie schwerer sind als das Wasser und sich m\u00fchsam mit K\u00f6rperkraft hocharbeiten m\u00fcssen. Erst ab 20 m hat sich die Lunge soweit ausgedehnt, dass sie wieder Auftrieb bekommen.<\/p>\n\n\n\n<p>Bei dieser Tauchtiefe sind sie auch seltener an der K\u00fcste zu finden, denn sie leben pelagisch. Quallen geh\u00f6ren zu ihrer bevorzugten Beute. Da diese im offenen Meer leicht mit Plastikm\u00fcll verwechselt werden, haben fast 50% aller toten Lederschildkr\u00f6ten M\u00fcll im Magen und sind vermutlich auch daran gestorben.<\/p>\n\n\n\n<p>Lederschildkr\u00f6ten besitzen keinen Panzer aus einem St\u00fcck, sondern lose verbundene, lederartige, harte Platten, unter denen sich das K\u00f6rpervolumen verringern oder vergr\u00f6\u00dfern kann. Damit sind sie in der Lage sich eine Fettschicht anzufressen, was den Vorteil hat, dass sie ihren Lebensraum auch in k\u00e4ltere Gew\u00e4sser wie das Mittelmeer ausdehnen k\u00f6nnen. Hinzu kommt ihre f\u00fcr Reptilien au\u00dfergew\u00f6hnliche F\u00e4higkeit, die K\u00f6rpertemperatur bis zu 18 Grad \u00fcber der der Umgebung zu halten. Selbst in der Nordsee wurden deshalb schon Lederschildkr\u00f6ten gesichtet. Doch all diese F\u00e4higkeiten scheinen nicht verhindern zu k\u00f6nnen, dass diese Schildkr\u00f6te ausstirbt.&nbsp;&nbsp;Man sch\u00e4tzt, dass nur noch wenige tausende Exemplare existieren und es ist fraglich, ob diese Population zum \u00dcberleben reicht. Hoffen wir es, denn sonst w\u00fcrde die mit 2,5 m L\u00e4nge und 600 kg Gewicht gr\u00f6\u00dfte lebende Schildkr\u00f6te von der Erde verschwinden. Trotz aller Schutzma\u00dfnahmen in den Brutgebieten, wie z.B. im thail\u00e4ndischen Phuket oder Tobago.<\/p>\n\n\n\n<p>Wegen all dieser k\u00f6rperlichen Besonderheiten geh\u00f6ren unter zoologischen Gesichtspunkten Lederschildkr\u00f6ten nicht zur Familie der Meeresschildkr\u00f6ten, sondern sind lediglich verwandt. Sie ist die einzige Art der Familie <em>Dermochelyidae.<\/em><\/p>\n\n\n\n<p><strong>Bedrohungsstatus:<\/strong> Die Art wird auf der Roten Liste der IUCN als <mark style=\"background-color:rgba(0, 0, 0, 0)\" class=\"has-inline-color has-vivid-red-color\">\u201egef\u00e4hrdet\u201c <\/mark>gef\u00fchrt.<\/p>\n\n\n\n<hr class=\"wp-block-separator has-alpha-channel-opacity is-style-default\"\/>\n\n\n\n<p><\/p>\n","protected":false},"excerpt":{"rendered":"<p>Lederschildkr\u00f6te Leather turtle Dermochelys coriacea Gr\u00f6\u00dfe: bis 2,5 m Lebensraum: pelagisch mit gelegentlichen Besuchen an Korallenriffen Vorkommen: alle tropischen und subtropischen Zonen aller Ozeane Erkennungsmerkmale: dunkle F\u00e4rbung und kein Panzer aus Hornplatten Biologie &amp; Verhalten: Lederschildkr\u00f6ten sind die Tiefseetaucher unter den Schildkr\u00f6ten. Bis zu 1200 m Tiefe sind bisher nachgewiesen. Ihr K\u00f6rper scheint daf\u00fcr bestens &hellip; <\/p>\n<p class=\"link-more\"><a href=\"https:\/\/alles-ueber-riffe.de\/?page_id=10812\" class=\"more-link\"><span class=\"screen-reader-text\">\u201eLederschildkr\u00f6te\u201c<\/span> weiterlesen<\/a><\/p>\n","protected":false},"author":1,"featured_media":0,"parent":0,"menu_order":0,"comment_status":"closed","ping_status":"closed","template":"","meta":{"footnotes":""},"class_list":["post-10812","page","type-page","status-publish","hentry"],"_links":{"self":[{"href":"https:\/\/alles-ueber-riffe.de\/index.php?rest_route=\/wp\/v2\/pages\/10812","targetHints":{"allow":["GET"]}}],"collection":[{"href":"https:\/\/alles-ueber-riffe.de\/index.php?rest_route=\/wp\/v2\/pages"}],"about":[{"href":"https:\/\/alles-ueber-riffe.de\/index.php?rest_route=\/wp\/v2\/types\/page"}],"author":[{"embeddable":true,"href":"https:\/\/alles-ueber-riffe.de\/index.php?rest_route=\/wp\/v2\/users\/1"}],"replies":[{"embeddable":true,"href":"https:\/\/alles-ueber-riffe.de\/index.php?rest_route=%2Fwp%2Fv2%2Fcomments&post=10812"}],"version-history":[{"count":4,"href":"https:\/\/alles-ueber-riffe.de\/index.php?rest_route=\/wp\/v2\/pages\/10812\/revisions"}],"predecessor-version":[{"id":10930,"href":"https:\/\/alles-ueber-riffe.de\/index.php?rest_route=\/wp\/v2\/pages\/10812\/revisions\/10930"}],"wp:attachment":[{"href":"https:\/\/alles-ueber-riffe.de\/index.php?rest_route=%2Fwp%2Fv2%2Fmedia&parent=10812"}],"curies":[{"name":"wp","href":"https:\/\/api.w.org\/{rel}","templated":true}]}}