{"id":10810,"date":"2025-03-13T20:52:42","date_gmt":"2025-03-13T20:52:42","guid":{"rendered":"https:\/\/alles-ueber-riffe.de\/?page_id=10810"},"modified":"2025-03-17T22:15:58","modified_gmt":"2025-03-17T22:15:58","slug":"gruene-schildkroete","status":"publish","type":"page","link":"https:\/\/alles-ueber-riffe.de\/?page_id=10810","title":{"rendered":"Gr\u00fcne Meeresschildkr\u00f6te"},"content":{"rendered":"\n<div class=\"wp-block-group is-vertical is-layout-flex wp-container-core-group-is-layout-8cf370e7 wp-block-group-is-layout-flex\">\n<p><strong>Gr\u00fcne Meeresschildkr\u00f6te<\/strong><\/p>\n\n\n\n<p>Green Turtle<\/p>\n\n\n\n<p><em>Chelonia mydas<\/em><\/p>\n<\/div>\n\n\n\n<div style=\"height:30px\" aria-hidden=\"true\" class=\"wp-block-spacer\"><\/div>\n\n\n\n<figure class=\"wp-block-video\"><video height=\"576\" style=\"aspect-ratio: 1024 \/ 576;\" width=\"1024\" controls src=\"https:\/\/alles-ueber-riffe.de\/wp-content\/uploads\/2025\/03\/gruene_schildkroete_1024_576.mp4\"><\/video><figcaption class=\"wp-element-caption\">\u00a9 Heinz Krimmer<\/figcaption><\/figure>\n\n\n\n<hr class=\"wp-block-separator has-alpha-channel-opacity is-style-default\"\/>\n\n\n\n<p><strong>Gr\u00f6\u00dfe: <\/strong> bis 1,50 m<\/p>\n\n\n\n<p><strong>Lebensraum:<\/strong> juvenile Tiere pelagisch; adulte Tiere leben in Korallenriffen und Seegraswiesen<\/p>\n\n\n\n<p><strong>Vorkommen:  <\/strong>alle tropischen und subtropischen Zonen aller Ozeane<\/p>\n\n\n\n<p><strong>Erkennungsmerkmale:<\/strong> eine Kralle an den Vorderflossen; R\u00fcckenschilder \u00fcberlappen sich nicht; vier Seitenschilder<\/p>\n\n\n\n<p><strong>Biologie &amp; Verhalten: <\/strong> Die Gr\u00fcne Schildkr\u00f6te, auch Suppenschildkr\u00f6te genannt, ist der Vegetarier unter den Meeresschildkr\u00f6ten, weshalb man sie oft auf Seegraswiesen antreffen kann.&nbsp;&nbsp;Als Jungtier&nbsp;&nbsp;fressen sie, wie alle anderen, fleischliche Nahrung.<\/p>\n\n\n\n<p>Ihr begehrtes Fleisch, das als Delikatesse gilt, brachte die Art schon Ende des 19. Jahrhunderts an den Rand des Aussterbens. Lebend gefangen und gefesselt, lagerte man sie wochenlang als lebenden Proviant unter Deck, bis der Tod im Kochtopf sie endlich von ihrem Leiden erl\u00f6ste.<\/p>\n\n\n\n<p>Diverse Schutzma\u00dfnahmen erm\u00f6glichten der Art bisher zu \u00fcberleben.<\/p>\n\n\n\n<p><strong>Bedrohungsstatus:<\/strong> Die Art wird auf der Roten Liste der IUCN als <mark style=\"background-color:rgba(0, 0, 0, 0)\" class=\"has-inline-color has-vivid-red-color\">\u201egef\u00e4hrdet\u201c <\/mark>gef\u00fchrt.<\/p>\n\n\n\n<hr class=\"wp-block-separator has-alpha-channel-opacity is-style-default\"\/>\n\n\n\n<figure class=\"wp-block-image size-large\"><img loading=\"lazy\" decoding=\"async\" width=\"1024\" height=\"731\" src=\"https:\/\/alles-ueber-riffe.de\/wp-content\/uploads\/2025\/03\/50322-1024x731.jpg\" alt=\"\" class=\"wp-image-10921\" srcset=\"https:\/\/alles-ueber-riffe.de\/wp-content\/uploads\/2025\/03\/50322-1024x731.jpg 1024w, https:\/\/alles-ueber-riffe.de\/wp-content\/uploads\/2025\/03\/50322-300x214.jpg 300w, https:\/\/alles-ueber-riffe.de\/wp-content\/uploads\/2025\/03\/50322-768x548.jpg 768w, https:\/\/alles-ueber-riffe.de\/wp-content\/uploads\/2025\/03\/50322-1536x1097.jpg 1536w, https:\/\/alles-ueber-riffe.de\/wp-content\/uploads\/2025\/03\/50322-2048x1463.jpg 2048w\" sizes=\"auto, (max-width: 767px) 89vw, (max-width: 1000px) 54vw, (max-width: 1071px) 543px, 580px\" \/><figcaption class=\"wp-element-caption\">Meeresschildkr\u00f6ten m\u00fcssen zum Atmen an die Meeresoberfl\u00e4che kommen.<br>Rotes Meer bei Marsa Alam \u00a9 Heinz Krimmer<\/figcaption><\/figure>\n\n\n\n<figure class=\"wp-block-image size-large\"><img loading=\"lazy\" decoding=\"async\" width=\"1024\" height=\"749\" src=\"https:\/\/alles-ueber-riffe.de\/wp-content\/uploads\/2025\/03\/3495-Kopie-1024x749.jpg\" alt=\"\" class=\"wp-image-10922\" srcset=\"https:\/\/alles-ueber-riffe.de\/wp-content\/uploads\/2025\/03\/3495-Kopie-1024x749.jpg 1024w, https:\/\/alles-ueber-riffe.de\/wp-content\/uploads\/2025\/03\/3495-Kopie-300x219.jpg 300w, https:\/\/alles-ueber-riffe.de\/wp-content\/uploads\/2025\/03\/3495-Kopie-768x562.jpg 768w, https:\/\/alles-ueber-riffe.de\/wp-content\/uploads\/2025\/03\/3495-Kopie-1536x1123.jpg 1536w, https:\/\/alles-ueber-riffe.de\/wp-content\/uploads\/2025\/03\/3495-Kopie-2048x1498.jpg 2048w\" sizes=\"auto, (max-width: 767px) 89vw, (max-width: 1000px) 54vw, (max-width: 1071px) 543px, 580px\" \/><figcaption class=\"wp-element-caption\">Malediven \u00a9 Heinz Krimmer<\/figcaption><\/figure>\n\n\n\n<p><\/p>\n","protected":false},"excerpt":{"rendered":"<p>Gr\u00fcne Meeresschildkr\u00f6te Green Turtle Chelonia mydas Gr\u00f6\u00dfe: bis 1,50 m Lebensraum: juvenile Tiere pelagisch; adulte Tiere leben in Korallenriffen und Seegraswiesen Vorkommen: alle tropischen und subtropischen Zonen aller Ozeane Erkennungsmerkmale: eine Kralle an den Vorderflossen; R\u00fcckenschilder \u00fcberlappen sich nicht; vier Seitenschilder Biologie &amp; Verhalten: Die Gr\u00fcne Schildkr\u00f6te, auch Suppenschildkr\u00f6te genannt, ist der Vegetarier unter den &hellip; <\/p>\n<p class=\"link-more\"><a href=\"https:\/\/alles-ueber-riffe.de\/?page_id=10810\" class=\"more-link\"><span class=\"screen-reader-text\">\u201eGr\u00fcne Meeresschildkr\u00f6te\u201c<\/span> weiterlesen<\/a><\/p>\n","protected":false},"author":1,"featured_media":0,"parent":0,"menu_order":0,"comment_status":"closed","ping_status":"closed","template":"","meta":{"footnotes":""},"class_list":["post-10810","page","type-page","status-publish","hentry"],"_links":{"self":[{"href":"https:\/\/alles-ueber-riffe.de\/index.php?rest_route=\/wp\/v2\/pages\/10810","targetHints":{"allow":["GET"]}}],"collection":[{"href":"https:\/\/alles-ueber-riffe.de\/index.php?rest_route=\/wp\/v2\/pages"}],"about":[{"href":"https:\/\/alles-ueber-riffe.de\/index.php?rest_route=\/wp\/v2\/types\/page"}],"author":[{"embeddable":true,"href":"https:\/\/alles-ueber-riffe.de\/index.php?rest_route=\/wp\/v2\/users\/1"}],"replies":[{"embeddable":true,"href":"https:\/\/alles-ueber-riffe.de\/index.php?rest_route=%2Fwp%2Fv2%2Fcomments&post=10810"}],"version-history":[{"count":4,"href":"https:\/\/alles-ueber-riffe.de\/index.php?rest_route=\/wp\/v2\/pages\/10810\/revisions"}],"predecessor-version":[{"id":10923,"href":"https:\/\/alles-ueber-riffe.de\/index.php?rest_route=\/wp\/v2\/pages\/10810\/revisions\/10923"}],"wp:attachment":[{"href":"https:\/\/alles-ueber-riffe.de\/index.php?rest_route=%2Fwp%2Fv2%2Fmedia&parent=10810"}],"curies":[{"name":"wp","href":"https:\/\/api.w.org\/{rel}","templated":true}]}}