{"id":10807,"date":"2025-03-13T20:51:35","date_gmt":"2025-03-13T20:51:35","guid":{"rendered":"https:\/\/alles-ueber-riffe.de\/?page_id=10807"},"modified":"2025-03-17T22:23:24","modified_gmt":"2025-03-17T22:23:24","slug":"echte-karettschildkroete","status":"publish","type":"page","link":"https:\/\/alles-ueber-riffe.de\/?page_id=10807","title":{"rendered":"Echte Karettschildkr\u00f6te"},"content":{"rendered":"\n<div class=\"wp-block-group is-vertical is-layout-flex wp-container-core-group-is-layout-8cf370e7 wp-block-group-is-layout-flex\">\n<p><strong>Echte Karettschildkr\u00f6te<\/strong><\/p>\n\n\n\n<p>Hawksbill turtle<\/p>\n\n\n\n<p><em>Eretmochelys imbricata<\/em><\/p>\n<\/div>\n\n\n\n<div style=\"height:30px\" aria-hidden=\"true\" class=\"wp-block-spacer\"><\/div>\n\n\n\n<figure class=\"wp-block-video\"><video height=\"576\" style=\"aspect-ratio: 1024 \/ 576;\" width=\"1024\" controls src=\"https:\/\/alles-ueber-riffe.de\/wp-content\/uploads\/2025\/03\/Echte_Karettschildkroete_1024_576.mp4\"><\/video><figcaption class=\"wp-element-caption\">\u00a9 Heinz Krimmer<\/figcaption><\/figure>\n\n\n\n<hr class=\"wp-block-separator has-alpha-channel-opacity is-style-default\"\/>\n\n\n\n<p><strong>Gr\u00f6\u00dfe: <\/strong>bis 1,00 m<\/p>\n\n\n\n<p><strong>Lebensraum:<\/strong> juvenil pelagisch; ausgewachsene Karettschildkr\u00f6ten leben in Korallenriffen<\/p>\n\n\n\n<p><strong>Vorkommen:  <\/strong>alle tropischen und subtropischen Zonen aller Ozeane<\/p>\n\n\n\n<p><strong>Erkennungsmerkmale:<\/strong> Hakenschnabel; \u00fcberlappende R\u00fcckenschilder; 4 Seitenschilder; zwei Krallen an den Vorderflossen<\/p>\n\n\n\n<p><strong>Biologie &amp; Verhalten: <\/strong> Die echte Karettschildkr\u00f6te besitzt von allen Meeresschildkr\u00f6ten den sch\u00f6nsten Panzer, weshalb er, vor allem in Asien, in der Schmuckindustrie sehr begehrt ist.<\/p>\n\n\n\n<p>Echte Karettschildkr\u00f6ten leben in den Korallenriffen des Pazifik und des Atlantik und sind Fleischfresser. Leider fressen sie auch die sch\u00f6nen Weichkorallen und eine Karettschildkr\u00f6te kann eine bunt bewachsene Wand in ein paar Tagen leer fressen.<\/p>\n\n\n\n<p>Karettschildkr\u00f6ten wandern weniger, als andere Schildkr\u00f6ten, was den Erfolg lokaler Schutzma\u00dfnahme wie z.B. auf den Seychellen erh\u00f6ht. Dort hat die Population wieder zugenommen.<\/p>\n\n\n\n<p><strong>Bedrohungsstatus:<\/strong> Die Art wird auf der Roten Liste der IUCN als<mark style=\"background-color:rgba(0, 0, 0, 0)\" class=\"has-inline-color has-vivid-red-color\"> \u201esehr stark gef\u00e4hrdet\u201c<\/mark> gef\u00fchrt.<\/p>\n\n\n\n<p><mark style=\"background-color:rgba(0, 0, 0, 0)\" class=\"has-inline-color has-vivid-red-color\"><strong>Gefahr:<\/strong> Echte Karettschildkr\u00f6ten k\u00f6nnen f\u00fcr Menschen sehr gef\u00e4hrlich werden. Mehrere hundert Todesf\u00e4lle sind bekannt. Echte Karettschildkr\u00f6ten ern\u00e4hren sich von Schw\u00e4mmen wie z.B. Aptos aptos, die giftige Substanzen enthalten. Auch die hochgiftige Portugiesische Galeere (Portuguese man o`war) geh\u00f6rt zu ihren Speiseplan. Selbst gegen diese Gifte immun, reichert sie diese in ihrem K\u00f6rper an. Wird ihr Fleisch von Menschen gegessen, k\u00f6nnen diese an einer Vergiftung sterben.<\/mark><\/p>\n\n\n\n<hr class=\"wp-block-separator has-alpha-channel-opacity is-style-default\"\/>\n\n\n\n<p><\/p>\n","protected":false},"excerpt":{"rendered":"<p>Echte Karettschildkr\u00f6te Hawksbill turtle Eretmochelys imbricata Gr\u00f6\u00dfe: bis 1,00 m Lebensraum: juvenil pelagisch; ausgewachsene Karettschildkr\u00f6ten leben in Korallenriffen Vorkommen: alle tropischen und subtropischen Zonen aller Ozeane Erkennungsmerkmale: Hakenschnabel; \u00fcberlappende R\u00fcckenschilder; 4 Seitenschilder; zwei Krallen an den Vorderflossen Biologie &amp; Verhalten: Die echte Karettschildkr\u00f6te besitzt von allen Meeresschildkr\u00f6ten den sch\u00f6nsten Panzer, weshalb er, vor allem in &hellip; <\/p>\n<p class=\"link-more\"><a href=\"https:\/\/alles-ueber-riffe.de\/?page_id=10807\" class=\"more-link\"><span class=\"screen-reader-text\">\u201eEchte Karettschildkr\u00f6te\u201c<\/span> weiterlesen<\/a><\/p>\n","protected":false},"author":1,"featured_media":0,"parent":0,"menu_order":0,"comment_status":"closed","ping_status":"closed","template":"","meta":{"footnotes":""},"class_list":["post-10807","page","type-page","status-publish","hentry"],"_links":{"self":[{"href":"https:\/\/alles-ueber-riffe.de\/index.php?rest_route=\/wp\/v2\/pages\/10807","targetHints":{"allow":["GET"]}}],"collection":[{"href":"https:\/\/alles-ueber-riffe.de\/index.php?rest_route=\/wp\/v2\/pages"}],"about":[{"href":"https:\/\/alles-ueber-riffe.de\/index.php?rest_route=\/wp\/v2\/types\/page"}],"author":[{"embeddable":true,"href":"https:\/\/alles-ueber-riffe.de\/index.php?rest_route=\/wp\/v2\/users\/1"}],"replies":[{"embeddable":true,"href":"https:\/\/alles-ueber-riffe.de\/index.php?rest_route=%2Fwp%2Fv2%2Fcomments&post=10807"}],"version-history":[{"count":4,"href":"https:\/\/alles-ueber-riffe.de\/index.php?rest_route=\/wp\/v2\/pages\/10807\/revisions"}],"predecessor-version":[{"id":10932,"href":"https:\/\/alles-ueber-riffe.de\/index.php?rest_route=\/wp\/v2\/pages\/10807\/revisions\/10932"}],"wp:attachment":[{"href":"https:\/\/alles-ueber-riffe.de\/index.php?rest_route=%2Fwp%2Fv2%2Fmedia&parent=10807"}],"curies":[{"name":"wp","href":"https:\/\/api.w.org\/{rel}","templated":true}]}}