{"id":10803,"date":"2025-03-13T20:48:56","date_gmt":"2025-03-13T20:48:56","guid":{"rendered":"https:\/\/alles-ueber-riffe.de\/?page_id=10803"},"modified":"2025-03-13T22:05:28","modified_gmt":"2025-03-13T22:05:28","slug":"karibik-manati","status":"publish","type":"page","link":"https:\/\/alles-ueber-riffe.de\/?page_id=10803","title":{"rendered":"Karibik-Manati"},"content":{"rendered":"\n<div class=\"wp-block-group is-vertical is-layout-flex wp-container-core-group-is-layout-8cf370e7 wp-block-group-is-layout-flex\">\n<p><strong>Karibik manati<\/strong><\/p>\n\n\n\n<p><strong>West Indian manatee<\/strong><\/p>\n\n\n\n<p><em>Trichechus manatus<\/em><\/p>\n<\/div>\n\n\n\n<div style=\"height:30px\" aria-hidden=\"true\" class=\"wp-block-spacer\"><\/div>\n\n\n\n<figure class=\"wp-block-image size-full\"><img loading=\"lazy\" decoding=\"async\" width=\"2560\" height=\"1683\" src=\"https:\/\/alles-ueber-riffe.de\/wp-content\/uploads\/2025\/03\/2560px-Mother_manatee_and_calf.jpg\" alt=\"\" class=\"wp-image-10867\" srcset=\"https:\/\/alles-ueber-riffe.de\/wp-content\/uploads\/2025\/03\/2560px-Mother_manatee_and_calf.jpg 2560w, https:\/\/alles-ueber-riffe.de\/wp-content\/uploads\/2025\/03\/2560px-Mother_manatee_and_calf-300x197.jpg 300w, https:\/\/alles-ueber-riffe.de\/wp-content\/uploads\/2025\/03\/2560px-Mother_manatee_and_calf-1024x673.jpg 1024w, https:\/\/alles-ueber-riffe.de\/wp-content\/uploads\/2025\/03\/2560px-Mother_manatee_and_calf-768x505.jpg 768w, https:\/\/alles-ueber-riffe.de\/wp-content\/uploads\/2025\/03\/2560px-Mother_manatee_and_calf-1536x1010.jpg 1536w, https:\/\/alles-ueber-riffe.de\/wp-content\/uploads\/2025\/03\/2560px-Mother_manatee_and_calf-2048x1346.jpg 2048w\" sizes=\"auto, (max-width: 767px) 89vw, (max-width: 1000px) 54vw, (max-width: 1071px) 543px, 580px\" \/><figcaption class=\"wp-element-caption\">Weibchen mit seinem Jungen \u00a9 Sam Farkas (NOAA Photo Library)<\/figcaption><\/figure>\n\n\n\n<hr class=\"wp-block-separator has-alpha-channel-opacity is-style-default\"\/>\n\n\n\n<p><strong>Gr\u00f6\u00dfe: <\/strong> bis 4,60 m<\/p>\n\n\n\n<p><strong>Lebensraum:<\/strong> flache Buchten mit Seegraswiesen<\/p>\n\n\n\n<p><strong>Vorkommen:  <\/strong>Golf von Mexiko, Karibik und weiter s\u00fcdlich an der K\u00fcste von Venezuela und Brasilien<\/p>\n\n\n\n<p><strong>Erkennungsmerkmale:<\/strong> zylindrischer massiver K\u00f6rper, Schwanzflosse rund<\/p>\n\n\n\n<p><strong>Biologie &amp; Verhalten: <\/strong> Die Manatis fressen den ganzen Tag. Bis zu 25% ihres K\u00f6rpergewichtes nehmen sie t\u00e4glich an pflanzlicher Nahrung auf. Die gr\u00f6\u00dfte Population mit mehreren tausend Tieren lebt in Guyana. In Florida leben ebenfalls etwa 6000 Tiere. Wurden Manatis fr\u00fcher gejagt, so stehen sie heute unter strengem Schutz. Trotzdem gibt es viele Gefahren, z.B. durch die Schiffsschrauben der Boote.Manatis werden mit etwa drei Jahren geschlechtsreif. Die Tragzeit betr\u00e4gt etwa 12 Monate. Bis zu zwei Jahre werden die Jungen ges\u00e4ugt. Manatis k\u00f6nnen \u00fcber 50 Jahre alt\u00a0<\/p>\n\n\n\n<p><strong>Bedrohungsstatus:<\/strong> Die Art wird auf der Roten Liste der IUCN als <mark style=\"background-color:rgba(0, 0, 0, 0)\" class=\"has-inline-color has-vivid-red-color\">\u201e gef\u00e4hrdet\u201c<\/mark> gef\u00fchrt.<\/p>\n\n\n\n<hr class=\"wp-block-separator has-alpha-channel-opacity is-style-default\"\/>\n\n\n\n<p><\/p>\n","protected":false},"excerpt":{"rendered":"<p>Karibik manati West Indian manatee Trichechus manatus Gr\u00f6\u00dfe: bis 4,60 m Lebensraum: flache Buchten mit Seegraswiesen Vorkommen: Golf von Mexiko, Karibik und weiter s\u00fcdlich an der K\u00fcste von Venezuela und Brasilien Erkennungsmerkmale: zylindrischer massiver K\u00f6rper, Schwanzflosse rund Biologie &amp; Verhalten: Die Manatis fressen den ganzen Tag. Bis zu 25% ihres K\u00f6rpergewichtes nehmen sie t\u00e4glich an &hellip; <\/p>\n<p class=\"link-more\"><a href=\"https:\/\/alles-ueber-riffe.de\/?page_id=10803\" class=\"more-link\"><span class=\"screen-reader-text\">\u201eKaribik-Manati\u201c<\/span> weiterlesen<\/a><\/p>\n","protected":false},"author":1,"featured_media":0,"parent":0,"menu_order":0,"comment_status":"closed","ping_status":"closed","template":"","meta":{"footnotes":""},"class_list":["post-10803","page","type-page","status-publish","hentry"],"_links":{"self":[{"href":"https:\/\/alles-ueber-riffe.de\/index.php?rest_route=\/wp\/v2\/pages\/10803","targetHints":{"allow":["GET"]}}],"collection":[{"href":"https:\/\/alles-ueber-riffe.de\/index.php?rest_route=\/wp\/v2\/pages"}],"about":[{"href":"https:\/\/alles-ueber-riffe.de\/index.php?rest_route=\/wp\/v2\/types\/page"}],"author":[{"embeddable":true,"href":"https:\/\/alles-ueber-riffe.de\/index.php?rest_route=\/wp\/v2\/users\/1"}],"replies":[{"embeddable":true,"href":"https:\/\/alles-ueber-riffe.de\/index.php?rest_route=%2Fwp%2Fv2%2Fcomments&post=10803"}],"version-history":[{"count":4,"href":"https:\/\/alles-ueber-riffe.de\/index.php?rest_route=\/wp\/v2\/pages\/10803\/revisions"}],"predecessor-version":[{"id":10869,"href":"https:\/\/alles-ueber-riffe.de\/index.php?rest_route=\/wp\/v2\/pages\/10803\/revisions\/10869"}],"wp:attachment":[{"href":"https:\/\/alles-ueber-riffe.de\/index.php?rest_route=%2Fwp%2Fv2%2Fmedia&parent=10803"}],"curies":[{"name":"wp","href":"https:\/\/api.w.org\/{rel}","templated":true}]}}