{"id":10801,"date":"2025-03-13T20:45:52","date_gmt":"2025-03-13T20:45:52","guid":{"rendered":"https:\/\/alles-ueber-riffe.de\/?page_id=10801"},"modified":"2025-03-13T21:46:53","modified_gmt":"2025-03-13T21:46:53","slug":"dugong","status":"publish","type":"page","link":"https:\/\/alles-ueber-riffe.de\/?page_id=10801","title":{"rendered":"GabelschwanzseekuhDugong"},"content":{"rendered":"\n<div class=\"wp-block-group is-vertical is-layout-flex wp-container-core-group-is-layout-8cf370e7 wp-block-group-is-layout-flex\">\n<p><strong>Gabelschwanzseekuh<\/strong><\/p>\n\n\n\n<p>Dugong<\/p>\n\n\n\n<p><em>Dugong dugon<\/em><\/p>\n<\/div>\n\n\n\n<div style=\"height:30px\" aria-hidden=\"true\" class=\"wp-block-spacer\"><\/div>\n\n\n\n<figure class=\"wp-block-image size-full\"><img loading=\"lazy\" decoding=\"async\" width=\"2560\" height=\"1828\" src=\"https:\/\/alles-ueber-riffe.de\/wp-content\/uploads\/2025\/03\/50306-scaled.jpg\" alt=\"\" class=\"wp-image-10858\" srcset=\"https:\/\/alles-ueber-riffe.de\/wp-content\/uploads\/2025\/03\/50306-scaled.jpg 2560w, https:\/\/alles-ueber-riffe.de\/wp-content\/uploads\/2025\/03\/50306-300x214.jpg 300w, https:\/\/alles-ueber-riffe.de\/wp-content\/uploads\/2025\/03\/50306-1024x731.jpg 1024w, https:\/\/alles-ueber-riffe.de\/wp-content\/uploads\/2025\/03\/50306-768x548.jpg 768w, https:\/\/alles-ueber-riffe.de\/wp-content\/uploads\/2025\/03\/50306-1536x1097.jpg 1536w, https:\/\/alles-ueber-riffe.de\/wp-content\/uploads\/2025\/03\/50306-2048x1463.jpg 2048w\" sizes=\"auto, (max-width: 767px) 89vw, (max-width: 1000px) 54vw, (max-width: 1071px) 543px, 580px\" \/><figcaption class=\"wp-element-caption\">\u00a9 Heinz Krimmer<\/figcaption><\/figure>\n\n\n\n<hr class=\"wp-block-separator has-alpha-channel-opacity is-style-default\"\/>\n\n\n\n<p><strong>Gr\u00f6\u00dfe: <\/strong> bis 4,00 m<\/p>\n\n\n\n<p><strong>Lebensraum:<\/strong> gelegentlich in Korallenriffen;  \u00fcberwiegend in flachen Buchten mit Seegraswiesen<\/p>\n\n\n\n<p><strong>Vorkommen:  <\/strong>Ostafrika, Rotes Meer, Persischer Golf, Philippinen, Nordaustralien, Ozeanien bis Vanuatu<\/p>\n\n\n\n<p><strong>Erkennungsmerkmale:<\/strong> zylindrischer massiver K\u00f6rper, Schwanzflosse gegabelt und \u00e4hnlich einem Delfin<\/p>\n\n\n\n<p><strong>Biologie &amp; Verhalten: <\/strong> Mit einem Dugong zu tauchen ist ein einmaliges, aber leider sehr seltenes Erlebnis.<\/p>\n\n\n\n<p>Richtig komisch ist es, die M\u00e4nnchen beim Werben um die Weibchen zu beobachten. Man kann es kaum glauben, aber diese massigen, runden Tiere macht Sit-ups und sto\u00dfen Lockrufe aus.<\/p>\n\n\n\n<p>Dugongs kann man noch im S\u00fcden \u00c4gyptens, auf den Philippinen und in Australien begegnen. In Australien lebt auch eine der letzten, noch \u00fcberlebensf\u00e4higen Populationen mit insgesamt ca. 70.000 Tieren. Eine gro\u00dfe Gruppe von ca. 7000 Tieren lebt auch im Arabischen Golf, w\u00e4hrend sie im Roten Meer nur noch einzeln oder zu zweit gesehen wurden. Ob die in der N\u00e4he von Palawan (Philippinen) existierende Population gro\u00df genug ist, um \u00fcberleben zu k\u00f6nnen ist fraglich.Dass diese gro\u00dfen Tiere so massiv bedroht sind, hat verschiedene Ursachen:&nbsp;&nbsp;Weibchen werden erst nach 10 Jahren geschlechtsreif und geb\u00e4ren nach ca.12-13 Monaten ein einziges Junges. Dieses lebt ca. zwei Jahre bei der Mutter, so dass die n\u00e4chste Schwangerschaft fr\u00fchestens nach drei Jahren wieder erfolgt. Das ist eine sehr niedrige Geburtsrate. Leider sind Seek\u00fche auch sehr leicht zu jagen und auch ihr Fleisch schmeckt angeblich sehr gut. Die gr\u00f6\u00dfte aktuelle Bedrohung besteht aber im immer knapper werdenden Lebensraum. In \u00c4gypten konnte man das sehr gut beobachten. Immer mehr Seegraswiesen fallen der Bebauung der K\u00fcsten zum Opfer.<\/p>\n\n\n\n<p>Entgegen der Beschreibung in Jules Verne`s ber\u00fchmten Roman \u201e20.000 Meilen unter dem Meer\u201c sind Seek\u00fche nicht aggressiv. Sie sind friedliche und scheue Pflanzenfresser, die mit Vorliebe die Wurzeln von Seegr\u00e4sern fressen.<\/p>\n\n\n\n<p><strong>Bedrohungsstatus:<\/strong> Die Art wird auf der Roten Liste der IUCN als <mark style=\"background-color:rgba(0, 0, 0, 0)\" class=\"has-inline-color has-vivid-red-color\">\u201egef\u00e4hrdet\u201c <\/mark>gef\u00fchrt.<\/p>\n\n\n\n<hr class=\"wp-block-separator has-alpha-channel-opacity is-style-default\"\/>\n\n\n\n<p><\/p>\n","protected":false},"excerpt":{"rendered":"<p>Gabelschwanzseekuh Dugong Dugong dugon Gr\u00f6\u00dfe: bis 4,00 m Lebensraum: gelegentlich in Korallenriffen; \u00fcberwiegend in flachen Buchten mit Seegraswiesen Vorkommen: Ostafrika, Rotes Meer, Persischer Golf, Philippinen, Nordaustralien, Ozeanien bis Vanuatu Erkennungsmerkmale: zylindrischer massiver K\u00f6rper, Schwanzflosse gegabelt und \u00e4hnlich einem Delfin Biologie &amp; Verhalten: Mit einem Dugong zu tauchen ist ein einmaliges, aber leider sehr seltenes Erlebnis. &hellip; <\/p>\n<p class=\"link-more\"><a href=\"https:\/\/alles-ueber-riffe.de\/?page_id=10801\" class=\"more-link\"><span class=\"screen-reader-text\">\u201eGabelschwanzseekuhDugong\u201c<\/span> weiterlesen<\/a><\/p>\n","protected":false},"author":1,"featured_media":0,"parent":0,"menu_order":0,"comment_status":"closed","ping_status":"closed","template":"","meta":{"footnotes":""},"class_list":["post-10801","page","type-page","status-publish","hentry"],"_links":{"self":[{"href":"https:\/\/alles-ueber-riffe.de\/index.php?rest_route=\/wp\/v2\/pages\/10801","targetHints":{"allow":["GET"]}}],"collection":[{"href":"https:\/\/alles-ueber-riffe.de\/index.php?rest_route=\/wp\/v2\/pages"}],"about":[{"href":"https:\/\/alles-ueber-riffe.de\/index.php?rest_route=\/wp\/v2\/types\/page"}],"author":[{"embeddable":true,"href":"https:\/\/alles-ueber-riffe.de\/index.php?rest_route=\/wp\/v2\/users\/1"}],"replies":[{"embeddable":true,"href":"https:\/\/alles-ueber-riffe.de\/index.php?rest_route=%2Fwp%2Fv2%2Fcomments&post=10801"}],"version-history":[{"count":3,"href":"https:\/\/alles-ueber-riffe.de\/index.php?rest_route=\/wp\/v2\/pages\/10801\/revisions"}],"predecessor-version":[{"id":10860,"href":"https:\/\/alles-ueber-riffe.de\/index.php?rest_route=\/wp\/v2\/pages\/10801\/revisions\/10860"}],"wp:attachment":[{"href":"https:\/\/alles-ueber-riffe.de\/index.php?rest_route=%2Fwp%2Fv2%2Fmedia&parent=10801"}],"curies":[{"name":"wp","href":"https:\/\/api.w.org\/{rel}","templated":true}]}}