{"id":10799,"date":"2025-03-13T20:45:39","date_gmt":"2025-03-13T20:45:39","guid":{"rendered":"https:\/\/alles-ueber-riffe.de\/?page_id=10799"},"modified":"2025-03-13T21:40:49","modified_gmt":"2025-03-13T21:40:49","slug":"spinnerdelfin","status":"publish","type":"page","link":"https:\/\/alles-ueber-riffe.de\/?page_id=10799","title":{"rendered":"Spinnerdelfin"},"content":{"rendered":"\n<div class=\"wp-block-group is-vertical is-layout-flex wp-container-core-group-is-layout-8cf370e7 wp-block-group-is-layout-flex\">\n<p><strong>Spinnerdelfin<\/strong><\/p>\n\n\n\n<p>Spinner dolphin<\/p>\n\n\n\n<p><em>Stenella longirostris<\/em><\/p>\n<\/div>\n\n\n\n<div style=\"height:30px\" aria-hidden=\"true\" class=\"wp-block-spacer\"><\/div>\n\n\n\n<figure class=\"wp-block-image size-full\"><img loading=\"lazy\" decoding=\"async\" width=\"1024\" height=\"768\" src=\"https:\/\/alles-ueber-riffe.de\/wp-content\/uploads\/2025\/03\/Spinnerdelfin_1024x768.jpg\" alt=\"\" class=\"wp-image-10852\" srcset=\"https:\/\/alles-ueber-riffe.de\/wp-content\/uploads\/2025\/03\/Spinnerdelfin_1024x768.jpg 1024w, https:\/\/alles-ueber-riffe.de\/wp-content\/uploads\/2025\/03\/Spinnerdelfin_1024x768-300x225.jpg 300w, https:\/\/alles-ueber-riffe.de\/wp-content\/uploads\/2025\/03\/Spinnerdelfin_1024x768-768x576.jpg 768w\" sizes=\"auto, (max-width: 767px) 89vw, (max-width: 1000px) 54vw, (max-width: 1071px) 543px, 580px\" \/><figcaption class=\"wp-element-caption\">\u00a9 Antje R\u00f6ssner<\/figcaption><\/figure>\n\n\n\n<hr class=\"wp-block-separator has-alpha-channel-opacity is-style-default\"\/>\n\n\n\n<p><strong>Gr\u00f6\u00dfe: <\/strong> bis 34 cm<\/p>\n\n\n\n<p><strong>Lebensraum:<\/strong> k\u00fcstennah; kommt gerne in Lagunen und Buchten<\/p>\n\n\n\n<p><strong>Vorkommen:  <\/strong>alle subtropischen und tropischen Ozeane<\/p>\n\n\n\n<p><strong>Erkennungsmerkmale:<\/strong> Schlanker Delfin, R\u00fccken graubraun, Seiten halb graubraun, halb wei\u00df bis hellgrau. Die Farbgrenze ist sehr deutlich zu sehen und bildet eine Linie.<\/p>\n\n\n\n<p><strong>Biologie &amp; Verhalten: <\/strong> Spinnerdelfine auch Ostpazifische Delfine genannt,&nbsp;&nbsp;sind die Akrobaten unter den Delfinen. Gerne begleiten sie Schiffe oder vollf\u00fchren Luftspr\u00fcnge, bei denen sie sich wie ein Bohrer bis zu 14 mal um die eigene Achse drehen. Daher auch der Name, denn \u201eto spin\u201c&nbsp;&nbsp;bedeutet im englischen \u201ebohren\u201c. Warum sie diese akrobatischen Spr\u00fcnge vollf\u00fchren, konnte bisher nicht gekl\u00e4rt werden. Vielleicht ist der Grund auch einfach nur Spa\u00df und Lebensfreude, die Delfine als hochentwickelte S\u00e4ugetiere empfinden k\u00f6nnen.<\/p>\n\n\n\n<p>Spinnerdelfine bilden gro\u00dfe Gruppen von bis zu \u00fcber 1000 Tieren. H\u00e4ufig vorkommender und gesehener Delfin.<\/p>\n\n\n\n<p><strong>Bedrohungsstatus:<\/strong> Die Art wird auf der Roten Liste der IUCN als <mark style=\"background-color:rgba(0, 0, 0, 0)\" class=\"has-inline-color has-vivid-green-cyan-color\">\u201enicht gef\u00e4hrdet\u201c<\/mark> gef\u00fchrt.<\/p>\n\n\n\n<hr class=\"wp-block-separator has-alpha-channel-opacity is-style-default\"\/>\n\n\n\n<p><\/p>\n","protected":false},"excerpt":{"rendered":"<p>Spinnerdelfin Spinner dolphin Stenella longirostris Gr\u00f6\u00dfe: bis 34 cm Lebensraum: k\u00fcstennah; kommt gerne in Lagunen und Buchten Vorkommen: alle subtropischen und tropischen Ozeane Erkennungsmerkmale: Schlanker Delfin, R\u00fccken graubraun, Seiten halb graubraun, halb wei\u00df bis hellgrau. Die Farbgrenze ist sehr deutlich zu sehen und bildet eine Linie. Biologie &amp; Verhalten: Spinnerdelfine auch Ostpazifische Delfine genannt,&nbsp;&nbsp;sind die &hellip; <\/p>\n<p class=\"link-more\"><a href=\"https:\/\/alles-ueber-riffe.de\/?page_id=10799\" class=\"more-link\"><span class=\"screen-reader-text\">\u201eSpinnerdelfin\u201c<\/span> weiterlesen<\/a><\/p>\n","protected":false},"author":1,"featured_media":0,"parent":0,"menu_order":0,"comment_status":"closed","ping_status":"closed","template":"","meta":{"footnotes":""},"class_list":["post-10799","page","type-page","status-publish","hentry"],"_links":{"self":[{"href":"https:\/\/alles-ueber-riffe.de\/index.php?rest_route=\/wp\/v2\/pages\/10799","targetHints":{"allow":["GET"]}}],"collection":[{"href":"https:\/\/alles-ueber-riffe.de\/index.php?rest_route=\/wp\/v2\/pages"}],"about":[{"href":"https:\/\/alles-ueber-riffe.de\/index.php?rest_route=\/wp\/v2\/types\/page"}],"author":[{"embeddable":true,"href":"https:\/\/alles-ueber-riffe.de\/index.php?rest_route=\/wp\/v2\/users\/1"}],"replies":[{"embeddable":true,"href":"https:\/\/alles-ueber-riffe.de\/index.php?rest_route=%2Fwp%2Fv2%2Fcomments&post=10799"}],"version-history":[{"count":6,"href":"https:\/\/alles-ueber-riffe.de\/index.php?rest_route=\/wp\/v2\/pages\/10799\/revisions"}],"predecessor-version":[{"id":10854,"href":"https:\/\/alles-ueber-riffe.de\/index.php?rest_route=\/wp\/v2\/pages\/10799\/revisions\/10854"}],"wp:attachment":[{"href":"https:\/\/alles-ueber-riffe.de\/index.php?rest_route=%2Fwp%2Fv2%2Fmedia&parent=10799"}],"curies":[{"name":"wp","href":"https:\/\/api.w.org\/{rel}","templated":true}]}}