{"id":10797,"date":"2025-03-13T20:45:21","date_gmt":"2025-03-13T20:45:21","guid":{"rendered":"https:\/\/alles-ueber-riffe.de\/?page_id=10797"},"modified":"2025-03-13T21:35:48","modified_gmt":"2025-03-13T21:35:48","slug":"rundkopf-delfin","status":"publish","type":"page","link":"https:\/\/alles-ueber-riffe.de\/?page_id=10797","title":{"rendered":"Rundkopf Delfin"},"content":{"rendered":"\n<div class=\"wp-block-group is-vertical is-layout-flex wp-container-core-group-is-layout-8cf370e7 wp-block-group-is-layout-flex\">\n<p><strong>Rissodelfin<\/strong><\/p>\n\n\n\n<p>Risso`s dolphin<\/p>\n\n\n\n<p><em>Grampus griseus<\/em><\/p>\n<\/div>\n\n\n\n<div style=\"height:30px\" aria-hidden=\"true\" class=\"wp-block-spacer\"><\/div>\n\n\n\n<figure class=\"wp-block-image size-full\"><img loading=\"lazy\" decoding=\"async\" width=\"1024\" height=\"768\" src=\"https:\/\/alles-ueber-riffe.de\/wp-content\/uploads\/2025\/03\/Rissodelfin_1024x768.jpg\" alt=\"\" class=\"wp-image-10843\" srcset=\"https:\/\/alles-ueber-riffe.de\/wp-content\/uploads\/2025\/03\/Rissodelfin_1024x768.jpg 1024w, https:\/\/alles-ueber-riffe.de\/wp-content\/uploads\/2025\/03\/Rissodelfin_1024x768-300x225.jpg 300w, https:\/\/alles-ueber-riffe.de\/wp-content\/uploads\/2025\/03\/Rissodelfin_1024x768-768x576.jpg 768w\" sizes=\"auto, (max-width: 767px) 89vw, (max-width: 1000px) 54vw, (max-width: 1071px) 543px, 580px\" \/><figcaption class=\"wp-element-caption\">\u00a9 Heinz Krimmer<\/figcaption><\/figure>\n\n\n\n<hr class=\"wp-block-separator has-alpha-channel-opacity is-style-default\"\/>\n\n\n\n<p><strong>Gr\u00f6\u00dfe: <\/strong> bis 4 m<\/p>\n\n\n\n<p><strong>Lebensraum:<\/strong> Freiwasser, aber auch manchmal in der N\u00e4he von tief abfallenden Steilw\u00e4nden zu finden wie z.B. in der Stra\u00dfe von Tiran.<\/p>\n\n\n\n<p><strong>Vorkommen:  <\/strong>alle subtropischen und tropischen Ozeane<\/p>\n\n\n\n<p><strong>Erkennungsmerkmale:<\/strong> ausgepr\u00e4gte Melone, \u00e4ltere Tiere sehr hell bis fast wei\u00df, mit zahlreichen Schrammen und Narben<\/p>\n\n\n\n<p><strong>Biologie &amp; Verhalten: <\/strong> Der Rundkopfdelfin sieht ein wenig aus wie sein Verwandter aus kalten Gew\u00e4ssern: Dem Beluga oder Wei\u00dfwal. Die F\u00e4rbung ist sehr variabel. J\u00fcngere Tiere sind eher dunkel, \u00e4ltere Tiere fast wei\u00df. Er schwimmt auch gerne am Bug von Schiffen.<\/p>\n\n\n\n<p>Rundkopfdelfine fressen \u00fcberwiegend Kopff\u00fc\u00dfer&nbsp;<em>(<\/em><em>Cephalopoda)&nbsp;<\/em>und nach Untersuchungen des Mageninhaltes fast alle Arten.<em>&nbsp;<\/em>Bei der Jagd in der Tiefe wird Echoortung eingesetzt.&nbsp;<\/p>\n\n\n\n<p>Vermutlich werden sie erst mit etwa 13 Jahren geschlechtsreif. Die Tragzeit ist mit 13-14 Monaten lange und die jungen Delfine sind bei der Geburt schon 1,20 \u2013 1,50 m gro\u00df. Wie alt diese Tiere werden k\u00f6nnen ist bisher nicht bekannt.<\/p>\n\n\n\n<p><\/p>\n\n\n\n<p><strong>Bedrohungsstatus:<\/strong> Die Art wird auf der Roten Liste der IUCN als <mark style=\"background-color:rgba(0, 0, 0, 0)\" class=\"has-inline-color has-vivid-green-cyan-color\">\u201enicht gef\u00e4hrdet\u201c<\/mark> gef\u00fchrt.<\/p>\n\n\n\n<hr class=\"wp-block-separator has-alpha-channel-opacity is-style-default\"\/>\n\n\n\n<p><\/p>\n","protected":false},"excerpt":{"rendered":"<p>Rissodelfin Risso`s dolphin Grampus griseus Gr\u00f6\u00dfe: bis 4 m Lebensraum: Freiwasser, aber auch manchmal in der N\u00e4he von tief abfallenden Steilw\u00e4nden zu finden wie z.B. in der Stra\u00dfe von Tiran. Vorkommen: alle subtropischen und tropischen Ozeane Erkennungsmerkmale: ausgepr\u00e4gte Melone, \u00e4ltere Tiere sehr hell bis fast wei\u00df, mit zahlreichen Schrammen und Narben Biologie &amp; Verhalten: Der &hellip; <\/p>\n<p class=\"link-more\"><a href=\"https:\/\/alles-ueber-riffe.de\/?page_id=10797\" class=\"more-link\"><span class=\"screen-reader-text\">\u201eRundkopf Delfin\u201c<\/span> weiterlesen<\/a><\/p>\n","protected":false},"author":1,"featured_media":0,"parent":0,"menu_order":0,"comment_status":"closed","ping_status":"closed","template":"","meta":{"footnotes":""},"class_list":["post-10797","page","type-page","status-publish","hentry"],"_links":{"self":[{"href":"https:\/\/alles-ueber-riffe.de\/index.php?rest_route=\/wp\/v2\/pages\/10797","targetHints":{"allow":["GET"]}}],"collection":[{"href":"https:\/\/alles-ueber-riffe.de\/index.php?rest_route=\/wp\/v2\/pages"}],"about":[{"href":"https:\/\/alles-ueber-riffe.de\/index.php?rest_route=\/wp\/v2\/types\/page"}],"author":[{"embeddable":true,"href":"https:\/\/alles-ueber-riffe.de\/index.php?rest_route=\/wp\/v2\/users\/1"}],"replies":[{"embeddable":true,"href":"https:\/\/alles-ueber-riffe.de\/index.php?rest_route=%2Fwp%2Fv2%2Fcomments&post=10797"}],"version-history":[{"count":5,"href":"https:\/\/alles-ueber-riffe.de\/index.php?rest_route=\/wp\/v2\/pages\/10797\/revisions"}],"predecessor-version":[{"id":10847,"href":"https:\/\/alles-ueber-riffe.de\/index.php?rest_route=\/wp\/v2\/pages\/10797\/revisions\/10847"}],"wp:attachment":[{"href":"https:\/\/alles-ueber-riffe.de\/index.php?rest_route=%2Fwp%2Fv2%2Fmedia&parent=10797"}],"curies":[{"name":"wp","href":"https:\/\/api.w.org\/{rel}","templated":true}]}}