{"id":10793,"date":"2025-03-13T20:44:52","date_gmt":"2025-03-13T20:44:52","guid":{"rendered":"https:\/\/alles-ueber-riffe.de\/?page_id=10793"},"modified":"2025-03-13T21:19:24","modified_gmt":"2025-03-13T21:19:24","slug":"indopazifischer-grosser-tuemmler","status":"publish","type":"page","link":"https:\/\/alles-ueber-riffe.de\/?page_id=10793","title":{"rendered":"Indopazifischer Gro\u00dfer T\u00fcmmler"},"content":{"rendered":"\n<div class=\"wp-block-group is-vertical is-layout-flex wp-container-core-group-is-layout-8cf370e7 wp-block-group-is-layout-flex\">\n<p><strong>I<\/strong><strong>ndopazifischer Gro\u00dfer T\u00fcmmler<\/strong><\/p>\n\n\n\n<p>Indo-Pacific bottlenose dolphin<\/p>\n\n\n\n<p><em>Tursiops aduncus<\/em><\/p>\n<\/div>\n\n\n\n<div style=\"height:30px\" aria-hidden=\"true\" class=\"wp-block-spacer\"><\/div>\n\n\n\n<figure class=\"wp-block-video\"><video height=\"576\" style=\"aspect-ratio: 1024 \/ 576;\" width=\"1024\" controls src=\"https:\/\/alles-ueber-riffe.de\/wp-content\/uploads\/2025\/03\/Indopazifischer_grosser_tuemmler_1024_576.mp4\"><\/video><figcaption class=\"wp-element-caption\">\u00a9 Heinz Krimmer<\/figcaption><\/figure>\n\n\n\n<hr class=\"wp-block-separator has-alpha-channel-opacity is-style-default\"\/>\n\n\n\n<p><strong>Gr\u00f6\u00dfe: <\/strong> bis 2,60 m<\/p>\n\n\n\n<p><strong>Lebensraum:<\/strong> alle Habitate in K\u00fcstenn\u00e4he<\/p>\n\n\n\n<p><strong>Vorkommen:  <\/strong>Ostafrika, Rotes Meer, arabischer Golf, Malediven, Indien, S\u00fcdjapan, ganz S\u00fcdostasien, Nordaustralien, Papua-Neuguinea, Ozeanien bis Fidschi<\/p>\n\n\n\n<p><strong>Erkennungsmerkmale:<\/strong> einheitliche graue bis graubraune F\u00e4rbung; Bauch wei\u00df mit kleinen dunklen Flecken<\/p>\n\n\n\n<p><strong>Biologie &amp; Verhalten: <\/strong> Die Schweizer Biologin Angela Ziltener forscht seit \u00fcber 10 Jahren an freilebenden Indopazifischen Gro\u00dfen T\u00fcmmlern in Hurghada (\u00c4gypten). Das Forschungsprojekt ist weltweit einmalig, da es unter Wasser in der nat\u00fcrlichen Umgebung stattfindet und die tauchenden Biologen von den Delfinen akzeptiert werden. N\u00e4her kann man den Tieren nicht kommen und neue Erkenntnisse k\u00f6nnen so vom Verhalten der Tiere gewonnen werden. Angela Ziltener hat das Projekt zusammen mit Michael Stadermann von der SWDF gegr\u00fcndet.\u00a0\u00a0Weitere Infos:\u00a0<a href=\"http:\/\/www.dolphinwatchalliance.org\/\">www.dolphinwatchalliance.org<\/a><\/p>\n\n\n\n<p>Ein anderes Forschungsprojekt findet seit 30 Jahren in Nordaustralien statt. Doch im Gegensatz zu \u00c4gypten beobachten und arbeiten die Biologen \u00fcberwiegend von der Wasseroberfl\u00e4che aus.<\/p>\n\n\n\n<p>Fr\u00fcher dachte man, der Indopazifische Gro\u00dfe T\u00fcmmler (Tursiops aduncus) sei die selbe Art wie der Gro\u00dfe T\u00fcmmler (Tursiops truncatus), der als Hauptdarsteller der Fernsehserie \u201eFlipper\u201c, die Herzen der Menschen eroberte. Heute gehen manche Biologen von zwei getrennten Arten aus, andere betrachten den Indopazifischen Gro\u00dfen T\u00fcmmler als Unterart des Gro\u00dfen T\u00fcmmlers.<\/p>\n\n\n\n<p>Der Gro\u00dfe T\u00fcmmler tritt weltweit und im Gegensatz zum Indopazifischen Gro\u00dfen T\u00fcmmler auch pelagisch auf.&nbsp;&nbsp;Er wird mit bis zu 4 m deutlich gr\u00f6\u00dfer, hat eine gr\u00f6\u00dfere Melone und weniger Z\u00e4hne. In ihren erstaunlichen F\u00e4higkeiten sind sie sich jedoch sehr \u00e4hnlich.<\/p>\n\n\n\n<p>Sie gelten als die intelligentesten Meereslebewesen, die wir kennen und ihre F\u00e4higkeiten kommen schon sehr nahe an die der Menschen heran. Sie lernen schnell Kunstst\u00fccke, k\u00f6nnen mit Artgenossen und Menschen kommunizieren und l\u00f6sen selbstst\u00e4ndig komplexe Probleme. Auch konnten Wissenschaftler den Gebrauch von Werkzeugen und die Weitergabe dieser F\u00e4higkeit feststellen. Sie haben ein Bewusstsein f\u00fcr ihr eigenes ich und das anderer Artgenossen. Sie geben sich Namen und k\u00f6nnen sich \u00fcber sich und andere unterhalten. Sie empfinden Freude, Mitgef\u00fchl und Trauer. Sie handeln strategisch und vorausschauend, so als h\u00e4tten sie wie wir ein Gef\u00fchl von Raum und Zeit. Sie k\u00f6nnen selbstlos handeln und Artgenossen wie Artfremden helfen.&nbsp;Unser Bild von diesem Tier ist durchweg positiv.<\/p>\n\n\n\n<p>Doch das t\u00e4uscht, denn wie wir Menschen haben auch Delfine eine dunkle Seite. Delfingruppen \u00fcberfallen sich oder andere Arten, k\u00e4mpfen, vergewaltigen, verletzen, kidnappen und t\u00f6ten.&nbsp;&nbsp;Manchmal, aber sehr selten, machen sie auch vor Menschen nicht halt und das nicht nur unter Stress in Gefangenschaft. Auch in freier Wildbahn sind zahlreiche Attacken auf Menschen dokumentiert, darunter auch Vergewaltigungsversuche.<\/p>\n\n\n\n<p>Den Indopazifischen Gro\u00dfen T\u00fcmmler sieht man meistens in kleineren Schulen mit bis zu 20 Tieren.<\/p>\n\n\n\n<p><strong>Bedrohungsstatus:<\/strong> Die Art wird auf der Roten Liste der IUCN als <mark style=\"background-color:rgba(0, 0, 0, 0)\" class=\"has-inline-color has-vivid-green-cyan-color\">\u201enicht gef\u00e4hrdet\u201c<\/mark> gef\u00fchrt.<\/p>\n\n\n\n<hr class=\"wp-block-separator has-alpha-channel-opacity is-style-default\"\/>\n\n\n\n<p><\/p>\n","protected":false},"excerpt":{"rendered":"<p>Indopazifischer Gro\u00dfer T\u00fcmmler Indo-Pacific bottlenose dolphin Tursiops aduncus Gr\u00f6\u00dfe: bis 2,60 m Lebensraum: alle Habitate in K\u00fcstenn\u00e4he Vorkommen: Ostafrika, Rotes Meer, arabischer Golf, Malediven, Indien, S\u00fcdjapan, ganz S\u00fcdostasien, Nordaustralien, Papua-Neuguinea, Ozeanien bis Fidschi Erkennungsmerkmale: einheitliche graue bis graubraune F\u00e4rbung; Bauch wei\u00df mit kleinen dunklen Flecken Biologie &amp; Verhalten: Die Schweizer Biologin Angela Ziltener forscht seit &hellip; <\/p>\n<p class=\"link-more\"><a href=\"https:\/\/alles-ueber-riffe.de\/?page_id=10793\" class=\"more-link\"><span class=\"screen-reader-text\">\u201eIndopazifischer Gro\u00dfer T\u00fcmmler\u201c<\/span> weiterlesen<\/a><\/p>\n","protected":false},"author":1,"featured_media":0,"parent":0,"menu_order":0,"comment_status":"closed","ping_status":"closed","template":"","meta":{"footnotes":""},"class_list":["post-10793","page","type-page","status-publish","hentry"],"_links":{"self":[{"href":"https:\/\/alles-ueber-riffe.de\/index.php?rest_route=\/wp\/v2\/pages\/10793","targetHints":{"allow":["GET"]}}],"collection":[{"href":"https:\/\/alles-ueber-riffe.de\/index.php?rest_route=\/wp\/v2\/pages"}],"about":[{"href":"https:\/\/alles-ueber-riffe.de\/index.php?rest_route=\/wp\/v2\/types\/page"}],"author":[{"embeddable":true,"href":"https:\/\/alles-ueber-riffe.de\/index.php?rest_route=\/wp\/v2\/users\/1"}],"replies":[{"embeddable":true,"href":"https:\/\/alles-ueber-riffe.de\/index.php?rest_route=%2Fwp%2Fv2%2Fcomments&post=10793"}],"version-history":[{"count":4,"href":"https:\/\/alles-ueber-riffe.de\/index.php?rest_route=\/wp\/v2\/pages\/10793\/revisions"}],"predecessor-version":[{"id":10834,"href":"https:\/\/alles-ueber-riffe.de\/index.php?rest_route=\/wp\/v2\/pages\/10793\/revisions\/10834"}],"wp:attachment":[{"href":"https:\/\/alles-ueber-riffe.de\/index.php?rest_route=%2Fwp%2Fv2%2Fmedia&parent=10793"}],"curies":[{"name":"wp","href":"https:\/\/api.w.org\/{rel}","templated":true}]}}